{"id":7685,"date":"2024-09-15T18:28:18","date_gmt":"2024-09-15T17:28:18","guid":{"rendered":"http:\/\/aventuriersdelamer.fr\/?page_id=7685"},"modified":"2024-09-15T18:28:18","modified_gmt":"2024-09-15T17:28:18","slug":"les-femmes-et-la-mer-24","status":"publish","type":"page","link":"https:\/\/aventuriersdelamer.fr\/index.php\/les-femmes-et-la-mer-24\/","title":{"rendered":"Les femmes et la mer"},"content":{"rendered":"<div id=\"pl-7685\"  class=\"panel-layout\" ><div id=\"pg-7685-0\"  class=\"panel-grid panel-no-style\" ><div id=\"pgc-7685-0-0\"  class=\"panel-grid-cell\" ><div id=\"panel-7685-0-0-0\" class=\"so-panel widget widget_sow-editor panel-first-child\" data-index=\"0\" ><div\n\t\t\t\n\t\t\tclass=\"so-widget-sow-editor so-widget-sow-editor-base\"\n\t\t\t\n\t\t>\n<div class=\"siteorigin-widget-tinymce textwidget\">\n\t<p><span style=\"color: #008080;\"><em>Le Festival s\u2019associe \u00e0 nouveau \u00abWomen of the seas\u00bb pour mettre \u00e0 l\u2019honneur les aventures de femmes en mer. Plongez dans leurs univers, lors escapades outre-rade \u00e0 Locmiquelic et Port-Louis !<br \/>\n<\/em><\/span><\/p>\n<p><span style=\"color: #008080;\"><em>\u00a0<\/em><\/span><\/p>\n<\/div>\n<\/div><\/div><div id=\"panel-7685-0-0-1\" class=\"so-panel widget widget_sow-editor\" data-index=\"1\" ><div class=\"panel-widget-style panel-widget-style-for-7685-0-0-1\" ><div\n\t\t\t\n\t\t\tclass=\"so-widget-sow-editor so-widget-sow-editor-base\"\n\t\t\t\n\t\t>\n<div class=\"siteorigin-widget-tinymce textwidget\">\n\t<p style=\"text-align: center;\"><strong>Vendredi 11 octobre<br \/>\n<\/strong><\/p>\n<\/div>\n<\/div><\/div><\/div><div id=\"panel-7685-0-0-2\" class=\"so-panel widget widget_sow-editor\" data-index=\"2\" ><div class=\"panel-widget-style panel-widget-style-for-7685-0-0-2\" ><div\n\t\t\t\n\t\t\tclass=\"so-widget-sow-editor so-widget-sow-editor-base\"\n\t\t\t\n\t\t>\n<div class=\"siteorigin-widget-tinymce textwidget\">\n\t<p><span style=\"color: #008080;\">\u25ca Mus\u00e9e national de la Marine (site de Port-Louis)- Salle de l\u2019Arsenal <\/span><br \/>\n<span style=\"color: #008080;\">\u25ca 15h &gt; 16h<\/span><br \/>\nRencontre avec <strong>Anne Smith,<\/strong> peintre de la Marine, co-auteur de l\u2019ouvrage \u00ab<strong>\u00a0Les aventuri\u00e8res de la mer\u00a0\u00bb<\/strong><\/p>\n<\/div>\n<\/div><\/div><\/div><div id=\"panel-7685-0-0-3\" class=\"so-panel widget widget_sow-image\" data-index=\"3\" ><div\n\t\t\t\n\t\t\tclass=\"so-widget-sow-image so-widget-sow-image-default-8b5b6f678277-7685\"\n\t\t\t\n\t\t>\n<div class=\"sow-image-container\">\n\t\t<img \n\tsrc=\"https:\/\/aventuriersdelamer.fr\/wp-content\/uploads\/2023\/09\/Vue-ae\u0301rienne-Romain-Osi-Port-Louis-0492.jpg\" width=\"1800\" height=\"1350\" srcset=\"https:\/\/aventuriersdelamer.fr\/wp-content\/uploads\/2023\/09\/Vue-ae\u0301rienne-Romain-Osi-Port-Louis-0492.jpg 1800w, https:\/\/aventuriersdelamer.fr\/wp-content\/uploads\/2023\/09\/Vue-ae\u0301rienne-Romain-Osi-Port-Louis-0492-300x225.jpg 300w, https:\/\/aventuriersdelamer.fr\/wp-content\/uploads\/2023\/09\/Vue-ae\u0301rienne-Romain-Osi-Port-Louis-0492-1024x768.jpg 1024w, https:\/\/aventuriersdelamer.fr\/wp-content\/uploads\/2023\/09\/Vue-ae\u0301rienne-Romain-Osi-Port-Louis-0492-768x576.jpg 768w, https:\/\/aventuriersdelamer.fr\/wp-content\/uploads\/2023\/09\/Vue-ae\u0301rienne-Romain-Osi-Port-Louis-0492-600x450.jpg 600w, https:\/\/aventuriersdelamer.fr\/wp-content\/uploads\/2023\/09\/Vue-ae\u0301rienne-Romain-Osi-Port-Louis-0492-1536x1152.jpg 1536w, https:\/\/aventuriersdelamer.fr\/wp-content\/uploads\/2023\/09\/Vue-ae\u0301rienne-Romain-Osi-Port-Louis-0492-400x300.jpg 400w\" sizes=\"(max-width: 1800px) 100vw, 1800px\" title=\"Vue ae\u0301rienne &#8211; Romain-Osi-Port-Louis-0492\" alt=\"\" \t\tclass=\"so-widget-image\"\/>\n\t<\/div>\n\n<\/div><\/div><div id=\"panel-7685-0-0-4\" class=\"so-panel widget widget_sow-editor\" data-index=\"4\" ><div\n\t\t\t\n\t\t\tclass=\"so-widget-sow-editor so-widget-sow-editor-base\"\n\t\t\t\n\t\t>\n<div class=\"siteorigin-widget-tinymce textwidget\">\n\t<p><span style=\"color: #008080;\"><strong>Le plus <\/strong>!\u00a0<\/span> sur pr\u00e9sentation de du programme papier, <strong>vous pouvez b\u00e9n\u00e9ficier d\u2019entr\u00e9es \u00e0 tarif r\u00e9duit au Mus\u00e9e national de la Marine \u2013 valable jusque 31\/10\/2024<\/strong><\/p>\n<p>&nbsp;<\/p>\n<\/div>\n<\/div><\/div><div id=\"panel-7685-0-0-5\" class=\"so-panel widget widget_sow-editor\" data-index=\"5\" ><div\n\t\t\t\n\t\t\tclass=\"so-widget-sow-editor so-widget-sow-editor-base\"\n\t\t\t\n\t\t>\n<div class=\"siteorigin-widget-tinymce textwidget\">\n\t<p><strong><span style=\"color: #008080;\">\u25caLocmiquelic - Salle de l\u2019Artimon<\/span><\/strong><br \/>\n<span style=\"color: #008080;\">\u25ca (Installation) - <\/span><span style=\"color: #008080;\">Women of the seas : le podcast des Aventuri\u00e8res de la mer<\/span><br \/>\n<span style=\"color: #008080;\">\u25ca<\/span> <span style=\"color: #008080;\">Vendredi 11 octobre<\/span><br \/>\n<span style=\"color: #008080;\">\u25ca10h30-12h30\/ 14h-18h - En acc\u00e8s libre<\/span><\/p>\n<p><strong>Women of the Seas<\/strong> vous invite \u00e0 l\u2019\u00e9coute en immersion\u00a0: Embarquez \u00e0 la rencontre de ces femmes, souvent inconnues, aux destins incroyables, \u00e0 travers leur r\u00e9cit d'aventures en mer ! Biologiste marine, offici\u00e8re de marine marchande, reporter,\u00a0scaphandri\u00e8re\u2026 elles sont nombreuses \u00e0 voyager sur les mers du globe.<\/p>\n<\/div>\n<\/div><\/div><div id=\"panel-7685-0-0-6\" class=\"so-panel widget widget_sow-editor\" data-index=\"6\" ><div class=\"panel-widget-style panel-widget-style-for-7685-0-0-6\" ><div\n\t\t\t\n\t\t\tclass=\"so-widget-sow-editor so-widget-sow-editor-base\"\n\t\t\t\n\t\t>\n<div class=\"siteorigin-widget-tinymce textwidget\">\n\t<p><span style=\"color: #008080;\">\u25ca Vendredi 11 octobre<\/span><br \/>\n<span style=\"color: #008080;\">\u25caLocmiquelic - Salle de l\u2019Artimon<\/span><br \/>\n<span style=\"color: #008080;\">\u25ca Projection rencontre \u00abLes femmes et la mer\"<\/span><strong><span style=\"color: #008080;\"><br \/>\n<\/span><\/strong><\/p>\n<p style=\"text-align: left;\"><span style=\"color: #333333;\"><strong>\u00a0\"Entre elles et les flots\"\u00a0 de Pauline Le P\u00e9culier (2022-F-47\u2019)<\/strong><\/span><\/p>\n<\/div>\n<\/div><\/div><\/div><div id=\"panel-7685-0-0-7\" class=\"so-panel widget widget_sow-image\" data-index=\"7\" ><div\n\t\t\t\n\t\t\tclass=\"so-widget-sow-image so-widget-sow-image-default-8b5b6f678277-7685\"\n\t\t\t\n\t\t>\n<div class=\"sow-image-container\">\n\t\t<img \n\tsrc=\"https:\/\/aventuriersdelamer.fr\/wp-content\/uploads\/2024\/09\/portraits_femmes_entre_elles_et_les_flots-compress-scaled.jpg\" width=\"2560\" height=\"1707\" srcset=\"https:\/\/aventuriersdelamer.fr\/wp-content\/uploads\/2024\/09\/portraits_femmes_entre_elles_et_les_flots-compress-scaled.jpg 2560w, https:\/\/aventuriersdelamer.fr\/wp-content\/uploads\/2024\/09\/portraits_femmes_entre_elles_et_les_flots-compress-300x200.jpg 300w, https:\/\/aventuriersdelamer.fr\/wp-content\/uploads\/2024\/09\/portraits_femmes_entre_elles_et_les_flots-compress-1024x683.jpg 1024w, https:\/\/aventuriersdelamer.fr\/wp-content\/uploads\/2024\/09\/portraits_femmes_entre_elles_et_les_flots-compress-768x512.jpg 768w, https:\/\/aventuriersdelamer.fr\/wp-content\/uploads\/2024\/09\/portraits_femmes_entre_elles_et_les_flots-compress-600x400.jpg 600w, https:\/\/aventuriersdelamer.fr\/wp-content\/uploads\/2024\/09\/portraits_femmes_entre_elles_et_les_flots-compress-1536x1024.jpg 1536w, https:\/\/aventuriersdelamer.fr\/wp-content\/uploads\/2024\/09\/portraits_femmes_entre_elles_et_les_flots-compress-2048x1365.jpg 2048w, https:\/\/aventuriersdelamer.fr\/wp-content\/uploads\/2024\/09\/portraits_femmes_entre_elles_et_les_flots-compress-450x300.jpg 450w, https:\/\/aventuriersdelamer.fr\/wp-content\/uploads\/2024\/09\/portraits_femmes_entre_elles_et_les_flots-compress-272x182.jpg 272w\" sizes=\"(max-width: 2560px) 100vw, 2560px\" title=\"portraits_femmes_entre_elles_et_les_flots-compress\" alt=\"\" \t\tclass=\"so-widget-image\"\/>\n\t<\/div>\n\n<\/div><\/div><div id=\"panel-7685-0-0-8\" class=\"so-panel widget widget_sow-editor\" data-index=\"8\" ><div\n\t\t\t\n\t\t\tclass=\"so-widget-sow-editor so-widget-sow-editor-base\"\n\t\t\t\n\t\t>\n<div class=\"siteorigin-widget-tinymce textwidget\">\n\t<p><em>J'embarque pour un p\u00e9riple \u00e0 la voile, en famille, sans toutefois \u00eatre marin. Au cours de nos trois ans autour de l'Atlantique, je rencontre d'autres femmes qui sont parties comme moi impuls\u00e9es par le d\u00e9sir de leur conjoint-capitaine. Entre joie de vivre et prises de t\u00eate, difficult\u00e9s et \u00e9merveillement, nous partageons notre gestion du quotidien, notre d\u00e9couverte de soi et du monde et notre capacit\u00e9 \u00e0 nous r\u00e9inventer.<\/em><\/p>\n<p>Suivie d\u2019une rencontre avec\u00a0:<em>:<br \/>\n<\/em>\u00b7<strong> Pauline Le P\u00e9culier,<\/strong> r\u00e9alisatrice<br \/>\n\u00b7 <strong>Marion Lauters, <\/strong>marin sur la go\u00e9lette Tara<br \/>\n\u00b7 <strong>France Pinczon du Sel,<\/strong> artiste et navigatrice<\/p>\n<p>En pr\u00e9sence de <strong>Anne Smith,<\/strong> peintre de la Marine, co-auteur de l\u2019ouvrage \"Les aventuri\u00e8res de la mer\".<\/p>\n<\/div>\n<\/div><\/div><div id=\"panel-7685-0-0-9\" class=\"so-panel widget widget_media_gallery panel-last-child\" data-index=\"9\" >\n\t\t<style type=\"text\/css\">\n\t\t\t#gallery-1 {\n\t\t\t\tmargin: auto;\n\t\t\t}\n\t\t\t#gallery-1 .gallery-item {\n\t\t\t\tfloat: left;\n\t\t\t\tmargin-top: 10px;\n\t\t\t\ttext-align: center;\n\t\t\t\twidth: 33%;\n\t\t\t}\n\t\t\t#gallery-1 img {\n\t\t\t\tborder: 2px solid #cfcfcf;\n\t\t\t}\n\t\t\t#gallery-1 .gallery-caption {\n\t\t\t\tmargin-left: 0;\n\t\t\t}\n\t\t\t\/* see gallery_shortcode() in wp-includes\/media.php *\/\n\t\t<\/style>\n\t\t<div id='gallery-1' class='gallery galleryid-7685 gallery-columns-3 gallery-size-thumbnail'><dl class='gallery-item'>\n\t\t\t<dt class='gallery-icon landscape'>\n\t\t\t\t<a href='https:\/\/aventuriersdelamer.fr\/index.php\/les-femmes-et-la-mer-24\/france-2021_retai\/'><img loading=\"lazy\" decoding=\"async\" width=\"150\" height=\"150\" src=\"https:\/\/aventuriersdelamer.fr\/wp-content\/uploads\/2024\/09\/France-2021_retai-150x150.jpg\" class=\"attachment-thumbnail size-thumbnail\" alt=\"\" aria-describedby=\"gallery-1-7687\" \/><\/a>\n\t\t\t<\/dt>\n\t\t\t\t<dd class='wp-caption-text gallery-caption' id='gallery-1-7687'>\n\t\t\t\tFrance Pinczon du Sel\n\t\t\t\t<\/dd><\/dl><dl class='gallery-item'>\n\t\t\t<dt class='gallery-icon landscape'>\n\t\t\t\t<a href='https:\/\/aventuriersdelamer.fr\/index.php\/festival-2024\/portrait-anne-smith\/'><img loading=\"lazy\" decoding=\"async\" width=\"150\" height=\"150\" src=\"https:\/\/aventuriersdelamer.fr\/wp-content\/uploads\/2024\/09\/portrait-anne-smith-150x150.jpg\" class=\"attachment-thumbnail size-thumbnail\" alt=\"\" aria-describedby=\"gallery-1-7683\" srcset=\"https:\/\/aventuriersdelamer.fr\/wp-content\/uploads\/2024\/09\/portrait-anne-smith-150x150.jpg 150w, https:\/\/aventuriersdelamer.fr\/wp-content\/uploads\/2024\/09\/portrait-anne-smith-300x300.jpg 300w, https:\/\/aventuriersdelamer.fr\/wp-content\/uploads\/2024\/09\/portrait-anne-smith-1024x1024.jpg 1024w, https:\/\/aventuriersdelamer.fr\/wp-content\/uploads\/2024\/09\/portrait-anne-smith-768x768.jpg 768w, https:\/\/aventuriersdelamer.fr\/wp-content\/uploads\/2024\/09\/portrait-anne-smith-600x600.jpg 600w, https:\/\/aventuriersdelamer.fr\/wp-content\/uploads\/2024\/09\/portrait-anne-smith.jpg 1080w\" sizes=\"auto, (max-width: 150px) 100vw, 150px\" \/><\/a>\n\t\t\t<\/dt>\n\t\t\t\t<dd class='wp-caption-text gallery-caption' id='gallery-1-7683'>\n\t\t\t\tAnne Smith\n\t\t\t\t<\/dd><\/dl><dl class='gallery-item'>\n\t\t\t<dt class='gallery-icon landscape'>\n\t\t\t\t<a href='https:\/\/aventuriersdelamer.fr\/index.php\/les-femmes-et-la-mer-24\/portrait-pauline-kub\/'><img loading=\"lazy\" decoding=\"async\" width=\"150\" height=\"150\" src=\"https:\/\/aventuriersdelamer.fr\/wp-content\/uploads\/2024\/09\/portrait-Pauline-Kub-150x150.jpg\" class=\"attachment-thumbnail size-thumbnail\" alt=\"\" aria-describedby=\"gallery-1-7688\" \/><\/a>\n\t\t\t<\/dt>\n\t\t\t\t<dd class='wp-caption-text gallery-caption' id='gallery-1-7688'>\n\t\t\t\tPauline Le Peculier\n\t\t\t\t<\/dd><\/dl><br style=\"clear: both\" \/><dl class='gallery-item'>\n\t\t\t<dt class='gallery-icon landscape'>\n\t\t\t\t<a href='https:\/\/aventuriersdelamer.fr\/index.php\/les-femmes-et-la-mer-24\/portrait-marion-lauters\/'><img loading=\"lazy\" decoding=\"async\" width=\"150\" height=\"150\" src=\"https:\/\/aventuriersdelamer.fr\/wp-content\/uploads\/2024\/09\/portrait-marion-lauters-150x150.jpg\" class=\"attachment-thumbnail size-thumbnail\" alt=\"\" aria-describedby=\"gallery-1-7689\" srcset=\"https:\/\/aventuriersdelamer.fr\/wp-content\/uploads\/2024\/09\/portrait-marion-lauters-150x150.jpg 150w, https:\/\/aventuriersdelamer.fr\/wp-content\/uploads\/2024\/09\/portrait-marion-lauters-300x300.jpg 300w, https:\/\/aventuriersdelamer.fr\/wp-content\/uploads\/2024\/09\/portrait-marion-lauters-1024x1024.jpg 1024w, https:\/\/aventuriersdelamer.fr\/wp-content\/uploads\/2024\/09\/portrait-marion-lauters-768x768.jpg 768w, https:\/\/aventuriersdelamer.fr\/wp-content\/uploads\/2024\/09\/portrait-marion-lauters-600x600.jpg 600w, https:\/\/aventuriersdelamer.fr\/wp-content\/uploads\/2024\/09\/portrait-marion-lauters.jpg 1080w\" sizes=\"auto, (max-width: 150px) 100vw, 150px\" \/><\/a>\n\t\t\t<\/dt>\n\t\t\t\t<dd class='wp-caption-text gallery-caption' id='gallery-1-7689'>\n\t\t\t\tMarion Lauters\n\t\t\t\t<\/dd><\/dl>\n\t\t\t<br style='clear: both' \/>\n\t\t<\/div>\n<\/div><\/div><\/div><\/div>","protected":false},"excerpt":{"rendered":"<p>Le Festival s&rsquo;associe &agrave; nouveau &laquo;Women of the seas&raquo; pour mettre &agrave; l&rsquo;honneur les aventures de femmes en mer. Plongez dans leurs univers, lors escapades outre-rade &agrave; Locmiquelic et Port-Louis ! &nbsp; Vendredi 11 octobre &loz; Mus&eacute;e national de la &hellip; <a href=\"https:\/\/aventuriersdelamer.fr\/index.php\/les-femmes-et-la-mer-24\/\">Continuer la lecture <span class=\"meta-nav\">&rarr;<\/span><\/a><\/p>\n","protected":false},"author":1,"featured_media":6703,"parent":0,"menu_order":0,"comment_status":"closed","ping_status":"closed","template":"","meta":{"footnotes":""},"class_list":["post-7685","page","type-page","status-publish","has-post-thumbnail","hentry"],"yoast_head":"<!-- This site is optimized with the Yoast SEO plugin v27.3 - https:\/\/yoast.com\/product\/yoast-seo-wordpress\/ -->\n<title>Les femmes et la mer - Festival Les Aventuriers de la Mer<\/title>\n<meta name=\"robots\" content=\"index, follow, max-snippet:-1, max-image-preview:large, max-video-preview:-1\" \/>\n<link rel=\"canonical\" href=\"https:\/\/aventuriersdelamer.fr\/index.php\/les-femmes-et-la-mer-24\/\" \/>\n<meta property=\"og:locale\" content=\"fr_FR\" \/>\n<meta property=\"og:type\" content=\"article\" \/>\n<meta property=\"og:title\" content=\"Les femmes et la mer - Festival Les Aventuriers de la Mer\" \/>\n<meta property=\"og:description\" content=\"Le Festival s&rsquo;associe &agrave; nouveau &laquo;Women of the seas&raquo; pour mettre &agrave; l&rsquo;honneur les aventures de femmes en mer. Plongez dans leurs univers, lors escapades outre-rade &agrave; Locmiquelic et Port-Louis ! &nbsp; Vendredi 11 octobre &loz; Mus&eacute;e national de la &hellip; Continuer la lecture &rarr;\" \/>\n<meta property=\"og:url\" content=\"https:\/\/aventuriersdelamer.fr\/index.php\/les-femmes-et-la-mer-24\/\" \/>\n<meta property=\"og:site_name\" content=\"Festival Les Aventuriers de la Mer\" \/>\n<meta property=\"article:publisher\" content=\"https:\/\/www.facebook.com\/aventuriersdelamer\/\" \/>\n<meta property=\"og:image\" content=\"https:\/\/aventuriersdelamer.fr\/wp-content\/uploads\/2023\/09\/Vue-ae\u0301rienne-Romain-Osi-Port-Louis-0492.jpg\" \/>\n\t<meta property=\"og:image:width\" content=\"1800\" \/>\n\t<meta property=\"og:image:height\" content=\"1350\" \/>\n\t<meta property=\"og:image:type\" content=\"image\/jpeg\" \/>\n<meta name=\"twitter:card\" content=\"summary_large_image\" \/>\n<meta name=\"twitter:label1\" content=\"Dur\u00e9e de lecture estim\u00e9e\" \/>\n\t<meta name=\"twitter:data1\" content=\"2 minutes\" \/>\n<script type=\"application\/ld+json\" class=\"yoast-schema-graph\">{\"@context\":\"https:\\\/\\\/schema.org\",\"@graph\":[{\"@type\":\"WebPage\",\"@id\":\"https:\\\/\\\/aventuriersdelamer.fr\\\/index.php\\\/les-femmes-et-la-mer-24\\\/\",\"url\":\"https:\\\/\\\/aventuriersdelamer.fr\\\/index.php\\\/les-femmes-et-la-mer-24\\\/\",\"name\":\"Les femmes et la mer - Festival Les Aventuriers de la Mer\",\"isPartOf\":{\"@id\":\"https:\\\/\\\/aventuriersdelamer.fr\\\/#website\"},\"primaryImageOfPage\":{\"@id\":\"https:\\\/\\\/aventuriersdelamer.fr\\\/index.php\\\/les-femmes-et-la-mer-24\\\/#primaryimage\"},\"image\":{\"@id\":\"https:\\\/\\\/aventuriersdelamer.fr\\\/index.php\\\/les-femmes-et-la-mer-24\\\/#primaryimage\"},\"thumbnailUrl\":\"https:\\\/\\\/aventuriersdelamer.fr\\\/wp-content\\\/uploads\\\/2023\\\/09\\\/Vue-ae\u0301rienne-Romain-Osi-Port-Louis-0492.jpg\",\"datePublished\":\"2024-09-15T17:28:18+00:00\",\"breadcrumb\":{\"@id\":\"https:\\\/\\\/aventuriersdelamer.fr\\\/index.php\\\/les-femmes-et-la-mer-24\\\/#breadcrumb\"},\"inLanguage\":\"fr-FR\",\"potentialAction\":[{\"@type\":\"ReadAction\",\"target\":[\"https:\\\/\\\/aventuriersdelamer.fr\\\/index.php\\\/les-femmes-et-la-mer-24\\\/\"]}]},{\"@type\":\"ImageObject\",\"inLanguage\":\"fr-FR\",\"@id\":\"https:\\\/\\\/aventuriersdelamer.fr\\\/index.php\\\/les-femmes-et-la-mer-24\\\/#primaryimage\",\"url\":\"https:\\\/\\\/aventuriersdelamer.fr\\\/wp-content\\\/uploads\\\/2023\\\/09\\\/Vue-ae\u0301rienne-Romain-Osi-Port-Louis-0492.jpg\",\"contentUrl\":\"https:\\\/\\\/aventuriersdelamer.fr\\\/wp-content\\\/uploads\\\/2023\\\/09\\\/Vue-ae\u0301rienne-Romain-Osi-Port-Louis-0492.jpg\",\"width\":1800,\"height\":1350},{\"@type\":\"BreadcrumbList\",\"@id\":\"https:\\\/\\\/aventuriersdelamer.fr\\\/index.php\\\/les-femmes-et-la-mer-24\\\/#breadcrumb\",\"itemListElement\":[{\"@type\":\"ListItem\",\"position\":1,\"name\":\"Accueil\",\"item\":\"https:\\\/\\\/aventuriersdelamer.fr\\\/\"},{\"@type\":\"ListItem\",\"position\":2,\"name\":\"Les femmes et la mer\"}]},{\"@type\":\"WebSite\",\"@id\":\"https:\\\/\\\/aventuriersdelamer.fr\\\/#website\",\"url\":\"https:\\\/\\\/aventuriersdelamer.fr\\\/\",\"name\":\"Festival Les Aventuriers de la Mer\",\"description\":\"Explorer, innover et enchanter le monde\",\"publisher\":{\"@id\":\"https:\\\/\\\/aventuriersdelamer.fr\\\/#organization\"},\"potentialAction\":[{\"@type\":\"SearchAction\",\"target\":{\"@type\":\"EntryPoint\",\"urlTemplate\":\"https:\\\/\\\/aventuriersdelamer.fr\\\/?s={search_term_string}\"},\"query-input\":{\"@type\":\"PropertyValueSpecification\",\"valueRequired\":true,\"valueName\":\"search_term_string\"}}],\"inLanguage\":\"fr-FR\"},{\"@type\":\"Organization\",\"@id\":\"https:\\\/\\\/aventuriersdelamer.fr\\\/#organization\",\"name\":\"Le Bruit du Vent\",\"url\":\"https:\\\/\\\/aventuriersdelamer.fr\\\/\",\"logo\":{\"@type\":\"ImageObject\",\"inLanguage\":\"fr-FR\",\"@id\":\"https:\\\/\\\/aventuriersdelamer.fr\\\/#\\\/schema\\\/logo\\\/image\\\/\",\"url\":\"https:\\\/\\\/aventuriersdelamer.fr\\\/wp-content\\\/uploads\\\/2016\\\/01\\\/4ECA575F-1CCB-41C9-AAC8-93902736151E.jpeg\",\"contentUrl\":\"https:\\\/\\\/aventuriersdelamer.fr\\\/wp-content\\\/uploads\\\/2016\\\/01\\\/4ECA575F-1CCB-41C9-AAC8-93902736151E.jpeg\",\"width\":222,\"height\":198,\"caption\":\"Le Bruit du Vent\"},\"image\":{\"@id\":\"https:\\\/\\\/aventuriersdelamer.fr\\\/#\\\/schema\\\/logo\\\/image\\\/\"},\"sameAs\":[\"https:\\\/\\\/www.facebook.com\\\/aventuriersdelamer\\\/\"]}]}<\/script>\n<!-- \/ Yoast SEO plugin. -->","yoast_head_json":{"title":"Les femmes et la mer - Festival Les Aventuriers de la Mer","robots":{"index":"index","follow":"follow","max-snippet":"max-snippet:-1","max-image-preview":"max-image-preview:large","max-video-preview":"max-video-preview:-1"},"canonical":"https:\/\/aventuriersdelamer.fr\/index.php\/les-femmes-et-la-mer-24\/","og_locale":"fr_FR","og_type":"article","og_title":"Les femmes et la mer - Festival Les Aventuriers de la Mer","og_description":"Le Festival s&rsquo;associe &agrave; nouveau &laquo;Women of the seas&raquo; pour mettre &agrave; l&rsquo;honneur les aventures de femmes en mer. Plongez dans leurs univers, lors escapades outre-rade &agrave; Locmiquelic et Port-Louis ! &nbsp; Vendredi 11 octobre &loz; Mus&eacute;e national de la &hellip; Continuer la lecture &rarr;","og_url":"https:\/\/aventuriersdelamer.fr\/index.php\/les-femmes-et-la-mer-24\/","og_site_name":"Festival Les Aventuriers de la Mer","article_publisher":"https:\/\/www.facebook.com\/aventuriersdelamer\/","og_image":[{"width":1800,"height":1350,"url":"https:\/\/aventuriersdelamer.fr\/wp-content\/uploads\/2023\/09\/Vue-ae\u0301rienne-Romain-Osi-Port-Louis-0492.jpg","type":"image\/jpeg"}],"twitter_card":"summary_large_image","twitter_misc":{"Dur\u00e9e de lecture estim\u00e9e":"2 minutes"},"schema":{"@context":"https:\/\/schema.org","@graph":[{"@type":"WebPage","@id":"https:\/\/aventuriersdelamer.fr\/index.php\/les-femmes-et-la-mer-24\/","url":"https:\/\/aventuriersdelamer.fr\/index.php\/les-femmes-et-la-mer-24\/","name":"Les femmes et la mer - Festival Les Aventuriers de la Mer","isPartOf":{"@id":"https:\/\/aventuriersdelamer.fr\/#website"},"primaryImageOfPage":{"@id":"https:\/\/aventuriersdelamer.fr\/index.php\/les-femmes-et-la-mer-24\/#primaryimage"},"image":{"@id":"https:\/\/aventuriersdelamer.fr\/index.php\/les-femmes-et-la-mer-24\/#primaryimage"},"thumbnailUrl":"https:\/\/aventuriersdelamer.fr\/wp-content\/uploads\/2023\/09\/Vue-ae\u0301rienne-Romain-Osi-Port-Louis-0492.jpg","datePublished":"2024-09-15T17:28:18+00:00","breadcrumb":{"@id":"https:\/\/aventuriersdelamer.fr\/index.php\/les-femmes-et-la-mer-24\/#breadcrumb"},"inLanguage":"fr-FR","potentialAction":[{"@type":"ReadAction","target":["https:\/\/aventuriersdelamer.fr\/index.php\/les-femmes-et-la-mer-24\/"]}]},{"@type":"ImageObject","inLanguage":"fr-FR","@id":"https:\/\/aventuriersdelamer.fr\/index.php\/les-femmes-et-la-mer-24\/#primaryimage","url":"https:\/\/aventuriersdelamer.fr\/wp-content\/uploads\/2023\/09\/Vue-ae\u0301rienne-Romain-Osi-Port-Louis-0492.jpg","contentUrl":"https:\/\/aventuriersdelamer.fr\/wp-content\/uploads\/2023\/09\/Vue-ae\u0301rienne-Romain-Osi-Port-Louis-0492.jpg","width":1800,"height":1350},{"@type":"BreadcrumbList","@id":"https:\/\/aventuriersdelamer.fr\/index.php\/les-femmes-et-la-mer-24\/#breadcrumb","itemListElement":[{"@type":"ListItem","position":1,"name":"Accueil","item":"https:\/\/aventuriersdelamer.fr\/"},{"@type":"ListItem","position":2,"name":"Les femmes et la mer"}]},{"@type":"WebSite","@id":"https:\/\/aventuriersdelamer.fr\/#website","url":"https:\/\/aventuriersdelamer.fr\/","name":"Festival Les Aventuriers de la Mer","description":"Explorer, innover et enchanter le monde","publisher":{"@id":"https:\/\/aventuriersdelamer.fr\/#organization"},"potentialAction":[{"@type":"SearchAction","target":{"@type":"EntryPoint","urlTemplate":"https:\/\/aventuriersdelamer.fr\/?s={search_term_string}"},"query-input":{"@type":"PropertyValueSpecification","valueRequired":true,"valueName":"search_term_string"}}],"inLanguage":"fr-FR"},{"@type":"Organization","@id":"https:\/\/aventuriersdelamer.fr\/#organization","name":"Le Bruit du Vent","url":"https:\/\/aventuriersdelamer.fr\/","logo":{"@type":"ImageObject","inLanguage":"fr-FR","@id":"https:\/\/aventuriersdelamer.fr\/#\/schema\/logo\/image\/","url":"https:\/\/aventuriersdelamer.fr\/wp-content\/uploads\/2016\/01\/4ECA575F-1CCB-41C9-AAC8-93902736151E.jpeg","contentUrl":"https:\/\/aventuriersdelamer.fr\/wp-content\/uploads\/2016\/01\/4ECA575F-1CCB-41C9-AAC8-93902736151E.jpeg","width":222,"height":198,"caption":"Le Bruit du Vent"},"image":{"@id":"https:\/\/aventuriersdelamer.fr\/#\/schema\/logo\/image\/"},"sameAs":["https:\/\/www.facebook.com\/aventuriersdelamer\/"]}]}},"_links":{"self":[{"href":"https:\/\/aventuriersdelamer.fr\/index.php\/wp-json\/wp\/v2\/pages\/7685","targetHints":{"allow":["GET"]}}],"collection":[{"href":"https:\/\/aventuriersdelamer.fr\/index.php\/wp-json\/wp\/v2\/pages"}],"about":[{"href":"https:\/\/aventuriersdelamer.fr\/index.php\/wp-json\/wp\/v2\/types\/page"}],"author":[{"embeddable":true,"href":"https:\/\/aventuriersdelamer.fr\/index.php\/wp-json\/wp\/v2\/users\/1"}],"replies":[{"embeddable":true,"href":"https:\/\/aventuriersdelamer.fr\/index.php\/wp-json\/wp\/v2\/comments?post=7685"}],"version-history":[{"count":1,"href":"https:\/\/aventuriersdelamer.fr\/index.php\/wp-json\/wp\/v2\/pages\/7685\/revisions"}],"predecessor-version":[{"id":7690,"href":"https:\/\/aventuriersdelamer.fr\/index.php\/wp-json\/wp\/v2\/pages\/7685\/revisions\/7690"}],"wp:featuredmedia":[{"embeddable":true,"href":"https:\/\/aventuriersdelamer.fr\/index.php\/wp-json\/wp\/v2\/media\/6703"}],"wp:attachment":[{"href":"https:\/\/aventuriersdelamer.fr\/index.php\/wp-json\/wp\/v2\/media?parent=7685"}],"curies":[{"name":"wp","href":"https:\/\/api.w.org\/{rel}","templated":true}]}}