{"id":7650,"date":"2024-09-14T15:29:22","date_gmt":"2024-09-14T14:29:22","guid":{"rendered":"http:\/\/aventuriersdelamer.fr\/?page_id=7650"},"modified":"2024-09-23T14:48:05","modified_gmt":"2024-09-23T13:48:05","slug":"voile-handi-valide-24","status":"publish","type":"page","link":"https:\/\/aventuriersdelamer.fr\/index.php\/voile-handi-valide-24\/","title":{"rendered":"Voile inclusive handi\/Valide"},"content":{"rendered":"<div id=\"pl-7650\"  class=\"panel-layout\" ><div id=\"pg-7650-0\"  class=\"panel-grid panel-no-style\" ><div id=\"pgc-7650-0-0\"  class=\"panel-grid-cell\" ><div id=\"panel-7650-0-0-0\" class=\"so-panel widget widget_sow-editor panel-first-child\" data-index=\"0\" ><div\n\t\t\t\n\t\t\tclass=\"so-widget-sow-editor so-widget-sow-editor-base\"\n\t\t\t\n\t\t>\n<div class=\"siteorigin-widget-tinymce textwidget\">\n\t<p><strong>L'aventure pour toutes et tous : voile handi \/ valide<\/strong><br \/>\n<strong>\u00a0<\/strong><br \/>\n<span style=\"color: #000000;\"><em>Le Festival des Aventuriers de la mer souhaite encourager les initiatives pour que la voile et les activit\u00e9s nautiques soient accessibles au plus grand nombre, pour les personnes valides ou en situation de handicap.\u00a0<\/em><\/span><\/p>\n<p>L'<strong>Universit\u00e9 Bretagne Sud<\/strong> organise une journ\u00e9e de rencontres consacr\u00e9e aux acteurs engag\u00e9s dans les pratiques nautiques adapt\u00e9es et inclusives. L'objectif ? Recenser les besoins, bien identifier les enjeux pour construire de nouvelles perspectives sur notre territoire !<\/p>\n<p><strong>Au programme :<\/strong><br \/>\n\u25ca Journ\u00e9e de rencontres et d'ateliers vendredi 11 octobre Hall Pen-Duick Cit\u00e9 de la voile<br \/>\n\u25ca Suivie de la projection - rencontre \"Les Spirates de l'Estrella\" vendredi \u00e0 17h<br \/>\n\u25ca Embarquement pour tous &amp; R\u00e9gates Handi \/ valides avec le Centre Nautique de Lorient et le D\u00e9partement du Morbihan les samedi et dimanche, inscriptions sur place<\/p>\n<\/div>\n<\/div><\/div><div id=\"panel-7650-0-0-1\" class=\"so-panel widget widget_sow-editor\" data-index=\"1\" ><div class=\"panel-widget-style panel-widget-style-for-7650-0-0-1\" ><div\n\t\t\t\n\t\t\tclass=\"so-widget-sow-editor so-widget-sow-editor-base\"\n\t\t\t\n\t\t>\n<div class=\"siteorigin-widget-tinymce textwidget\">\n\t<p style=\"text-align: center;\"><strong>Vendredi 11 octobre<br \/>\n<\/strong><\/p>\n<\/div>\n<\/div><\/div><\/div><div id=\"panel-7650-0-0-2\" class=\"so-panel widget widget_sow-editor\" data-index=\"2\" ><div\n\t\t\t\n\t\t\tclass=\"so-widget-sow-editor so-widget-sow-editor-base\"\n\t\t\t\n\t\t>\n<div class=\"siteorigin-widget-tinymce textwidget\">\n\t<p><strong>8h30 \u2013 9h30<\/strong>\u00a0 Accueil et introduction g\u00e9n\u00e9rale<\/p>\n<p><strong>9h30 \u2013 10h30\u00a0<\/strong><span style=\"color: #008080;\">[Table ronde]<\/span><br \/>\nVoile handivalide : la parole aux usagers et leurs actions sur le territoire ?<\/p>\n<p><strong>11h \u2013 12h<\/strong>\u00a0<span style=\"color: #008080;\">[Table ronde]<\/span><br \/>\nLes autres activit\u00e9s nautiques adapt\u00e9es et inclusives\u00a0: les acteurs du surf, du paddle, du cano\u00eb et du kayak pr\u00e9sents sur le territoire<\/p>\n<p><strong>\u00a013h30 \u2013 14h15<\/strong> <span style=\"color: #008080;\">Pr\u00e9sentation de projets de recherche Nautisme &amp; handicap<\/span><br \/>\n\u25ca Dispositif embarqu\u00e9 pour favoriser la pratique nautique aux personnes avec des difficult\u00e9s visuelles<br \/>\n\u25ca Objectiver les freins \u00e0 la pratique nautique<\/p>\n<p><strong>14h30 \u2013 16h00<\/strong> <span style=\"color: #008080;\">Ateliers<\/span><br \/>\nAtelier n\u00b0 1 : Les aides techniques pour favoriser la pratique<br \/>\nAteliers n\u00b02 : Les freins \u00e0 la pratique<\/p>\n<p>R\u00e9servation conseill\u00e9e sur ce <a href=\"https:\/\/www-actus.univ-ubs.fr\/fr\/index\/actualites\/service-recherche\/journee-nautisme-handivalide.html\">lien<\/a><\/p>\n<\/div>\n<\/div><\/div><div id=\"panel-7650-0-0-3\" class=\"so-panel widget widget_sow-image\" data-index=\"3\" ><div\n\t\t\t\n\t\t\tclass=\"so-widget-sow-image so-widget-sow-image-default-113ccd71f3e6-7650\"\n\t\t\t\n\t\t>\n<div class=\"sow-image-container\">\n\t\t<img \n\tsrc=\"https:\/\/aventuriersdelamer.fr\/wp-content\/uploads\/2024\/09\/spirates.png\" width=\"425\" height=\"239\" srcset=\"https:\/\/aventuriersdelamer.fr\/wp-content\/uploads\/2024\/09\/spirates.png 425w, https:\/\/aventuriersdelamer.fr\/wp-content\/uploads\/2024\/09\/spirates-300x169.png 300w\" sizes=\"(max-width: 425px) 100vw, 425px\" title=\"spirates\" alt=\"\" \t\tclass=\"so-widget-image\"\/>\n\t<\/div>\n\n<\/div><\/div><div id=\"panel-7650-0-0-4\" class=\"so-panel widget widget_sow-editor\" data-index=\"4\" ><div class=\"panel-widget-style panel-widget-style-for-7650-0-0-4\" ><div\n\t\t\t\n\t\t\tclass=\"so-widget-sow-editor so-widget-sow-editor-base\"\n\t\t\t\n\t\t>\n<div class=\"siteorigin-widget-tinymce textwidget\">\n\t<p style=\"text-align: center;\"><strong>17h PROJECTION \u00ab Les Spirates de l\u2019Estrella\u00bb<\/strong><br \/>\ndocumentaire de Olivier Loizelet (2024-F-52\u2019)<br \/>\nHall Pen Duick, Cit\u00e9 de la Voile Eric Tabarly<\/p>\n<p style=\"text-align: center;\"><em>C\u2019est une aventure humaine hors du commun. <\/em><em>Ballot\u00e9s sur une Terre pens\u00e9e pour <\/em><em>les valides, 4 aventuriers atteints du Spina Bifida vont se confronter aux remous de l\u2019Oc\u00e9an. Naviguant de St Malo \u00e0 Glasgow en passant par Dublin, ils partent \u00e0\u00a0 \u00a0 \u00a0 \u00a0 \u00a0 \u00a0 \u00a0 \u00a0la rencontre d\u2019associations locales de personnes atteintes du Spina Bifida,\u00a0 \u00a0 \u00a0 \u00a0 \u00a0 \u00a0 \u00a0 \u00a0 \u00a0sur un bateau pas comme les autres.<\/em><\/p>\n<pre>Suivie d\u2019une rencontre avec le r\u00e9alisateur et Olivia Wattinne,\nfondatrice de l\u2019Estrella Lab. Et en pr\u00e9sence des Spirates !<\/pre>\n<\/div>\n<\/div><\/div><\/div><div id=\"panel-7650-0-0-5\" class=\"so-panel widget widget_sow-editor\" data-index=\"5\" ><div class=\"panel-widget-style panel-widget-style-for-7650-0-0-5\" ><div\n\t\t\t\n\t\t\tclass=\"so-widget-sow-editor so-widget-sow-editor-base\"\n\t\t\t\n\t\t>\n<div class=\"siteorigin-widget-tinymce textwidget\">\n\t<p style=\"text-align: center;\"><strong>Samedi 12 et dimanche 13 octobre<br \/>\n<\/strong><\/p>\n<\/div>\n<\/div><\/div><\/div><div id=\"panel-7650-0-0-6\" class=\"so-panel widget widget_sow-editor\" data-index=\"6\" ><div class=\"panel-widget-style panel-widget-style-for-7650-0-0-6\" ><div\n\t\t\t\n\t\t\tclass=\"so-widget-sow-editor so-widget-sow-editor-base\"\n\t\t\t\n\t\t>\n<div class=\"siteorigin-widget-tinymce textwidget\">\n\t<p style=\"text-align: center;\"><strong>En situation de handicap ou valide, embarquez !<\/strong><\/p>\n<\/div>\n<\/div><\/div><\/div><div id=\"panel-7650-0-0-7\" class=\"so-panel widget widget_sow-editor\" data-index=\"7\" ><div\n\t\t\t\n\t\t\tclass=\"so-widget-sow-editor so-widget-sow-editor-base\"\n\t\t\t\n\t\t>\n<div class=\"siteorigin-widget-tinymce textwidget\">\n\t<p><span style=\"color: #008080;\">\u25ca Embarquements sur les voiliers de la section Handi-valide du Centre Nautique de Lorient\u00a0<\/span><br \/>\n<span style=\"color: #008080;\">\u25ca Ponton de la Cit\u00e9 de la Voile <\/span><br \/>\n<span style=\"color: #008080;\">\u25ca 10h-12 \/ 14h-17h<\/span><br \/>\nLa section handi\/valide du CNL Lorient accueille des personnes en situation de handicap et des personnes valides pour d\u00e9couvrir la joie de la navigation ensemble, \u00e0 bord de bateaux sp\u00e9cifiques (Hansa, N\u00e9o et Miniji).<\/p>\n<p><strong><span style=\"color: #008080;\"><em>Inscriptions sur place<\/em><\/span><\/strong><\/p>\n<\/div>\n<\/div><\/div><div id=\"panel-7650-0-0-8\" class=\"so-panel widget widget_sow-editor\" data-index=\"8\" ><div class=\"panel-widget-style panel-widget-style-for-7650-0-0-8\" ><div\n\t\t\t\n\t\t\tclass=\"so-widget-sow-editor so-widget-sow-editor-base\"\n\t\t\t\n\t\t>\n<div class=\"siteorigin-widget-tinymce textwidget\">\n\t<p style=\"text-align: center;\"><strong>Les R\u00e9gates Handi\/valide D\u00e9partement du Morbihan<\/strong><\/p>\n<\/div>\n<\/div><\/div><\/div><div id=\"panel-7650-0-0-9\" class=\"so-panel widget widget_sow-editor panel-last-child\" data-index=\"9\" ><div\n\t\t\t\n\t\t\tclass=\"so-widget-sow-editor so-widget-sow-editor-base\"\n\t\t\t\n\t\t>\n<div class=\"siteorigin-widget-tinymce textwidget\">\n\t<p><span style=\"color: #008080;\">\u25ca Embarquements sur les voiliers de la section Handi-valide du Centre Nautique de Lorient\u00a0<\/span><br \/>\n<span style=\"color: #008080;\">\u25ca Ponton de la Cit\u00e9 de la Voile <\/span><br \/>\n<span style=\"color: #008080;\">\u25ca samedi\u00a0 12 octobre - \u00e0 11h30, 14h et 16h30<\/span><br \/>\n<span style=\"color: #008080;\">\u25ca dimanche 13 octobre - \u00e0 11h30 et 14h<\/span><br \/>\nLe CNL et le D\u00e9partement du Morbihan vous proposent de participer \u00e0 des r\u00e9gates handi\/valides le samedi \u00e0 11h30, 14h et 16h30 et le dimanche \u00e0 11h30 et 14h !<br \/>\n<strong>Remise de prix \u00e0 16h dimanche<\/strong><\/p>\n<p><strong><span style=\"color: #008080;\"><em>Inscriptions sur place<\/em><\/span><\/strong><\/p>\n<\/div>\n<\/div><\/div><\/div><\/div><\/div>","protected":false},"excerpt":{"rendered":"<p>L&rsquo;aventure pour toutes et tous : voile handi \/ valide &nbsp; Le Festival des Aventuriers de la mer souhaite encourager les initiatives pour que la voile et les activit&eacute;s nautiques soient accessibles au plus grand nombre, pour les personnes valides &hellip; <a href=\"https:\/\/aventuriersdelamer.fr\/index.php\/voile-handi-valide-24\/\">Continuer la lecture <span class=\"meta-nav\">&rarr;<\/span><\/a><\/p>\n","protected":false},"author":1,"featured_media":6811,"parent":0,"menu_order":0,"comment_status":"closed","ping_status":"closed","template":"","meta":{"footnotes":""},"class_list":["post-7650","page","type-page","status-publish","has-post-thumbnail","hentry"],"yoast_head":"<!-- This site is optimized with the Yoast SEO plugin v27.3 - https:\/\/yoast.com\/product\/yoast-seo-wordpress\/ -->\n<title>Voile inclusive handi\/Valide - Festival Les Aventuriers de la Mer<\/title>\n<meta name=\"robots\" content=\"index, follow, max-snippet:-1, max-image-preview:large, max-video-preview:-1\" \/>\n<link rel=\"canonical\" href=\"https:\/\/aventuriersdelamer.fr\/index.php\/voile-handi-valide-24\/\" \/>\n<meta property=\"og:locale\" content=\"fr_FR\" \/>\n<meta property=\"og:type\" content=\"article\" \/>\n<meta property=\"og:title\" content=\"Voile inclusive handi\/Valide - Festival Les Aventuriers de la Mer\" \/>\n<meta property=\"og:description\" content=\"L&#039;aventure pour toutes et tous : voile handi \/ valide &nbsp; Le Festival des Aventuriers de la mer souhaite encourager les initiatives pour que la voile et les activit&eacute;s nautiques soient accessibles au plus grand nombre, pour les personnes valides &hellip; Continuer la lecture &rarr;\" \/>\n<meta property=\"og:url\" content=\"https:\/\/aventuriersdelamer.fr\/index.php\/voile-handi-valide-24\/\" \/>\n<meta property=\"og:site_name\" content=\"Festival Les Aventuriers de la Mer\" \/>\n<meta property=\"article:publisher\" content=\"https:\/\/www.facebook.com\/aventuriersdelamer\/\" \/>\n<meta property=\"article:modified_time\" content=\"2024-09-23T13:48:05+00:00\" \/>\n<meta property=\"og:image\" content=\"https:\/\/aventuriersdelamer.fr\/wp-content\/uploads\/2023\/09\/160-scaled.jpg\" \/>\n\t<meta property=\"og:image:width\" content=\"2560\" \/>\n\t<meta property=\"og:image:height\" content=\"1920\" \/>\n\t<meta property=\"og:image:type\" content=\"image\/jpeg\" \/>\n<meta name=\"twitter:card\" content=\"summary_large_image\" \/>\n<meta name=\"twitter:label1\" content=\"Dur\u00e9e de lecture estim\u00e9e\" \/>\n\t<meta name=\"twitter:data1\" content=\"3 minutes\" \/>\n<script type=\"application\/ld+json\" class=\"yoast-schema-graph\">{\"@context\":\"https:\\\/\\\/schema.org\",\"@graph\":[{\"@type\":\"WebPage\",\"@id\":\"https:\\\/\\\/aventuriersdelamer.fr\\\/index.php\\\/voile-handi-valide-24\\\/\",\"url\":\"https:\\\/\\\/aventuriersdelamer.fr\\\/index.php\\\/voile-handi-valide-24\\\/\",\"name\":\"Voile inclusive handi\\\/Valide - Festival Les Aventuriers de la Mer\",\"isPartOf\":{\"@id\":\"https:\\\/\\\/aventuriersdelamer.fr\\\/#website\"},\"primaryImageOfPage\":{\"@id\":\"https:\\\/\\\/aventuriersdelamer.fr\\\/index.php\\\/voile-handi-valide-24\\\/#primaryimage\"},\"image\":{\"@id\":\"https:\\\/\\\/aventuriersdelamer.fr\\\/index.php\\\/voile-handi-valide-24\\\/#primaryimage\"},\"thumbnailUrl\":\"https:\\\/\\\/aventuriersdelamer.fr\\\/wp-content\\\/uploads\\\/2023\\\/09\\\/160-scaled.jpg\",\"datePublished\":\"2024-09-14T14:29:22+00:00\",\"dateModified\":\"2024-09-23T13:48:05+00:00\",\"breadcrumb\":{\"@id\":\"https:\\\/\\\/aventuriersdelamer.fr\\\/index.php\\\/voile-handi-valide-24\\\/#breadcrumb\"},\"inLanguage\":\"fr-FR\",\"potentialAction\":[{\"@type\":\"ReadAction\",\"target\":[\"https:\\\/\\\/aventuriersdelamer.fr\\\/index.php\\\/voile-handi-valide-24\\\/\"]}]},{\"@type\":\"ImageObject\",\"inLanguage\":\"fr-FR\",\"@id\":\"https:\\\/\\\/aventuriersdelamer.fr\\\/index.php\\\/voile-handi-valide-24\\\/#primaryimage\",\"url\":\"https:\\\/\\\/aventuriersdelamer.fr\\\/wp-content\\\/uploads\\\/2023\\\/09\\\/160-scaled.jpg\",\"contentUrl\":\"https:\\\/\\\/aventuriersdelamer.fr\\\/wp-content\\\/uploads\\\/2023\\\/09\\\/160-scaled.jpg\",\"width\":2560,\"height\":1920,\"caption\":\"OLYMPUS DIGITAL CAMERA\"},{\"@type\":\"BreadcrumbList\",\"@id\":\"https:\\\/\\\/aventuriersdelamer.fr\\\/index.php\\\/voile-handi-valide-24\\\/#breadcrumb\",\"itemListElement\":[{\"@type\":\"ListItem\",\"position\":1,\"name\":\"Accueil\",\"item\":\"https:\\\/\\\/aventuriersdelamer.fr\\\/\"},{\"@type\":\"ListItem\",\"position\":2,\"name\":\"Voile inclusive handi\\\/Valide\"}]},{\"@type\":\"WebSite\",\"@id\":\"https:\\\/\\\/aventuriersdelamer.fr\\\/#website\",\"url\":\"https:\\\/\\\/aventuriersdelamer.fr\\\/\",\"name\":\"Festival Les Aventuriers de la Mer\",\"description\":\"Explorer, innover et enchanter le monde\",\"publisher\":{\"@id\":\"https:\\\/\\\/aventuriersdelamer.fr\\\/#organization\"},\"potentialAction\":[{\"@type\":\"SearchAction\",\"target\":{\"@type\":\"EntryPoint\",\"urlTemplate\":\"https:\\\/\\\/aventuriersdelamer.fr\\\/?s={search_term_string}\"},\"query-input\":{\"@type\":\"PropertyValueSpecification\",\"valueRequired\":true,\"valueName\":\"search_term_string\"}}],\"inLanguage\":\"fr-FR\"},{\"@type\":\"Organization\",\"@id\":\"https:\\\/\\\/aventuriersdelamer.fr\\\/#organization\",\"name\":\"Le Bruit du Vent\",\"url\":\"https:\\\/\\\/aventuriersdelamer.fr\\\/\",\"logo\":{\"@type\":\"ImageObject\",\"inLanguage\":\"fr-FR\",\"@id\":\"https:\\\/\\\/aventuriersdelamer.fr\\\/#\\\/schema\\\/logo\\\/image\\\/\",\"url\":\"https:\\\/\\\/aventuriersdelamer.fr\\\/wp-content\\\/uploads\\\/2016\\\/01\\\/4ECA575F-1CCB-41C9-AAC8-93902736151E.jpeg\",\"contentUrl\":\"https:\\\/\\\/aventuriersdelamer.fr\\\/wp-content\\\/uploads\\\/2016\\\/01\\\/4ECA575F-1CCB-41C9-AAC8-93902736151E.jpeg\",\"width\":222,\"height\":198,\"caption\":\"Le Bruit du Vent\"},\"image\":{\"@id\":\"https:\\\/\\\/aventuriersdelamer.fr\\\/#\\\/schema\\\/logo\\\/image\\\/\"},\"sameAs\":[\"https:\\\/\\\/www.facebook.com\\\/aventuriersdelamer\\\/\"]}]}<\/script>\n<!-- \/ Yoast SEO plugin. -->","yoast_head_json":{"title":"Voile inclusive handi\/Valide - Festival Les Aventuriers de la Mer","robots":{"index":"index","follow":"follow","max-snippet":"max-snippet:-1","max-image-preview":"max-image-preview:large","max-video-preview":"max-video-preview:-1"},"canonical":"https:\/\/aventuriersdelamer.fr\/index.php\/voile-handi-valide-24\/","og_locale":"fr_FR","og_type":"article","og_title":"Voile inclusive handi\/Valide - Festival Les Aventuriers de la Mer","og_description":"L'aventure pour toutes et tous : voile handi \/ valide &nbsp; Le Festival des Aventuriers de la mer souhaite encourager les initiatives pour que la voile et les activit&eacute;s nautiques soient accessibles au plus grand nombre, pour les personnes valides &hellip; Continuer la lecture &rarr;","og_url":"https:\/\/aventuriersdelamer.fr\/index.php\/voile-handi-valide-24\/","og_site_name":"Festival Les Aventuriers de la Mer","article_publisher":"https:\/\/www.facebook.com\/aventuriersdelamer\/","article_modified_time":"2024-09-23T13:48:05+00:00","og_image":[{"width":2560,"height":1920,"url":"https:\/\/aventuriersdelamer.fr\/wp-content\/uploads\/2023\/09\/160-scaled.jpg","type":"image\/jpeg"}],"twitter_card":"summary_large_image","twitter_misc":{"Dur\u00e9e de lecture estim\u00e9e":"3 minutes"},"schema":{"@context":"https:\/\/schema.org","@graph":[{"@type":"WebPage","@id":"https:\/\/aventuriersdelamer.fr\/index.php\/voile-handi-valide-24\/","url":"https:\/\/aventuriersdelamer.fr\/index.php\/voile-handi-valide-24\/","name":"Voile inclusive handi\/Valide - Festival Les Aventuriers de la Mer","isPartOf":{"@id":"https:\/\/aventuriersdelamer.fr\/#website"},"primaryImageOfPage":{"@id":"https:\/\/aventuriersdelamer.fr\/index.php\/voile-handi-valide-24\/#primaryimage"},"image":{"@id":"https:\/\/aventuriersdelamer.fr\/index.php\/voile-handi-valide-24\/#primaryimage"},"thumbnailUrl":"https:\/\/aventuriersdelamer.fr\/wp-content\/uploads\/2023\/09\/160-scaled.jpg","datePublished":"2024-09-14T14:29:22+00:00","dateModified":"2024-09-23T13:48:05+00:00","breadcrumb":{"@id":"https:\/\/aventuriersdelamer.fr\/index.php\/voile-handi-valide-24\/#breadcrumb"},"inLanguage":"fr-FR","potentialAction":[{"@type":"ReadAction","target":["https:\/\/aventuriersdelamer.fr\/index.php\/voile-handi-valide-24\/"]}]},{"@type":"ImageObject","inLanguage":"fr-FR","@id":"https:\/\/aventuriersdelamer.fr\/index.php\/voile-handi-valide-24\/#primaryimage","url":"https:\/\/aventuriersdelamer.fr\/wp-content\/uploads\/2023\/09\/160-scaled.jpg","contentUrl":"https:\/\/aventuriersdelamer.fr\/wp-content\/uploads\/2023\/09\/160-scaled.jpg","width":2560,"height":1920,"caption":"OLYMPUS DIGITAL CAMERA"},{"@type":"BreadcrumbList","@id":"https:\/\/aventuriersdelamer.fr\/index.php\/voile-handi-valide-24\/#breadcrumb","itemListElement":[{"@type":"ListItem","position":1,"name":"Accueil","item":"https:\/\/aventuriersdelamer.fr\/"},{"@type":"ListItem","position":2,"name":"Voile inclusive handi\/Valide"}]},{"@type":"WebSite","@id":"https:\/\/aventuriersdelamer.fr\/#website","url":"https:\/\/aventuriersdelamer.fr\/","name":"Festival Les Aventuriers de la Mer","description":"Explorer, innover et enchanter le monde","publisher":{"@id":"https:\/\/aventuriersdelamer.fr\/#organization"},"potentialAction":[{"@type":"SearchAction","target":{"@type":"EntryPoint","urlTemplate":"https:\/\/aventuriersdelamer.fr\/?s={search_term_string}"},"query-input":{"@type":"PropertyValueSpecification","valueRequired":true,"valueName":"search_term_string"}}],"inLanguage":"fr-FR"},{"@type":"Organization","@id":"https:\/\/aventuriersdelamer.fr\/#organization","name":"Le Bruit du Vent","url":"https:\/\/aventuriersdelamer.fr\/","logo":{"@type":"ImageObject","inLanguage":"fr-FR","@id":"https:\/\/aventuriersdelamer.fr\/#\/schema\/logo\/image\/","url":"https:\/\/aventuriersdelamer.fr\/wp-content\/uploads\/2016\/01\/4ECA575F-1CCB-41C9-AAC8-93902736151E.jpeg","contentUrl":"https:\/\/aventuriersdelamer.fr\/wp-content\/uploads\/2016\/01\/4ECA575F-1CCB-41C9-AAC8-93902736151E.jpeg","width":222,"height":198,"caption":"Le Bruit du Vent"},"image":{"@id":"https:\/\/aventuriersdelamer.fr\/#\/schema\/logo\/image\/"},"sameAs":["https:\/\/www.facebook.com\/aventuriersdelamer\/"]}]}},"_links":{"self":[{"href":"https:\/\/aventuriersdelamer.fr\/index.php\/wp-json\/wp\/v2\/pages\/7650","targetHints":{"allow":["GET"]}}],"collection":[{"href":"https:\/\/aventuriersdelamer.fr\/index.php\/wp-json\/wp\/v2\/pages"}],"about":[{"href":"https:\/\/aventuriersdelamer.fr\/index.php\/wp-json\/wp\/v2\/types\/page"}],"author":[{"embeddable":true,"href":"https:\/\/aventuriersdelamer.fr\/index.php\/wp-json\/wp\/v2\/users\/1"}],"replies":[{"embeddable":true,"href":"https:\/\/aventuriersdelamer.fr\/index.php\/wp-json\/wp\/v2\/comments?post=7650"}],"version-history":[{"count":10,"href":"https:\/\/aventuriersdelamer.fr\/index.php\/wp-json\/wp\/v2\/pages\/7650\/revisions"}],"predecessor-version":[{"id":7821,"href":"https:\/\/aventuriersdelamer.fr\/index.php\/wp-json\/wp\/v2\/pages\/7650\/revisions\/7821"}],"wp:featuredmedia":[{"embeddable":true,"href":"https:\/\/aventuriersdelamer.fr\/index.php\/wp-json\/wp\/v2\/media\/6811"}],"wp:attachment":[{"href":"https:\/\/aventuriersdelamer.fr\/index.php\/wp-json\/wp\/v2\/media?parent=7650"}],"curies":[{"name":"wp","href":"https:\/\/api.w.org\/{rel}","templated":true}]}}