{"id":6700,"date":"2023-09-17T12:05:40","date_gmt":"2023-09-17T11:05:40","guid":{"rendered":"http:\/\/aventuriersdelamer.fr\/?page_id=6700"},"modified":"2023-10-22T10:02:17","modified_gmt":"2023-10-22T09:02:17","slug":"lesfemmesetlamer","status":"publish","type":"page","link":"https:\/\/aventuriersdelamer.fr\/index.php\/lesfemmesetlamer\/","title":{"rendered":"Les femmes et la mer"},"content":{"rendered":"<div id=\"pl-6700\"  class=\"panel-layout\" ><div id=\"pg-6700-0\"  class=\"panel-grid panel-no-style\" ><div id=\"pgc-6700-0-0\"  class=\"panel-grid-cell\" ><div id=\"panel-6700-0-0-0\" class=\"so-panel widget widget_sow-editor panel-first-child\" data-index=\"0\" ><div\n\t\t\t\n\t\t\tclass=\"so-widget-sow-editor so-widget-sow-editor-base\"\n\t\t\t\n\t\t>\n<div class=\"siteorigin-widget-tinymce textwidget\">\n\t<p><span style=\"color: #008080;\"><em>Pour la premi\u00e8re fois, le Festival noue un partenariat avec le Mus\u00e9e national de la Marine de Port Louis et l\u2019association \u00abWomen of the seas\u00bb pour mettre \u00e0 l\u2019honneur les aventures de femmes en mer. Plongez dans leurs univers !<\/em><\/span><\/p>\n<\/div>\n<\/div><\/div><div id=\"panel-6700-0-0-1\" class=\"so-panel widget widget_sow-editor\" data-index=\"1\" ><div class=\"panel-widget-style panel-widget-style-for-6700-0-0-1\" ><div\n\t\t\t\n\t\t\tclass=\"so-widget-sow-editor so-widget-sow-editor-base\"\n\t\t\t\n\t\t>\n<div class=\"siteorigin-widget-tinymce textwidget\">\n\t<p style=\"text-align: center;\"><strong>Du 07 octobre au 06 novembre<br \/>\n<\/strong><\/p>\n<\/div>\n<\/div><\/div><\/div><div id=\"panel-6700-0-0-2\" class=\"so-panel widget widget_sow-editor\" data-index=\"2\" ><div class=\"panel-widget-style panel-widget-style-for-6700-0-0-2\" ><div\n\t\t\t\n\t\t\tclass=\"so-widget-sow-editor so-widget-sow-editor-base\"\n\t\t\t\n\t\t>\n<div class=\"siteorigin-widget-tinymce textwidget\">\n\t<p style=\"text-align: center;\"><strong>Women of the seas : le podcast des Aventuri\u00e8res de la mer<\/strong><br \/>\n<strong>Salle La Poudri\u00e8re -\u00a0 Mus\u00e9e national de la Marine - Citadelle de Port-Louis<\/strong><\/p>\n<\/div>\n<\/div><\/div><\/div><div id=\"panel-6700-0-0-3\" class=\"so-panel widget widget_sow-editor\" data-index=\"3\" ><div\n\t\t\t\n\t\t\tclass=\"so-widget-sow-editor so-widget-sow-editor-base\"\n\t\t\t\n\t\t>\n<div class=\"siteorigin-widget-tinymce textwidget\">\n\t<p>Laur\u00e9at des Initiatives Maritimes 2020, <strong>Women of the Seas<\/strong> vous invite \u00e0 l\u2019\u00e9coute en immersion dans la belle salle de La Poudri\u00e8re du Mus\u00e9e Nationale de la Marine de Port Louis. Les femmes ont des histoires en mer \u00e0 raconter ! Biologiste marine, offici\u00e8re de marine marchande, reporter, scaphandri\u00e8re\u2026 elles sont nombreuses \u00e0 voyager sur<br \/>\nles mers du globe. Embarquez avec Women of the Seas pour partir \u00e0 la rencontre de ces femmes, souvent inconnues, aux destins incroyables, \u00e0 travers leur r\u00e9cit d'aventures en mer.<\/p>\n<\/div>\n<\/div><\/div><div id=\"panel-6700-0-0-4\" class=\"so-panel widget widget_black-studio-tinymce widget_black_studio_tinymce\" data-index=\"4\" ><div class=\"textwidget\"><iframe loading=\"lazy\" style=\"border: none; overflow: hidden;\" src=\"https:\/\/www.facebook.com\/plugins\/post.php?href=https%3A%2F%2Fwww.facebook.com%2Faventuriersdelamer%2Fposts%2Fpfbid02g7kd74xSb3yo8yBntm2Qa9rvBW69EpuEg1T1RrFswyKQPQwUaFQVEinCLDguWaZ5l&amp;show_text=true&amp;width=500\" width=\"500\" height=\"461\" frameborder=\"0\" scrolling=\"no\" allowfullscreen=\"allowfullscreen\"><\/iframe><\/div><\/div><div id=\"panel-6700-0-0-5\" class=\"so-panel widget widget_sow-editor\" data-index=\"5\" ><div class=\"panel-widget-style panel-widget-style-for-6700-0-0-5\" ><div\n\t\t\t\n\t\t\tclass=\"so-widget-sow-editor so-widget-sow-editor-base\"\n\t\t\t\n\t\t>\n<div class=\"siteorigin-widget-tinymce textwidget\">\n\t<p style=\"text-align: center;\"><strong>Vendredi 13 octobre<br \/>\n<\/strong><\/p>\n<\/div>\n<\/div><\/div><\/div><div id=\"panel-6700-0-0-6\" class=\"so-panel widget widget_sow-editor\" data-index=\"6\" ><div class=\"panel-widget-style panel-widget-style-for-6700-0-0-6\" ><div\n\t\t\t\n\t\t\tclass=\"so-widget-sow-editor so-widget-sow-editor-base\"\n\t\t\t\n\t\t>\n<div class=\"siteorigin-widget-tinymce textwidget\">\n\t<p style=\"text-align: center;\"><strong>19h30 &gt; 21 h \u2013 Salle L\u2019Arsenal - Citadelle de Port-Louis<\/strong><br \/>\n<strong>Projection \u2013 Rencontre \/\/ \u00ab Etre Mer \u00bb <\/strong><br \/>\n<strong>documentaire de Nina Montagn\u00e9 (France-2022-40\u2019)<\/strong><\/p>\n<\/div>\n<\/div><\/div><\/div><div id=\"panel-6700-0-0-7\" class=\"so-panel widget widget_sow-image\" data-index=\"7\" ><div\n\t\t\t\n\t\t\tclass=\"so-widget-sow-image so-widget-sow-image-default-8b5b6f678277-6700\"\n\t\t\t\n\t\t>\n<div class=\"sow-image-container\">\n\t\t<img \n\tsrc=\"https:\/\/aventuriersdelamer.fr\/wp-content\/uploads\/2023\/09\/\u00a9Aligal-production_Etre-mer_04.jpg\" width=\"1267\" height=\"711\" srcset=\"https:\/\/aventuriersdelamer.fr\/wp-content\/uploads\/2023\/09\/\u00a9Aligal-production_Etre-mer_04.jpg 1267w, https:\/\/aventuriersdelamer.fr\/wp-content\/uploads\/2023\/09\/\u00a9Aligal-production_Etre-mer_04-300x168.jpg 300w, https:\/\/aventuriersdelamer.fr\/wp-content\/uploads\/2023\/09\/\u00a9Aligal-production_Etre-mer_04-1024x575.jpg 1024w, https:\/\/aventuriersdelamer.fr\/wp-content\/uploads\/2023\/09\/\u00a9Aligal-production_Etre-mer_04-768x431.jpg 768w, https:\/\/aventuriersdelamer.fr\/wp-content\/uploads\/2023\/09\/\u00a9Aligal-production_Etre-mer_04-600x337.jpg 600w, https:\/\/aventuriersdelamer.fr\/wp-content\/uploads\/2023\/09\/\u00a9Aligal-production_Etre-mer_04-500x281.jpg 500w\" sizes=\"(max-width: 1267px) 100vw, 1267px\" title=\"\u00a9Aligal production_Etre mer_04\" alt=\"\" \t\tclass=\"so-widget-image\"\/>\n\t<\/div>\n\n<\/div><\/div><div id=\"panel-6700-0-0-8\" class=\"so-panel widget widget_sow-editor\" data-index=\"8\" ><div\n\t\t\t\n\t\t\tclass=\"so-widget-sow-editor so-widget-sow-editor-base\"\n\t\t\t\n\t\t>\n<div class=\"siteorigin-widget-tinymce textwidget\">\n\t<p><span style=\"color: #008080;\"><em>\u00catre m\u00e8re ou \u00eatre en mer ? Peut-on \u00eatre femme, marin, et maman ? Peut-on conjuguer maternit\u00e9 et un travail qui implique d\u2019\u00eatre absente sur de longues p\u00e9riodes ? Quels choix de vie cela engage-t-il ? Portraits crois\u00e9s dans l'intimit\u00e9 et les questionnements de trois femmes marins.<\/em><\/span><\/p>\n<p>Suivie d\u2019une rencontre avec\u00a0:<em>:<br \/>\n<\/em>\u00b7<strong> Nina Montagn\u00e9,<\/strong> r\u00e9alisatrice<br \/>\n\u00b7 <strong>Cl\u00e9mentine Moulin<\/strong>, co-fondatrice Women of the seas<br \/>\n\u00b7 <strong>Julie Mira,<\/strong> skipper et coach nautique<\/p>\n<\/div>\n<\/div><\/div><div id=\"panel-6700-0-0-9\" class=\"so-panel widget widget_media_gallery\" data-index=\"9\" >\n\t\t<style type=\"text\/css\">\n\t\t\t#gallery-1 {\n\t\t\t\tmargin: auto;\n\t\t\t}\n\t\t\t#gallery-1 .gallery-item {\n\t\t\t\tfloat: left;\n\t\t\t\tmargin-top: 10px;\n\t\t\t\ttext-align: center;\n\t\t\t\twidth: 33%;\n\t\t\t}\n\t\t\t#gallery-1 img {\n\t\t\t\tborder: 2px solid #cfcfcf;\n\t\t\t}\n\t\t\t#gallery-1 .gallery-caption {\n\t\t\t\tmargin-left: 0;\n\t\t\t}\n\t\t\t\/* see gallery_shortcode() in wp-includes\/media.php *\/\n\t\t<\/style>\n\t\t<div id='gallery-1' class='gallery galleryid-6700 gallery-columns-3 gallery-size-thumbnail'><dl class='gallery-item'>\n\t\t\t<dt class='gallery-icon landscape'>\n\t\t\t\t<a href='https:\/\/aventuriersdelamer.fr\/index.php\/rencontres-2023\/clem-antoine2-2\/'><img loading=\"lazy\" decoding=\"async\" width=\"150\" height=\"150\" src=\"https:\/\/aventuriersdelamer.fr\/wp-content\/uploads\/2023\/09\/clem-antoine2-1-150x150.jpg\" class=\"attachment-thumbnail size-thumbnail\" alt=\"\" aria-describedby=\"gallery-1-6343\" srcset=\"https:\/\/aventuriersdelamer.fr\/wp-content\/uploads\/2023\/09\/clem-antoine2-1-150x150.jpg 150w, https:\/\/aventuriersdelamer.fr\/wp-content\/uploads\/2023\/09\/clem-antoine2-1-300x300.jpg 300w, https:\/\/aventuriersdelamer.fr\/wp-content\/uploads\/2023\/09\/clem-antoine2-1-768x768.jpg 768w, https:\/\/aventuriersdelamer.fr\/wp-content\/uploads\/2023\/09\/clem-antoine2-1-600x600.jpg 600w, https:\/\/aventuriersdelamer.fr\/wp-content\/uploads\/2023\/09\/clem-antoine2-1.jpg 834w\" sizes=\"auto, (max-width: 150px) 100vw, 150px\" \/><\/a>\n\t\t\t<\/dt>\n\t\t\t\t<dd class='wp-caption-text gallery-caption' id='gallery-1-6343'>\n\t\t\t\tCl\u00e9mentine Moulin\n\t\t\t\t<\/dd><\/dl><dl class='gallery-item'>\n\t\t\t<dt class='gallery-icon landscape'>\n\t\t\t\t<a href='https:\/\/aventuriersdelamer.fr\/index.php\/rencontres-2023\/ninamontagnenm\/'><img loading=\"lazy\" decoding=\"async\" width=\"150\" height=\"150\" src=\"https:\/\/aventuriersdelamer.fr\/wp-content\/uploads\/2023\/09\/Ninamontagne\u00a9NM-150x150.jpeg\" class=\"attachment-thumbnail size-thumbnail\" alt=\"\" aria-describedby=\"gallery-1-6344\" \/><\/a>\n\t\t\t<\/dt>\n\t\t\t\t<dd class='wp-caption-text gallery-caption' id='gallery-1-6344'>\n\t\t\t\tNina Montagne\n\t\t\t\t<\/dd><\/dl>\n\t\t\t<br style='clear: both' \/>\n\t\t<\/div>\n<\/div><div id=\"panel-6700-0-0-10\" class=\"so-panel widget widget_sow-editor\" data-index=\"10\" ><div class=\"panel-widget-style panel-widget-style-for-6700-0-0-10\" ><div\n\t\t\t\n\t\t\tclass=\"so-widget-sow-editor so-widget-sow-editor-base\"\n\t\t\t\n\t\t>\n<div class=\"siteorigin-widget-tinymce textwidget\">\n\t<p style=\"text-align: center;\"><strong>Samedi 14 et dimanche 15 octobre<br \/>\n<\/strong><\/p>\n<\/div>\n<\/div><\/div><\/div><div id=\"panel-6700-0-0-11\" class=\"so-panel widget widget_sow-editor\" data-index=\"11\" ><div\n\t\t\t\n\t\t\tclass=\"so-widget-sow-editor so-widget-sow-editor-base\"\n\t\t\t\n\t\t>\n<div class=\"siteorigin-widget-tinymce textwidget\">\n\t<p><strong>Le Mus\u00e9e national de la Marine de Port-Louis<\/strong> sera pr\u00e9sent dans le \u00ab <strong>Karr\u00e9 des aventuriers \u00bb, Cit\u00e9 de la Voile, samedi 14 et dimanche 15 octobre<\/strong><br \/>\n<strong><span style=\"color: #993300;\">Le plus<\/span> <\/strong>: sur pr\u00e9sentation de du programme papier, vous pouvez b\u00e9n\u00e9ficier d\u2019entr\u00e9es \u00e0 tarif r\u00e9duit au Mus\u00e9e national de la Marine \u2013 valable jusque 31\/10\/2023<\/p>\n<\/div>\n<\/div><\/div><div id=\"panel-6700-0-0-12\" class=\"so-panel widget widget_sow-image panel-last-child\" data-index=\"12\" ><div\n\t\t\t\n\t\t\tclass=\"so-widget-sow-image so-widget-sow-image-default-8b5b6f678277-6700\"\n\t\t\t\n\t\t>\n<div class=\"sow-image-container\">\n\t\t<img \n\tsrc=\"https:\/\/aventuriersdelamer.fr\/wp-content\/uploads\/2023\/09\/Vue-ae\u0301rienne-Romain-Osi-Port-Louis-0492.jpg\" width=\"1800\" height=\"1350\" srcset=\"https:\/\/aventuriersdelamer.fr\/wp-content\/uploads\/2023\/09\/Vue-ae\u0301rienne-Romain-Osi-Port-Louis-0492.jpg 1800w, https:\/\/aventuriersdelamer.fr\/wp-content\/uploads\/2023\/09\/Vue-ae\u0301rienne-Romain-Osi-Port-Louis-0492-300x225.jpg 300w, https:\/\/aventuriersdelamer.fr\/wp-content\/uploads\/2023\/09\/Vue-ae\u0301rienne-Romain-Osi-Port-Louis-0492-1024x768.jpg 1024w, https:\/\/aventuriersdelamer.fr\/wp-content\/uploads\/2023\/09\/Vue-ae\u0301rienne-Romain-Osi-Port-Louis-0492-768x576.jpg 768w, https:\/\/aventuriersdelamer.fr\/wp-content\/uploads\/2023\/09\/Vue-ae\u0301rienne-Romain-Osi-Port-Louis-0492-600x450.jpg 600w, https:\/\/aventuriersdelamer.fr\/wp-content\/uploads\/2023\/09\/Vue-ae\u0301rienne-Romain-Osi-Port-Louis-0492-1536x1152.jpg 1536w, https:\/\/aventuriersdelamer.fr\/wp-content\/uploads\/2023\/09\/Vue-ae\u0301rienne-Romain-Osi-Port-Louis-0492-400x300.jpg 400w\" sizes=\"(max-width: 1800px) 100vw, 1800px\" title=\"Vue ae\u0301rienne &#8211; Romain-Osi-Port-Louis-0492\" alt=\"\" \t\tclass=\"so-widget-image\"\/>\n\t<\/div>\n\n<\/div><\/div><\/div><\/div><\/div>","protected":false},"excerpt":{"rendered":"<p>Pour la premi&egrave;re fois, le Festival noue un partenariat avec le Mus&eacute;e national de la Marine de Port Louis et l&rsquo;association &laquo;Women of the seas&raquo; pour mettre &agrave; l&rsquo;honneur les aventures de femmes en mer. Plongez dans leurs univers !<\/p>\n","protected":false},"author":1,"featured_media":6703,"parent":0,"menu_order":0,"comment_status":"closed","ping_status":"closed","template":"","meta":{"footnotes":""},"class_list":["post-6700","page","type-page","status-publish","has-post-thumbnail","hentry"],"yoast_head":"<!-- This site is optimized with the Yoast SEO plugin v27.3 - https:\/\/yoast.com\/product\/yoast-seo-wordpress\/ -->\n<title>Les femmes et la mer - Festival Les Aventuriers de la Mer<\/title>\n<meta name=\"robots\" content=\"index, follow, max-snippet:-1, max-image-preview:large, max-video-preview:-1\" \/>\n<link rel=\"canonical\" href=\"https:\/\/aventuriersdelamer.fr\/index.php\/lesfemmesetlamer\/\" \/>\n<meta property=\"og:locale\" content=\"fr_FR\" \/>\n<meta property=\"og:type\" content=\"article\" \/>\n<meta property=\"og:title\" content=\"Les femmes et la mer - Festival Les Aventuriers de la Mer\" \/>\n<meta property=\"og:description\" content=\"Pour la premi&egrave;re fois, le Festival noue un partenariat avec le Mus&eacute;e national de la Marine de Port Louis et l&rsquo;association &laquo;Women of the seas&raquo; pour mettre &agrave; l&rsquo;honneur les aventures de femmes en mer. Plongez dans leurs univers !\" \/>\n<meta property=\"og:url\" content=\"https:\/\/aventuriersdelamer.fr\/index.php\/lesfemmesetlamer\/\" \/>\n<meta property=\"og:site_name\" content=\"Festival Les Aventuriers de la Mer\" \/>\n<meta property=\"article:publisher\" content=\"https:\/\/www.facebook.com\/aventuriersdelamer\/\" \/>\n<meta property=\"article:modified_time\" content=\"2023-10-22T09:02:17+00:00\" \/>\n<meta property=\"og:image\" content=\"https:\/\/aventuriersdelamer.fr\/wp-content\/uploads\/2023\/09\/Vue-ae\u0301rienne-Romain-Osi-Port-Louis-0492.jpg\" \/>\n\t<meta property=\"og:image:width\" content=\"1800\" \/>\n\t<meta property=\"og:image:height\" content=\"1350\" \/>\n\t<meta property=\"og:image:type\" content=\"image\/jpeg\" \/>\n<meta name=\"twitter:card\" content=\"summary_large_image\" \/>\n<meta name=\"twitter:label1\" content=\"Dur\u00e9e de lecture estim\u00e9e\" \/>\n\t<meta name=\"twitter:data1\" content=\"2 minutes\" \/>\n<script type=\"application\/ld+json\" class=\"yoast-schema-graph\">{\"@context\":\"https:\\\/\\\/schema.org\",\"@graph\":[{\"@type\":\"WebPage\",\"@id\":\"https:\\\/\\\/aventuriersdelamer.fr\\\/index.php\\\/lesfemmesetlamer\\\/\",\"url\":\"https:\\\/\\\/aventuriersdelamer.fr\\\/index.php\\\/lesfemmesetlamer\\\/\",\"name\":\"Les femmes et la mer - Festival Les Aventuriers de la Mer\",\"isPartOf\":{\"@id\":\"https:\\\/\\\/aventuriersdelamer.fr\\\/#website\"},\"primaryImageOfPage\":{\"@id\":\"https:\\\/\\\/aventuriersdelamer.fr\\\/index.php\\\/lesfemmesetlamer\\\/#primaryimage\"},\"image\":{\"@id\":\"https:\\\/\\\/aventuriersdelamer.fr\\\/index.php\\\/lesfemmesetlamer\\\/#primaryimage\"},\"thumbnailUrl\":\"https:\\\/\\\/aventuriersdelamer.fr\\\/wp-content\\\/uploads\\\/2023\\\/09\\\/Vue-ae\u0301rienne-Romain-Osi-Port-Louis-0492.jpg\",\"datePublished\":\"2023-09-17T11:05:40+00:00\",\"dateModified\":\"2023-10-22T09:02:17+00:00\",\"breadcrumb\":{\"@id\":\"https:\\\/\\\/aventuriersdelamer.fr\\\/index.php\\\/lesfemmesetlamer\\\/#breadcrumb\"},\"inLanguage\":\"fr-FR\",\"potentialAction\":[{\"@type\":\"ReadAction\",\"target\":[\"https:\\\/\\\/aventuriersdelamer.fr\\\/index.php\\\/lesfemmesetlamer\\\/\"]}]},{\"@type\":\"ImageObject\",\"inLanguage\":\"fr-FR\",\"@id\":\"https:\\\/\\\/aventuriersdelamer.fr\\\/index.php\\\/lesfemmesetlamer\\\/#primaryimage\",\"url\":\"https:\\\/\\\/aventuriersdelamer.fr\\\/wp-content\\\/uploads\\\/2023\\\/09\\\/Vue-ae\u0301rienne-Romain-Osi-Port-Louis-0492.jpg\",\"contentUrl\":\"https:\\\/\\\/aventuriersdelamer.fr\\\/wp-content\\\/uploads\\\/2023\\\/09\\\/Vue-ae\u0301rienne-Romain-Osi-Port-Louis-0492.jpg\",\"width\":1800,\"height\":1350},{\"@type\":\"BreadcrumbList\",\"@id\":\"https:\\\/\\\/aventuriersdelamer.fr\\\/index.php\\\/lesfemmesetlamer\\\/#breadcrumb\",\"itemListElement\":[{\"@type\":\"ListItem\",\"position\":1,\"name\":\"Accueil\",\"item\":\"https:\\\/\\\/aventuriersdelamer.fr\\\/\"},{\"@type\":\"ListItem\",\"position\":2,\"name\":\"Les femmes et la mer\"}]},{\"@type\":\"WebSite\",\"@id\":\"https:\\\/\\\/aventuriersdelamer.fr\\\/#website\",\"url\":\"https:\\\/\\\/aventuriersdelamer.fr\\\/\",\"name\":\"Festival Les Aventuriers de la Mer\",\"description\":\"Explorer, innover et enchanter le monde\",\"publisher\":{\"@id\":\"https:\\\/\\\/aventuriersdelamer.fr\\\/#organization\"},\"potentialAction\":[{\"@type\":\"SearchAction\",\"target\":{\"@type\":\"EntryPoint\",\"urlTemplate\":\"https:\\\/\\\/aventuriersdelamer.fr\\\/?s={search_term_string}\"},\"query-input\":{\"@type\":\"PropertyValueSpecification\",\"valueRequired\":true,\"valueName\":\"search_term_string\"}}],\"inLanguage\":\"fr-FR\"},{\"@type\":\"Organization\",\"@id\":\"https:\\\/\\\/aventuriersdelamer.fr\\\/#organization\",\"name\":\"Le Bruit du Vent\",\"url\":\"https:\\\/\\\/aventuriersdelamer.fr\\\/\",\"logo\":{\"@type\":\"ImageObject\",\"inLanguage\":\"fr-FR\",\"@id\":\"https:\\\/\\\/aventuriersdelamer.fr\\\/#\\\/schema\\\/logo\\\/image\\\/\",\"url\":\"https:\\\/\\\/aventuriersdelamer.fr\\\/wp-content\\\/uploads\\\/2016\\\/01\\\/4ECA575F-1CCB-41C9-AAC8-93902736151E.jpeg\",\"contentUrl\":\"https:\\\/\\\/aventuriersdelamer.fr\\\/wp-content\\\/uploads\\\/2016\\\/01\\\/4ECA575F-1CCB-41C9-AAC8-93902736151E.jpeg\",\"width\":222,\"height\":198,\"caption\":\"Le Bruit du Vent\"},\"image\":{\"@id\":\"https:\\\/\\\/aventuriersdelamer.fr\\\/#\\\/schema\\\/logo\\\/image\\\/\"},\"sameAs\":[\"https:\\\/\\\/www.facebook.com\\\/aventuriersdelamer\\\/\"]}]}<\/script>\n<!-- \/ Yoast SEO plugin. -->","yoast_head_json":{"title":"Les femmes et la mer - Festival Les Aventuriers de la Mer","robots":{"index":"index","follow":"follow","max-snippet":"max-snippet:-1","max-image-preview":"max-image-preview:large","max-video-preview":"max-video-preview:-1"},"canonical":"https:\/\/aventuriersdelamer.fr\/index.php\/lesfemmesetlamer\/","og_locale":"fr_FR","og_type":"article","og_title":"Les femmes et la mer - Festival Les Aventuriers de la Mer","og_description":"Pour la premi&egrave;re fois, le Festival noue un partenariat avec le Mus&eacute;e national de la Marine de Port Louis et l&rsquo;association &laquo;Women of the seas&raquo; pour mettre &agrave; l&rsquo;honneur les aventures de femmes en mer. Plongez dans leurs univers !","og_url":"https:\/\/aventuriersdelamer.fr\/index.php\/lesfemmesetlamer\/","og_site_name":"Festival Les Aventuriers de la Mer","article_publisher":"https:\/\/www.facebook.com\/aventuriersdelamer\/","article_modified_time":"2023-10-22T09:02:17+00:00","og_image":[{"width":1800,"height":1350,"url":"https:\/\/aventuriersdelamer.fr\/wp-content\/uploads\/2023\/09\/Vue-ae\u0301rienne-Romain-Osi-Port-Louis-0492.jpg","type":"image\/jpeg"}],"twitter_card":"summary_large_image","twitter_misc":{"Dur\u00e9e de lecture estim\u00e9e":"2 minutes"},"schema":{"@context":"https:\/\/schema.org","@graph":[{"@type":"WebPage","@id":"https:\/\/aventuriersdelamer.fr\/index.php\/lesfemmesetlamer\/","url":"https:\/\/aventuriersdelamer.fr\/index.php\/lesfemmesetlamer\/","name":"Les femmes et la mer - Festival Les Aventuriers de la Mer","isPartOf":{"@id":"https:\/\/aventuriersdelamer.fr\/#website"},"primaryImageOfPage":{"@id":"https:\/\/aventuriersdelamer.fr\/index.php\/lesfemmesetlamer\/#primaryimage"},"image":{"@id":"https:\/\/aventuriersdelamer.fr\/index.php\/lesfemmesetlamer\/#primaryimage"},"thumbnailUrl":"https:\/\/aventuriersdelamer.fr\/wp-content\/uploads\/2023\/09\/Vue-ae\u0301rienne-Romain-Osi-Port-Louis-0492.jpg","datePublished":"2023-09-17T11:05:40+00:00","dateModified":"2023-10-22T09:02:17+00:00","breadcrumb":{"@id":"https:\/\/aventuriersdelamer.fr\/index.php\/lesfemmesetlamer\/#breadcrumb"},"inLanguage":"fr-FR","potentialAction":[{"@type":"ReadAction","target":["https:\/\/aventuriersdelamer.fr\/index.php\/lesfemmesetlamer\/"]}]},{"@type":"ImageObject","inLanguage":"fr-FR","@id":"https:\/\/aventuriersdelamer.fr\/index.php\/lesfemmesetlamer\/#primaryimage","url":"https:\/\/aventuriersdelamer.fr\/wp-content\/uploads\/2023\/09\/Vue-ae\u0301rienne-Romain-Osi-Port-Louis-0492.jpg","contentUrl":"https:\/\/aventuriersdelamer.fr\/wp-content\/uploads\/2023\/09\/Vue-ae\u0301rienne-Romain-Osi-Port-Louis-0492.jpg","width":1800,"height":1350},{"@type":"BreadcrumbList","@id":"https:\/\/aventuriersdelamer.fr\/index.php\/lesfemmesetlamer\/#breadcrumb","itemListElement":[{"@type":"ListItem","position":1,"name":"Accueil","item":"https:\/\/aventuriersdelamer.fr\/"},{"@type":"ListItem","position":2,"name":"Les femmes et la mer"}]},{"@type":"WebSite","@id":"https:\/\/aventuriersdelamer.fr\/#website","url":"https:\/\/aventuriersdelamer.fr\/","name":"Festival Les Aventuriers de la Mer","description":"Explorer, innover et enchanter le monde","publisher":{"@id":"https:\/\/aventuriersdelamer.fr\/#organization"},"potentialAction":[{"@type":"SearchAction","target":{"@type":"EntryPoint","urlTemplate":"https:\/\/aventuriersdelamer.fr\/?s={search_term_string}"},"query-input":{"@type":"PropertyValueSpecification","valueRequired":true,"valueName":"search_term_string"}}],"inLanguage":"fr-FR"},{"@type":"Organization","@id":"https:\/\/aventuriersdelamer.fr\/#organization","name":"Le Bruit du Vent","url":"https:\/\/aventuriersdelamer.fr\/","logo":{"@type":"ImageObject","inLanguage":"fr-FR","@id":"https:\/\/aventuriersdelamer.fr\/#\/schema\/logo\/image\/","url":"https:\/\/aventuriersdelamer.fr\/wp-content\/uploads\/2016\/01\/4ECA575F-1CCB-41C9-AAC8-93902736151E.jpeg","contentUrl":"https:\/\/aventuriersdelamer.fr\/wp-content\/uploads\/2016\/01\/4ECA575F-1CCB-41C9-AAC8-93902736151E.jpeg","width":222,"height":198,"caption":"Le Bruit du Vent"},"image":{"@id":"https:\/\/aventuriersdelamer.fr\/#\/schema\/logo\/image\/"},"sameAs":["https:\/\/www.facebook.com\/aventuriersdelamer\/"]}]}},"_links":{"self":[{"href":"https:\/\/aventuriersdelamer.fr\/index.php\/wp-json\/wp\/v2\/pages\/6700","targetHints":{"allow":["GET"]}}],"collection":[{"href":"https:\/\/aventuriersdelamer.fr\/index.php\/wp-json\/wp\/v2\/pages"}],"about":[{"href":"https:\/\/aventuriersdelamer.fr\/index.php\/wp-json\/wp\/v2\/types\/page"}],"author":[{"embeddable":true,"href":"https:\/\/aventuriersdelamer.fr\/index.php\/wp-json\/wp\/v2\/users\/1"}],"replies":[{"embeddable":true,"href":"https:\/\/aventuriersdelamer.fr\/index.php\/wp-json\/wp\/v2\/comments?post=6700"}],"version-history":[{"count":15,"href":"https:\/\/aventuriersdelamer.fr\/index.php\/wp-json\/wp\/v2\/pages\/6700\/revisions"}],"predecessor-version":[{"id":7296,"href":"https:\/\/aventuriersdelamer.fr\/index.php\/wp-json\/wp\/v2\/pages\/6700\/revisions\/7296"}],"wp:featuredmedia":[{"embeddable":true,"href":"https:\/\/aventuriersdelamer.fr\/index.php\/wp-json\/wp\/v2\/media\/6703"}],"wp:attachment":[{"href":"https:\/\/aventuriersdelamer.fr\/index.php\/wp-json\/wp\/v2\/media?parent=6700"}],"curies":[{"name":"wp","href":"https:\/\/api.w.org\/{rel}","templated":true}]}}