{"id":6681,"date":"2023-09-17T09:51:03","date_gmt":"2023-09-17T08:51:03","guid":{"rendered":"http:\/\/aventuriersdelamer.fr\/?page_id=6681"},"modified":"2023-10-03T17:06:55","modified_gmt":"2023-10-03T16:06:55","slug":"voile-handi-valide","status":"publish","type":"page","link":"https:\/\/aventuriersdelamer.fr\/index.php\/voile-handi-valide\/","title":{"rendered":"Voile handi\/Valide"},"content":{"rendered":"<div id=\"pl-6681\"  class=\"panel-layout\" ><div id=\"pg-6681-0\"  class=\"panel-grid panel-no-style\" ><div id=\"pgc-6681-0-0\"  class=\"panel-grid-cell\" ><div id=\"panel-6681-0-0-0\" class=\"so-panel widget widget_sow-editor panel-first-child\" data-index=\"0\" ><div\n\t\t\t\n\t\t\tclass=\"so-widget-sow-editor so-widget-sow-editor-base\"\n\t\t\t\n\t\t>\n<div class=\"siteorigin-widget-tinymce textwidget\">\n\t<p><strong>L\u2019aventure pour toutes et tous\u00a0: la voile handi\/valide<\/strong><br \/>\n<strong>\u00a0<\/strong><br \/>\n<span style=\"color: #008080;\"><em>Le Festival souhaite encourager les initiatives pour que la voile en mer soit accessible au plus grand nombre, en situation d\u2019handicap.\u00a0<\/em><\/span><br \/>\n<span style=\"color: #008080;\"><em>En partenariat avec l\u2019Universit\u00e9 Bretagne Sud, Le Centre Nautique de Lorient, la Sellor et Audelor, des temps forts animent le festival.<\/em><\/span><\/p>\n<\/div>\n<\/div><\/div><div id=\"panel-6681-0-0-1\" class=\"so-panel widget widget_sow-editor\" data-index=\"1\" ><div class=\"panel-widget-style panel-widget-style-for-6681-0-0-1\" ><div\n\t\t\t\n\t\t\tclass=\"so-widget-sow-editor so-widget-sow-editor-base\"\n\t\t\t\n\t\t>\n<div class=\"siteorigin-widget-tinymce textwidget\">\n\t<p style=\"text-align: center;\"><strong>Vendredi 13 octobre<br \/>\n<\/strong><\/p>\n<\/div>\n<\/div><\/div><\/div><div id=\"panel-6681-0-0-2\" class=\"so-panel widget widget_sow-editor\" data-index=\"2\" ><div class=\"panel-widget-style panel-widget-style-for-6681-0-0-2\" ><div\n\t\t\t\n\t\t\tclass=\"so-widget-sow-editor so-widget-sow-editor-base\"\n\t\t\t\n\t\t>\n<div class=\"siteorigin-widget-tinymce textwidget\">\n\t<p style=\"text-align: center;\"><strong>9h &gt;12h30 \/\/\u00a0\u00a0 Hall Pen Duick, Cit\u00e9 de la Voile Eric Tabarly<\/strong><br \/>\n<strong>\u00a0\u00ab\u00a0Comment mieux inclure le handicap dans la voile sur le Pays de Lorient\u00a0?\u201d<\/strong><br \/>\nAnim\u00e9e par Pierre Meisel<\/p>\n<\/div>\n<\/div><\/div><\/div><div id=\"panel-6681-0-0-3\" class=\"so-panel widget widget_sow-image\" data-index=\"3\" ><div\n\t\t\t\n\t\t\tclass=\"so-widget-sow-image so-widget-sow-image-default-8b5b6f678277-6681\"\n\t\t\t\n\t\t>\n<div class=\"sow-image-container\">\n\t\t<img \n\tsrc=\"https:\/\/aventuriersdelamer.fr\/wp-content\/uploads\/2023\/10\/T-Matinale-Voile-Handivalide-programme-13102023.jpg\" width=\"1240\" height=\"1025\" srcset=\"https:\/\/aventuriersdelamer.fr\/wp-content\/uploads\/2023\/10\/T-Matinale-Voile-Handivalide-programme-13102023.jpg 1240w, https:\/\/aventuriersdelamer.fr\/wp-content\/uploads\/2023\/10\/T-Matinale-Voile-Handivalide-programme-13102023-300x248.jpg 300w, https:\/\/aventuriersdelamer.fr\/wp-content\/uploads\/2023\/10\/T-Matinale-Voile-Handivalide-programme-13102023-1024x846.jpg 1024w, https:\/\/aventuriersdelamer.fr\/wp-content\/uploads\/2023\/10\/T-Matinale-Voile-Handivalide-programme-13102023-768x635.jpg 768w, https:\/\/aventuriersdelamer.fr\/wp-content\/uploads\/2023\/10\/T-Matinale-Voile-Handivalide-programme-13102023-600x496.jpg 600w, https:\/\/aventuriersdelamer.fr\/wp-content\/uploads\/2023\/10\/T-Matinale-Voile-Handivalide-programme-13102023-363x300.jpg 363w\" sizes=\"(max-width: 1240px) 100vw, 1240px\" title=\"T-Matinale Voile Handivalide &#8211; programme 13102023\" alt=\"\" \t\tclass=\"so-widget-image\"\/>\n\t<\/div>\n\n<\/div><\/div><div id=\"panel-6681-0-0-4\" class=\"so-panel widget widget_sow-editor\" data-index=\"4\" ><div\n\t\t\t\n\t\t\tclass=\"so-widget-sow-editor so-widget-sow-editor-base\"\n\t\t\t\n\t\t>\n<div class=\"siteorigin-widget-tinymce textwidget\">\n\t<p>R\u00e9servation conseill\u00e9e sur ce <a href=\"https:\/\/www-actus.univ-ubs.fr\/fr\/index\/actualites\/service-recherche\/matinale-voile-handivalide.html\">lien<\/a><\/p>\n<\/div>\n<\/div><\/div><div id=\"panel-6681-0-0-5\" class=\"so-panel widget widget_sow-editor\" data-index=\"5\" ><div class=\"panel-widget-style panel-widget-style-for-6681-0-0-5\" ><div\n\t\t\t\n\t\t\tclass=\"so-widget-sow-editor so-widget-sow-editor-base\"\n\t\t\t\n\t\t>\n<div class=\"siteorigin-widget-tinymce textwidget\">\n\t<p style=\"text-align: center;\"><strong>14h &gt; 15h Hall Pen Duick, Cit\u00e9 de la Voile Eric Tabarly<\/strong><br \/>\n<strong>Projection-rencontre \/\/<\/strong><br \/>\n<strong>\u00ab Surf attitude \u00bb, documentaire de Audrey Lasbleiz (2022-F-26\u2019)\u00a0<\/strong><\/p>\n<\/div>\n<\/div><\/div><\/div><div id=\"panel-6681-0-0-6\" class=\"so-panel widget widget_sow-image\" data-index=\"6\" ><div\n\t\t\t\n\t\t\tclass=\"so-widget-sow-image so-widget-sow-image-default-113ccd71f3e6-6681\"\n\t\t\t\n\t\t>\n<div class=\"sow-image-container\">\n\t\t<img \n\tsrc=\"https:\/\/aventuriersdelamer.fr\/wp-content\/uploads\/2023\/09\/T-surfattitude.jpg\" width=\"425\" height=\"224\" srcset=\"https:\/\/aventuriersdelamer.fr\/wp-content\/uploads\/2023\/09\/T-surfattitude.jpg 425w, https:\/\/aventuriersdelamer.fr\/wp-content\/uploads\/2023\/09\/T-surfattitude-300x158.jpg 300w\" sizes=\"(max-width: 425px) 100vw, 425px\" alt=\"\" \t\tclass=\"so-widget-image\"\/>\n\t<\/div>\n\n<\/div><\/div><div id=\"panel-6681-0-0-7\" class=\"so-panel widget widget_sow-editor\" data-index=\"7\" ><div\n\t\t\t\n\t\t\tclass=\"so-widget-sow-editor so-widget-sow-editor-base\"\n\t\t\t\n\t\t>\n<div class=\"siteorigin-widget-tinymce textwidget\">\n\t<p><span style=\"color: #008080;\"><em>La vie de Katell a bascul\u00e9 \u00e0 l\u2019\u00e2ge de 45 ans. \u00c0 la suite d\u2019une compression de la moelle \u00e9pini\u00e8re, elle devient t\u00e9trapl\u00e9gique. Une d\u00e9couverte sportive va lui permettre d\u2019entamer un processus d\u2019acceptation du handicap : le surf<\/em><\/span><\/p>\n<p><strong>\u2028Film laur\u00e9at du Prix long m\u00e9trage \u2013 Fondation Grand Ouest au Brest Surf Film Festival 2022<\/strong><\/p>\n<p>Suivie d\u2019une rencontre avec\u00a0:<br \/>\n\u00b7\u00a0\u00a0<strong> \u00a0\u00a0 Katell Roperz, <\/strong>para-surfeuse<br \/>\n\u00b7\u00a0\u00a0\u00a0\u00a0\u00a0 <strong>Audrez Lasbleiz,<\/strong> r\u00e9alisatrice<br \/>\n\u00b7\u00a0\u00a0\u00a0\u00a0\u00a0 <strong>Chlo\u00e9 Batissou,<\/strong> directrice du Brest Surf Film Festival<\/p>\n<\/div>\n<\/div><\/div><div id=\"panel-6681-0-0-8\" class=\"so-panel widget widget_sow-editor\" data-index=\"8\" ><div class=\"panel-widget-style panel-widget-style-for-6681-0-0-8\" ><div\n\t\t\t\n\t\t\tclass=\"so-widget-sow-editor so-widget-sow-editor-base\"\n\t\t\t\n\t\t>\n<div class=\"siteorigin-widget-tinymce textwidget\">\n\t<p style=\"text-align: center;\"><strong>Samedi 14 et dimanche 15 octobre<br \/>\n<\/strong><\/p>\n<\/div>\n<\/div><\/div><\/div><div id=\"panel-6681-0-0-9\" class=\"so-panel widget widget_sow-editor\" data-index=\"9\" ><div class=\"panel-widget-style panel-widget-style-for-6681-0-0-9\" ><div\n\t\t\t\n\t\t\tclass=\"so-widget-sow-editor so-widget-sow-editor-base\"\n\t\t\t\n\t\t>\n<div class=\"siteorigin-widget-tinymce textwidget\">\n\t<p style=\"text-align: center;\"><strong>En situation de handicap ou valide, embarquez\u00a0!<\/strong><br \/>\n<strong>Embarquements sur les voiliers de la section Handi-valide du Centre Nautique de Lorient\u00a0<\/strong><br \/>\n<strong>Ponton de la Cit\u00e9 de la Voile 10h-12 \/ 14h-17h<\/strong><\/p>\n<\/div>\n<\/div><\/div><\/div><div id=\"panel-6681-0-0-10\" class=\"so-panel widget widget_sow-editor\" data-index=\"10\" ><div\n\t\t\t\n\t\t\tclass=\"so-widget-sow-editor so-widget-sow-editor-base\"\n\t\t\t\n\t\t>\n<div class=\"siteorigin-widget-tinymce textwidget\">\n\t<p>La section handi\/valide du CNL Lorient accueille des personnes en situation de handicap et des personnes valides pour d\u00e9couvrir la joie de la navigation ensemble, \u00e0 bord de bateaux sp\u00e9cifiques (Hansa, N\u00e9o et Miniji).<\/p>\n<p><span style=\"color: #008080;\"><em>Inscriptions sur place<\/em><\/span><\/p>\n<\/div>\n<\/div><\/div><div id=\"panel-6681-0-0-11\" class=\"so-panel widget widget_sow-editor\" data-index=\"11\" ><div class=\"panel-widget-style panel-widget-style-for-6681-0-0-11\" ><div\n\t\t\t\n\t\t\tclass=\"so-widget-sow-editor so-widget-sow-editor-base\"\n\t\t\t\n\t\t>\n<div class=\"siteorigin-widget-tinymce textwidget\">\n\t<p style=\"text-align: center;\"><strong>Dimanche 15 octobre<br \/>\n<\/strong><\/p>\n<\/div>\n<\/div><\/div><\/div><div id=\"panel-6681-0-0-12\" class=\"so-panel widget widget_sow-editor\" data-index=\"12\" ><div class=\"panel-widget-style panel-widget-style-for-6681-0-0-12\" ><div\n\t\t\t\n\t\t\tclass=\"so-widget-sow-editor so-widget-sow-editor-base\"\n\t\t\t\n\t\t>\n<div class=\"siteorigin-widget-tinymce textwidget\">\n\t<p style=\"text-align: center;\"><strong>17h \/\/ Cin\u00e9 des Aventuriers <\/strong><br \/>\n<strong>Projection-rencontre \/\/<\/strong><br \/>\n<strong>Lou de mer, documentaire de Olivier Chasle (France-2023-52\u2019)<\/strong><\/p>\n<\/div>\n<\/div><\/div><\/div><div id=\"panel-6681-0-0-13\" class=\"so-panel widget widget_sow-image\" data-index=\"13\" ><div\n\t\t\t\n\t\t\tclass=\"so-widget-sow-image so-widget-sow-image-default-113ccd71f3e6-6681\"\n\t\t\t\n\t\t>\n<div class=\"sow-image-container\">\n\t\t<img \n\tsrc=\"https:\/\/aventuriersdelamer.fr\/wp-content\/uploads\/2023\/09\/lou-de-mer-1.png\" width=\"1920\" height=\"1080\" srcset=\"https:\/\/aventuriersdelamer.fr\/wp-content\/uploads\/2023\/09\/lou-de-mer-1.png 1920w, https:\/\/aventuriersdelamer.fr\/wp-content\/uploads\/2023\/09\/lou-de-mer-1-300x169.png 300w, https:\/\/aventuriersdelamer.fr\/wp-content\/uploads\/2023\/09\/lou-de-mer-1-1024x576.png 1024w, https:\/\/aventuriersdelamer.fr\/wp-content\/uploads\/2023\/09\/lou-de-mer-1-768x432.png 768w, https:\/\/aventuriersdelamer.fr\/wp-content\/uploads\/2023\/09\/lou-de-mer-1-600x338.png 600w, https:\/\/aventuriersdelamer.fr\/wp-content\/uploads\/2023\/09\/lou-de-mer-1-1536x864.png 1536w, https:\/\/aventuriersdelamer.fr\/wp-content\/uploads\/2023\/09\/lou-de-mer-1-500x281.png 500w\" sizes=\"(max-width: 1920px) 100vw, 1920px\" title=\"lou de mer 1\" alt=\"\" \t\tclass=\"so-widget-image\"\/>\n\t<\/div>\n\n<\/div><\/div><div id=\"panel-6681-0-0-14\" class=\"so-panel widget widget_sow-editor panel-last-child\" data-index=\"14\" ><div\n\t\t\t\n\t\t\tclass=\"so-widget-sow-editor so-widget-sow-editor-base\"\n\t\t\t\n\t\t>\n<div class=\"siteorigin-widget-tinymce textwidget\">\n\t<p><span style=\"color: #008080;\"><em>Lou, atteinte de scl\u00e9rose en plaques, monte \u00e0 Rennes et s'investit dans l'aventure Route du Rhum avec Thibault Vauchelles<\/em><\/span><\/p>\n<p>Suivie d\u2019une rencontre avec le r\u00e9alisateur<\/p>\n<\/div>\n<\/div><\/div><\/div><\/div><\/div>","protected":false},"excerpt":{"rendered":"<p>L&rsquo;aventure pour toutes et tous&nbsp;: la voile handi\/valide &nbsp; Le Festival souhaite encourager les initiatives pour que la voile en mer soit accessible au plus grand nombre, en situation d&rsquo;handicap.&nbsp; En partenariat avec l&rsquo;Universit&eacute; Bretagne Sud, Le Centre Nautique de &hellip; <a href=\"https:\/\/aventuriersdelamer.fr\/index.php\/voile-handi-valide\/\">Continuer la lecture <span class=\"meta-nav\">&rarr;<\/span><\/a><\/p>\n","protected":false},"author":1,"featured_media":6811,"parent":0,"menu_order":0,"comment_status":"closed","ping_status":"closed","template":"","meta":{"footnotes":""},"class_list":["post-6681","page","type-page","status-publish","has-post-thumbnail","hentry"],"yoast_head":"<!-- This site is optimized with the Yoast SEO plugin v27.3 - https:\/\/yoast.com\/product\/yoast-seo-wordpress\/ -->\n<title>Voile handi\/Valide - Festival Les Aventuriers de la Mer<\/title>\n<meta name=\"robots\" content=\"index, follow, max-snippet:-1, max-image-preview:large, max-video-preview:-1\" \/>\n<link rel=\"canonical\" href=\"https:\/\/aventuriersdelamer.fr\/index.php\/voile-handi-valide\/\" \/>\n<meta property=\"og:locale\" content=\"fr_FR\" \/>\n<meta property=\"og:type\" content=\"article\" \/>\n<meta property=\"og:title\" content=\"Voile handi\/Valide - Festival Les Aventuriers de la Mer\" \/>\n<meta property=\"og:description\" content=\"L&rsquo;aventure pour toutes et tous&nbsp;: la voile handi\/valide &nbsp; Le Festival souhaite encourager les initiatives pour que la voile en mer soit accessible au plus grand nombre, en situation d&rsquo;handicap.&nbsp; En partenariat avec l&rsquo;Universit&eacute; Bretagne Sud, Le Centre Nautique de &hellip; Continuer la lecture &rarr;\" \/>\n<meta property=\"og:url\" content=\"https:\/\/aventuriersdelamer.fr\/index.php\/voile-handi-valide\/\" \/>\n<meta property=\"og:site_name\" content=\"Festival Les Aventuriers de la Mer\" \/>\n<meta property=\"article:publisher\" content=\"https:\/\/www.facebook.com\/aventuriersdelamer\/\" \/>\n<meta property=\"article:modified_time\" content=\"2023-10-03T16:06:55+00:00\" \/>\n<meta property=\"og:image\" content=\"https:\/\/aventuriersdelamer.fr\/wp-content\/uploads\/2023\/09\/160-scaled.jpg\" \/>\n\t<meta property=\"og:image:width\" content=\"2560\" \/>\n\t<meta property=\"og:image:height\" content=\"1920\" \/>\n\t<meta property=\"og:image:type\" content=\"image\/jpeg\" \/>\n<meta name=\"twitter:card\" content=\"summary_large_image\" \/>\n<meta name=\"twitter:label1\" content=\"Dur\u00e9e de lecture estim\u00e9e\" \/>\n\t<meta name=\"twitter:data1\" content=\"2 minutes\" \/>\n<script type=\"application\/ld+json\" class=\"yoast-schema-graph\">{\"@context\":\"https:\\\/\\\/schema.org\",\"@graph\":[{\"@type\":\"WebPage\",\"@id\":\"https:\\\/\\\/aventuriersdelamer.fr\\\/index.php\\\/voile-handi-valide\\\/\",\"url\":\"https:\\\/\\\/aventuriersdelamer.fr\\\/index.php\\\/voile-handi-valide\\\/\",\"name\":\"Voile handi\\\/Valide - Festival Les Aventuriers de la Mer\",\"isPartOf\":{\"@id\":\"https:\\\/\\\/aventuriersdelamer.fr\\\/#website\"},\"primaryImageOfPage\":{\"@id\":\"https:\\\/\\\/aventuriersdelamer.fr\\\/index.php\\\/voile-handi-valide\\\/#primaryimage\"},\"image\":{\"@id\":\"https:\\\/\\\/aventuriersdelamer.fr\\\/index.php\\\/voile-handi-valide\\\/#primaryimage\"},\"thumbnailUrl\":\"https:\\\/\\\/aventuriersdelamer.fr\\\/wp-content\\\/uploads\\\/2023\\\/09\\\/160-scaled.jpg\",\"datePublished\":\"2023-09-17T08:51:03+00:00\",\"dateModified\":\"2023-10-03T16:06:55+00:00\",\"breadcrumb\":{\"@id\":\"https:\\\/\\\/aventuriersdelamer.fr\\\/index.php\\\/voile-handi-valide\\\/#breadcrumb\"},\"inLanguage\":\"fr-FR\",\"potentialAction\":[{\"@type\":\"ReadAction\",\"target\":[\"https:\\\/\\\/aventuriersdelamer.fr\\\/index.php\\\/voile-handi-valide\\\/\"]}]},{\"@type\":\"ImageObject\",\"inLanguage\":\"fr-FR\",\"@id\":\"https:\\\/\\\/aventuriersdelamer.fr\\\/index.php\\\/voile-handi-valide\\\/#primaryimage\",\"url\":\"https:\\\/\\\/aventuriersdelamer.fr\\\/wp-content\\\/uploads\\\/2023\\\/09\\\/160-scaled.jpg\",\"contentUrl\":\"https:\\\/\\\/aventuriersdelamer.fr\\\/wp-content\\\/uploads\\\/2023\\\/09\\\/160-scaled.jpg\",\"width\":2560,\"height\":1920,\"caption\":\"OLYMPUS DIGITAL CAMERA\"},{\"@type\":\"BreadcrumbList\",\"@id\":\"https:\\\/\\\/aventuriersdelamer.fr\\\/index.php\\\/voile-handi-valide\\\/#breadcrumb\",\"itemListElement\":[{\"@type\":\"ListItem\",\"position\":1,\"name\":\"Accueil\",\"item\":\"https:\\\/\\\/aventuriersdelamer.fr\\\/\"},{\"@type\":\"ListItem\",\"position\":2,\"name\":\"Voile handi\\\/Valide\"}]},{\"@type\":\"WebSite\",\"@id\":\"https:\\\/\\\/aventuriersdelamer.fr\\\/#website\",\"url\":\"https:\\\/\\\/aventuriersdelamer.fr\\\/\",\"name\":\"Festival Les Aventuriers de la Mer\",\"description\":\"Explorer, innover et enchanter le monde\",\"publisher\":{\"@id\":\"https:\\\/\\\/aventuriersdelamer.fr\\\/#organization\"},\"potentialAction\":[{\"@type\":\"SearchAction\",\"target\":{\"@type\":\"EntryPoint\",\"urlTemplate\":\"https:\\\/\\\/aventuriersdelamer.fr\\\/?s={search_term_string}\"},\"query-input\":{\"@type\":\"PropertyValueSpecification\",\"valueRequired\":true,\"valueName\":\"search_term_string\"}}],\"inLanguage\":\"fr-FR\"},{\"@type\":\"Organization\",\"@id\":\"https:\\\/\\\/aventuriersdelamer.fr\\\/#organization\",\"name\":\"Le Bruit du Vent\",\"url\":\"https:\\\/\\\/aventuriersdelamer.fr\\\/\",\"logo\":{\"@type\":\"ImageObject\",\"inLanguage\":\"fr-FR\",\"@id\":\"https:\\\/\\\/aventuriersdelamer.fr\\\/#\\\/schema\\\/logo\\\/image\\\/\",\"url\":\"https:\\\/\\\/aventuriersdelamer.fr\\\/wp-content\\\/uploads\\\/2016\\\/01\\\/4ECA575F-1CCB-41C9-AAC8-93902736151E.jpeg\",\"contentUrl\":\"https:\\\/\\\/aventuriersdelamer.fr\\\/wp-content\\\/uploads\\\/2016\\\/01\\\/4ECA575F-1CCB-41C9-AAC8-93902736151E.jpeg\",\"width\":222,\"height\":198,\"caption\":\"Le Bruit du Vent\"},\"image\":{\"@id\":\"https:\\\/\\\/aventuriersdelamer.fr\\\/#\\\/schema\\\/logo\\\/image\\\/\"},\"sameAs\":[\"https:\\\/\\\/www.facebook.com\\\/aventuriersdelamer\\\/\"]}]}<\/script>\n<!-- \/ Yoast SEO plugin. -->","yoast_head_json":{"title":"Voile handi\/Valide - Festival Les Aventuriers de la Mer","robots":{"index":"index","follow":"follow","max-snippet":"max-snippet:-1","max-image-preview":"max-image-preview:large","max-video-preview":"max-video-preview:-1"},"canonical":"https:\/\/aventuriersdelamer.fr\/index.php\/voile-handi-valide\/","og_locale":"fr_FR","og_type":"article","og_title":"Voile handi\/Valide - Festival Les Aventuriers de la Mer","og_description":"L&rsquo;aventure pour toutes et tous&nbsp;: la voile handi\/valide &nbsp; Le Festival souhaite encourager les initiatives pour que la voile en mer soit accessible au plus grand nombre, en situation d&rsquo;handicap.&nbsp; En partenariat avec l&rsquo;Universit&eacute; Bretagne Sud, Le Centre Nautique de &hellip; Continuer la lecture &rarr;","og_url":"https:\/\/aventuriersdelamer.fr\/index.php\/voile-handi-valide\/","og_site_name":"Festival Les Aventuriers de la Mer","article_publisher":"https:\/\/www.facebook.com\/aventuriersdelamer\/","article_modified_time":"2023-10-03T16:06:55+00:00","og_image":[{"width":2560,"height":1920,"url":"https:\/\/aventuriersdelamer.fr\/wp-content\/uploads\/2023\/09\/160-scaled.jpg","type":"image\/jpeg"}],"twitter_card":"summary_large_image","twitter_misc":{"Dur\u00e9e de lecture estim\u00e9e":"2 minutes"},"schema":{"@context":"https:\/\/schema.org","@graph":[{"@type":"WebPage","@id":"https:\/\/aventuriersdelamer.fr\/index.php\/voile-handi-valide\/","url":"https:\/\/aventuriersdelamer.fr\/index.php\/voile-handi-valide\/","name":"Voile handi\/Valide - Festival Les Aventuriers de la Mer","isPartOf":{"@id":"https:\/\/aventuriersdelamer.fr\/#website"},"primaryImageOfPage":{"@id":"https:\/\/aventuriersdelamer.fr\/index.php\/voile-handi-valide\/#primaryimage"},"image":{"@id":"https:\/\/aventuriersdelamer.fr\/index.php\/voile-handi-valide\/#primaryimage"},"thumbnailUrl":"https:\/\/aventuriersdelamer.fr\/wp-content\/uploads\/2023\/09\/160-scaled.jpg","datePublished":"2023-09-17T08:51:03+00:00","dateModified":"2023-10-03T16:06:55+00:00","breadcrumb":{"@id":"https:\/\/aventuriersdelamer.fr\/index.php\/voile-handi-valide\/#breadcrumb"},"inLanguage":"fr-FR","potentialAction":[{"@type":"ReadAction","target":["https:\/\/aventuriersdelamer.fr\/index.php\/voile-handi-valide\/"]}]},{"@type":"ImageObject","inLanguage":"fr-FR","@id":"https:\/\/aventuriersdelamer.fr\/index.php\/voile-handi-valide\/#primaryimage","url":"https:\/\/aventuriersdelamer.fr\/wp-content\/uploads\/2023\/09\/160-scaled.jpg","contentUrl":"https:\/\/aventuriersdelamer.fr\/wp-content\/uploads\/2023\/09\/160-scaled.jpg","width":2560,"height":1920,"caption":"OLYMPUS DIGITAL CAMERA"},{"@type":"BreadcrumbList","@id":"https:\/\/aventuriersdelamer.fr\/index.php\/voile-handi-valide\/#breadcrumb","itemListElement":[{"@type":"ListItem","position":1,"name":"Accueil","item":"https:\/\/aventuriersdelamer.fr\/"},{"@type":"ListItem","position":2,"name":"Voile handi\/Valide"}]},{"@type":"WebSite","@id":"https:\/\/aventuriersdelamer.fr\/#website","url":"https:\/\/aventuriersdelamer.fr\/","name":"Festival Les Aventuriers de la Mer","description":"Explorer, innover et enchanter le monde","publisher":{"@id":"https:\/\/aventuriersdelamer.fr\/#organization"},"potentialAction":[{"@type":"SearchAction","target":{"@type":"EntryPoint","urlTemplate":"https:\/\/aventuriersdelamer.fr\/?s={search_term_string}"},"query-input":{"@type":"PropertyValueSpecification","valueRequired":true,"valueName":"search_term_string"}}],"inLanguage":"fr-FR"},{"@type":"Organization","@id":"https:\/\/aventuriersdelamer.fr\/#organization","name":"Le Bruit du Vent","url":"https:\/\/aventuriersdelamer.fr\/","logo":{"@type":"ImageObject","inLanguage":"fr-FR","@id":"https:\/\/aventuriersdelamer.fr\/#\/schema\/logo\/image\/","url":"https:\/\/aventuriersdelamer.fr\/wp-content\/uploads\/2016\/01\/4ECA575F-1CCB-41C9-AAC8-93902736151E.jpeg","contentUrl":"https:\/\/aventuriersdelamer.fr\/wp-content\/uploads\/2016\/01\/4ECA575F-1CCB-41C9-AAC8-93902736151E.jpeg","width":222,"height":198,"caption":"Le Bruit du Vent"},"image":{"@id":"https:\/\/aventuriersdelamer.fr\/#\/schema\/logo\/image\/"},"sameAs":["https:\/\/www.facebook.com\/aventuriersdelamer\/"]}]}},"_links":{"self":[{"href":"https:\/\/aventuriersdelamer.fr\/index.php\/wp-json\/wp\/v2\/pages\/6681","targetHints":{"allow":["GET"]}}],"collection":[{"href":"https:\/\/aventuriersdelamer.fr\/index.php\/wp-json\/wp\/v2\/pages"}],"about":[{"href":"https:\/\/aventuriersdelamer.fr\/index.php\/wp-json\/wp\/v2\/types\/page"}],"author":[{"embeddable":true,"href":"https:\/\/aventuriersdelamer.fr\/index.php\/wp-json\/wp\/v2\/users\/1"}],"replies":[{"embeddable":true,"href":"https:\/\/aventuriersdelamer.fr\/index.php\/wp-json\/wp\/v2\/comments?post=6681"}],"version-history":[{"count":14,"href":"https:\/\/aventuriersdelamer.fr\/index.php\/wp-json\/wp\/v2\/pages\/6681\/revisions"}],"predecessor-version":[{"id":7140,"href":"https:\/\/aventuriersdelamer.fr\/index.php\/wp-json\/wp\/v2\/pages\/6681\/revisions\/7140"}],"wp:featuredmedia":[{"embeddable":true,"href":"https:\/\/aventuriersdelamer.fr\/index.php\/wp-json\/wp\/v2\/media\/6811"}],"wp:attachment":[{"href":"https:\/\/aventuriersdelamer.fr\/index.php\/wp-json\/wp\/v2\/media?parent=6681"}],"curies":[{"name":"wp","href":"https:\/\/api.w.org\/{rel}","templated":true}]}}