{"id":6280,"date":"2023-09-09T10:13:07","date_gmt":"2023-09-09T09:13:07","guid":{"rendered":"http:\/\/aventuriersdelamer.fr\/?page_id=6280"},"modified":"2023-09-09T10:13:07","modified_gmt":"2023-09-09T09:13:07","slug":"spectacles-23","status":"publish","type":"page","link":"https:\/\/aventuriersdelamer.fr\/index.php\/spectacles-23\/","title":{"rendered":"Spectacles"},"content":{"rendered":"<div id=\"pl-6280\"  class=\"panel-layout\" ><div id=\"pg-6280-0\"  class=\"panel-grid panel-no-style\" ><div id=\"pgc-6280-0-0\"  class=\"panel-grid-cell\" ><div id=\"panel-6280-0-0-0\" class=\"so-panel widget widget_sow-editor panel-first-child panel-last-child\" data-index=\"0\" ><div\n\t\t\t\n\t\t\tclass=\"so-widget-sow-editor so-widget-sow-editor-base\"\n\t\t\t\n\t\t>\n<div class=\"siteorigin-widget-tinymce textwidget\">\n\t<p>Deux spectacles sur site, \u00e0 la Cit\u00e9 de la Voile Eric Tabarly, et un spectacle au Th\u00e9\u00e2tre de Lorient... Quand mers et probl\u00e9matiques contemporaines se conjuguent en mode artistique !<\/p>\n<\/div>\n<\/div><\/div><\/div><\/div><div id=\"pg-6280-1\"  class=\"panel-grid panel-no-style\" ><div id=\"pgc-6280-1-0\"  class=\"panel-grid-cell\" ><div id=\"panel-6280-1-0-0\" class=\"so-panel widget widget_sow-hero panel-first-child panel-last-child\" data-index=\"1\" ><div\n\t\t\t\n\t\t\tclass=\"so-widget-sow-hero so-widget-sow-hero-default-6e283e92799f-6280 so-widget-fittext-wrapper\"\n\t\t\t data-fit-text-compressor=\"0.85\"\n\t\t>\t\t\t\t<div class=\"sow-slider-base\" style=\"display: none\" tabindex=\"0\">\n\t\t\t\t\t<ul\n\t\t\t\t\tclass=\"sow-slider-images\"\n\t\t\t\t\tdata-settings=\"{&quot;pagination&quot;:true,&quot;speed&quot;:800,&quot;timeout&quot;:8000,&quot;paused&quot;:false,&quot;pause_on_hover&quot;:false,&quot;swipe&quot;:true,&quot;nav_always_show_desktop&quot;:&quot;&quot;,&quot;nav_always_show_mobile&quot;:&quot;&quot;,&quot;breakpoint&quot;:&quot;780px&quot;,&quot;unmute&quot;:false,&quot;anchor&quot;:null}\"\n\t\t\t\t\t\t\t\t\t\tdata-anchor-id=\"\"\n\t\t\t\t>\t\t<li class=\"sow-slider-image  sow-slider-image-cover\" style=\"visibility: visible;;background-color: #333333;background-image: url(https:\/\/aventuriersdelamer.fr\/wp-content\/uploads\/2023\/09\/\u00a9-Jacques-Nicolas-Landerneau-scaled.jpg)\" >\n\t\t\t\t\t<div class=\"sow-slider-image-container\">\n\t\t\t<div class=\"sow-slider-image-wrapper\">\n\t\t\t\t<p><strong>Quand viendra la vague<\/strong><\/p>\n\t\t\t<\/div>\n\t\t<\/div>\n\t\t\t\t<\/li>\n\t\t<\/ul>\t\t\t\t<ol class=\"sow-slider-pagination\">\n\t\t\t\t\t\t\t\t\t\t\t<li><a href=\"#\" data-goto=\"0\" aria-label=\"Display slide 1\"><\/a><\/li>\n\t\t\t\t\t\t\t\t\t<\/ol>\n\n\t\t\t\t<div class=\"sow-slide-nav sow-slide-nav-next\">\n\t\t\t\t\t<a href=\"#\" data-goto=\"next\" aria-label=\"Next slide\" data-action=\"next\">\n\t\t\t\t\t\t<em class=\"sow-sld-icon-thin-right\"><\/em>\n\t\t\t\t\t<\/a>\n\t\t\t\t<\/div>\n\n\t\t\t\t<div class=\"sow-slide-nav sow-slide-nav-prev\">\n\t\t\t\t\t<a href=\"#\" data-goto=\"previous\" aria-label=\"Previous slide\" data-action=\"prev\">\n\t\t\t\t\t\t<em class=\"sow-sld-icon-thin-left\"><\/em>\n\t\t\t\t\t<\/a>\n\t\t\t\t<\/div>\n\t\t\t\t<\/div><\/div><\/div><\/div><div id=\"pgc-6280-1-1\"  class=\"panel-grid-cell\" ><div id=\"panel-6280-1-1-0\" class=\"so-panel widget widget_sow-hero panel-first-child panel-last-child\" data-index=\"2\" ><div\n\t\t\t\n\t\t\tclass=\"so-widget-sow-hero so-widget-sow-hero-default-6e283e92799f-6280 so-widget-fittext-wrapper\"\n\t\t\t data-fit-text-compressor=\"0.85\"\n\t\t>\t\t\t\t<div class=\"sow-slider-base\" style=\"display: none\" tabindex=\"0\">\n\t\t\t\t\t<ul\n\t\t\t\t\tclass=\"sow-slider-images\"\n\t\t\t\t\tdata-settings=\"{&quot;pagination&quot;:true,&quot;speed&quot;:800,&quot;timeout&quot;:8000,&quot;paused&quot;:false,&quot;pause_on_hover&quot;:false,&quot;swipe&quot;:true,&quot;nav_always_show_desktop&quot;:&quot;&quot;,&quot;nav_always_show_mobile&quot;:&quot;&quot;,&quot;breakpoint&quot;:&quot;780px&quot;,&quot;unmute&quot;:false,&quot;anchor&quot;:null}\"\n\t\t\t\t\t\t\t\t\t\tdata-anchor-id=\"\"\n\t\t\t\t>\t\t<li class=\"sow-slider-image  sow-slider-image-cover\" style=\"visibility: visible;;background-color: #333333;background-image: url(https:\/\/aventuriersdelamer.fr\/wp-content\/uploads\/2023\/09\/PPPP.jpg)\" >\n\t\t\t\t\t<div class=\"sow-slider-image-container\">\n\t\t\t<div class=\"sow-slider-image-wrapper\">\n\t\t\t\t<p><strong>PPPPPP<\/strong><\/p>\n\t\t\t<\/div>\n\t\t<\/div>\n\t\t\t\t<\/li>\n\t\t<\/ul>\t\t\t\t<ol class=\"sow-slider-pagination\">\n\t\t\t\t\t\t\t\t\t\t\t<li><a href=\"#\" data-goto=\"0\" aria-label=\"Display slide 1\"><\/a><\/li>\n\t\t\t\t\t\t\t\t\t<\/ol>\n\n\t\t\t\t<div class=\"sow-slide-nav sow-slide-nav-next\">\n\t\t\t\t\t<a href=\"#\" data-goto=\"next\" aria-label=\"Next slide\" data-action=\"next\">\n\t\t\t\t\t\t<em class=\"sow-sld-icon-thin-right\"><\/em>\n\t\t\t\t\t<\/a>\n\t\t\t\t<\/div>\n\n\t\t\t\t<div class=\"sow-slide-nav sow-slide-nav-prev\">\n\t\t\t\t\t<a href=\"#\" data-goto=\"previous\" aria-label=\"Previous slide\" data-action=\"prev\">\n\t\t\t\t\t\t<em class=\"sow-sld-icon-thin-left\"><\/em>\n\t\t\t\t\t<\/a>\n\t\t\t\t<\/div>\n\t\t\t\t<\/div><\/div><\/div><\/div><div id=\"pgc-6280-1-2\"  class=\"panel-grid-cell\" ><div id=\"panel-6280-1-2-0\" class=\"so-panel widget widget_sow-hero panel-first-child panel-last-child\" data-index=\"3\" ><div\n\t\t\t\n\t\t\tclass=\"so-widget-sow-hero so-widget-sow-hero-default-6e283e92799f-6280 so-widget-fittext-wrapper\"\n\t\t\t data-fit-text-compressor=\"0.85\"\n\t\t>\t\t\t\t<div class=\"sow-slider-base\" style=\"display: none\" tabindex=\"0\">\n\t\t\t\t\t<ul\n\t\t\t\t\tclass=\"sow-slider-images\"\n\t\t\t\t\tdata-settings=\"{&quot;pagination&quot;:true,&quot;speed&quot;:800,&quot;timeout&quot;:8000,&quot;paused&quot;:false,&quot;pause_on_hover&quot;:false,&quot;swipe&quot;:true,&quot;nav_always_show_desktop&quot;:&quot;&quot;,&quot;nav_always_show_mobile&quot;:&quot;&quot;,&quot;breakpoint&quot;:&quot;780px&quot;,&quot;unmute&quot;:false,&quot;anchor&quot;:null}\"\n\t\t\t\t\t\t\t\t\t\tdata-anchor-id=\"\"\n\t\t\t\t>\t\t<li class=\"sow-slider-image  sow-slider-image-cover\" style=\"visibility: visible;;background-color: #333333;background-image: url(https:\/\/aventuriersdelamer.fr\/wp-content\/uploads\/2023\/09\/grande-maree.jpg)\" >\n\t\t\t\t\t<div class=\"sow-slider-image-container\">\n\t\t\t<div class=\"sow-slider-image-wrapper\">\n\t\t\t\t<p><strong>La grande mar\u00e9e<br \/>\n<\/strong><\/p>\n\t\t\t<\/div>\n\t\t<\/div>\n\t\t\t\t<\/li>\n\t\t<\/ul>\t\t\t\t<ol class=\"sow-slider-pagination\">\n\t\t\t\t\t\t\t\t\t\t\t<li><a href=\"#\" data-goto=\"0\" aria-label=\"Display slide 1\"><\/a><\/li>\n\t\t\t\t\t\t\t\t\t<\/ol>\n\n\t\t\t\t<div class=\"sow-slide-nav sow-slide-nav-next\">\n\t\t\t\t\t<a href=\"#\" data-goto=\"next\" aria-label=\"Next slide\" data-action=\"next\">\n\t\t\t\t\t\t<em class=\"sow-sld-icon-thin-right\"><\/em>\n\t\t\t\t\t<\/a>\n\t\t\t\t<\/div>\n\n\t\t\t\t<div class=\"sow-slide-nav sow-slide-nav-prev\">\n\t\t\t\t\t<a href=\"#\" data-goto=\"previous\" aria-label=\"Previous slide\" data-action=\"prev\">\n\t\t\t\t\t\t<em class=\"sow-sld-icon-thin-left\"><\/em>\n\t\t\t\t\t<\/a>\n\t\t\t\t<\/div>\n\t\t\t\t<\/div><\/div><\/div><\/div><\/div><div id=\"pg-6280-2\"  class=\"panel-grid panel-no-style\" ><div id=\"pgc-6280-2-0\"  class=\"panel-grid-cell\" ><div id=\"panel-6280-2-0-0\" class=\"so-panel widget widget_sow-image panel-first-child\" data-index=\"4\" ><div\n\t\t\t\n\t\t\tclass=\"so-widget-sow-image so-widget-sow-image-default-8b5b6f678277-6280\"\n\t\t\t\n\t\t>\n<div class=\"sow-image-container\">\n\t\t<img \n\tsrc=\"https:\/\/aventuriersdelamer.fr\/wp-content\/uploads\/2023\/09\/\u00a9-Jacques-Nicolas-Landerneau-scaled.jpg\" width=\"2560\" height=\"1463\" srcset=\"https:\/\/aventuriersdelamer.fr\/wp-content\/uploads\/2023\/09\/\u00a9-Jacques-Nicolas-Landerneau-scaled.jpg 2560w, https:\/\/aventuriersdelamer.fr\/wp-content\/uploads\/2023\/09\/\u00a9-Jacques-Nicolas-Landerneau-300x171.jpg 300w, https:\/\/aventuriersdelamer.fr\/wp-content\/uploads\/2023\/09\/\u00a9-Jacques-Nicolas-Landerneau-1024x585.jpg 1024w, https:\/\/aventuriersdelamer.fr\/wp-content\/uploads\/2023\/09\/\u00a9-Jacques-Nicolas-Landerneau-768x439.jpg 768w, https:\/\/aventuriersdelamer.fr\/wp-content\/uploads\/2023\/09\/\u00a9-Jacques-Nicolas-Landerneau-600x343.jpg 600w, https:\/\/aventuriersdelamer.fr\/wp-content\/uploads\/2023\/09\/\u00a9-Jacques-Nicolas-Landerneau-1536x878.jpg 1536w, https:\/\/aventuriersdelamer.fr\/wp-content\/uploads\/2023\/09\/\u00a9-Jacques-Nicolas-Landerneau-2048x1170.jpg 2048w, https:\/\/aventuriersdelamer.fr\/wp-content\/uploads\/2023\/09\/\u00a9-Jacques-Nicolas-Landerneau-500x286.jpg 500w\" sizes=\"(max-width: 2560px) 100vw, 2560px\" title=\"\u00a9 Jacques Nicolas &#8211; Landerneau\" alt=\"\" \t\tclass=\"so-widget-image\"\/>\n\t<\/div>\n\n<\/div><\/div><div id=\"panel-6280-2-0-1\" class=\"so-panel widget widget_sow-editor\" data-index=\"5\" ><div\n\t\t\t\n\t\t\tclass=\"so-widget-sow-editor so-widget-sow-editor-base\"\n\t\t\t\n\t\t>\n<div class=\"siteorigin-widget-tinymce textwidget\">\n\t<p><span style=\"color: #003366;\"><strong>QUAND VIENDRA LA VAGUE<\/strong><\/span><br \/>\n<em>Spectacle de rue du Collectif La Fugue<\/em><br \/>\n<em>d'apr\u00e8s un texte d'Alice Zeniter<\/em><\/p>\n<p><em>Et si, face \u00e0 une violente et in\u00e9vitable mont\u00e9e des eaux, deux jeunes amants<\/em><br \/>\n<em>s\u2019amusaient \u00e0 un jeu de r\u00f4le sur la s\u00e9lection des survivant\u00b7e\u00b7s ? Ils en sont s\u00fbrs, la Vague arrive et les c\u00f4tes du monde en seront les premi\u00e8res victimes. Perch\u00e9s sur le plus haut sommet de leur \u00eele natale, Mateo et Letizia l\u2019attendent. Pour s\u2019occuper, ils endossent les costumes de celles et ceux qui viendront s\u2019y r\u00e9fugier.Mais l\u2019\u00eele est petite et leur bout de rocher pourra-t-il accueillir tout le monde ? Et au fond, tout le monde m\u00e9rite-t-il d\u2019\u00eatre sauv\u00e9 ? M\u00eame leur premier patron sadique ? L\u2019homme aux mains baladeuses ou le voleur de portefeuille du 2 juillet 2003 ? C\u00e9cilia de la classe de 5\u00e8me ? Et que faire des responsables de cette catastrophe climatique ? Ou de cet oiseau dont la t\u00eate ne leur revient pas ?<\/em><\/p>\n<p>Fable \u00e9cologique et apocalyptique d\u2019Alice Zeniter, Quand viendra la vague est une com\u00e9die humaine aux allures de Jugement dernier.<\/p>\n<p><strong>Conception et interpr\u00e9tation Collectif La Fugue\u00a0<\/strong>: Pierre-Alexandre Culo, Ir\u00e8ne Le Gou\u00e9 \/ <strong>Mise en sc\u00e8ne\u00a0<\/strong>: Fiona Hamonic \/ <strong>Sc\u00e9nographie\u00a0:<\/strong> Edgar Flaw, Simon Lagouche \/ <strong>R\u00e9gie<\/strong>\u00a0\u00a0: Gaidig Bleinhant<\/p>\n<pre><span style=\"color: #666699;\"><strong>Dimanche 15 octobre - 15h<\/strong><\/span>\n<span style=\"color: #666699;\">Dur\u00e9e : 1h \/ tout public \/ Gratuit\nRendez-vous \u00e0 15h devant la Cit\u00e9 de la Voile Eric Tabarly. \nCheminement de 10 mn vers le lieu du spectacle \u2026<\/span><\/pre>\n<\/div>\n<\/div><\/div><div id=\"panel-6280-2-0-2\" class=\"so-panel widget widget_sow-image\" data-index=\"6\" ><div\n\t\t\t\n\t\t\tclass=\"so-widget-sow-image so-widget-sow-image-default-8b5b6f678277-6280\"\n\t\t\t\n\t\t>\n<div class=\"sow-image-container\">\n\t\t<img \n\tsrc=\"https:\/\/aventuriersdelamer.fr\/wp-content\/uploads\/2023\/09\/PPPP.jpg\" width=\"834\" height=\"417\" srcset=\"https:\/\/aventuriersdelamer.fr\/wp-content\/uploads\/2023\/09\/PPPP.jpg 834w, https:\/\/aventuriersdelamer.fr\/wp-content\/uploads\/2023\/09\/PPPP-300x150.jpg 300w, https:\/\/aventuriersdelamer.fr\/wp-content\/uploads\/2023\/09\/PPPP-768x384.jpg 768w, https:\/\/aventuriersdelamer.fr\/wp-content\/uploads\/2023\/09\/PPPP-600x300.jpg 600w, https:\/\/aventuriersdelamer.fr\/wp-content\/uploads\/2023\/09\/PPPP-500x250.jpg 500w\" sizes=\"(max-width: 834px) 100vw, 834px\" alt=\"\" \t\tclass=\"so-widget-image\"\/>\n\t<\/div>\n\n<\/div><\/div><div id=\"panel-6280-2-0-3\" class=\"so-panel widget widget_sow-editor\" data-index=\"7\" ><div\n\t\t\t\n\t\t\tclass=\"so-widget-sow-editor so-widget-sow-editor-base\"\n\t\t\t\n\t\t>\n<div class=\"siteorigin-widget-tinymce textwidget\">\n\t<p><span style=\"color: #003366;\"><strong>LE PPPPPP (Projet Pop Pop portuaire pour Peillac)<\/strong><\/span><br \/>\n<em>Th\u00e9\u00e2tre de rue de la Compagnie Orange Givr\u00e9e<\/em><\/p>\n<p><em>La croissance est en berne, le moral des m\u00e9nages est au plus bas... Mais, Patrice Piguel, jeune PDG de la toute nouvelle holding \u00ab PPPPPP \u00bb, assist\u00e9 de son ing\u00e9nieur-technicien, peaufine un projet structurant pour le territoire, innovant, \u00e0 fort potentiel lucratif, pour remettre \u00e0 flots l\u2019\u00e9conomie : Un Pop-Pop Port Pour Peillac !<\/em><br \/>\n<em>Maquette \u00e0 l\u2019\u00e9chelle 1\/69e \u00e0 l\u2019appui, ils vous pr\u00e9sentent tous les bienfaits de cette infrastructure, futuriste !<\/em><\/p>\n<p>Avec Anthony S\u00e9razin (com\u00e9dien) et Ago Bardoul (com\u00e9dien &amp; concepteur du circuit)<\/p>\n<pre><strong><span style=\"color: #333399;\">Samedi 14\u00a0 et dimanche 15 octobre<\/span><\/strong>\n<span style=\"color: #333399;\">Dur\u00e9e : de 25\u2019 \u00e0 4h \/ Tout public<\/span>\n<span style=\"color: #333399;\">Parvis Cit\u00e9 de la Voile Eric Tabarly<\/span><\/pre>\n<\/div>\n<\/div><\/div><div id=\"panel-6280-2-0-4\" class=\"so-panel widget widget_sow-image\" data-index=\"8\" ><div\n\t\t\t\n\t\t\tclass=\"so-widget-sow-image so-widget-sow-image-default-8b5b6f678277-6280\"\n\t\t\t\n\t\t>\n<div class=\"sow-image-container\">\n\t\t<img \n\tsrc=\"https:\/\/aventuriersdelamer.fr\/wp-content\/uploads\/2023\/09\/grande-maree.jpg\" width=\"834\" height=\"417\" srcset=\"https:\/\/aventuriersdelamer.fr\/wp-content\/uploads\/2023\/09\/grande-maree.jpg 834w, https:\/\/aventuriersdelamer.fr\/wp-content\/uploads\/2023\/09\/grande-maree-300x150.jpg 300w, https:\/\/aventuriersdelamer.fr\/wp-content\/uploads\/2023\/09\/grande-maree-768x384.jpg 768w, https:\/\/aventuriersdelamer.fr\/wp-content\/uploads\/2023\/09\/grande-maree-600x300.jpg 600w, https:\/\/aventuriersdelamer.fr\/wp-content\/uploads\/2023\/09\/grande-maree-500x250.jpg 500w\" sizes=\"(max-width: 834px) 100vw, 834px\" title=\"grande maree\" alt=\"\" \t\tclass=\"so-widget-image\"\/>\n\t<\/div>\n\n<\/div><\/div><div id=\"panel-6280-2-0-5\" class=\"so-panel widget widget_sow-editor\" data-index=\"9\" ><div\n\t\t\t\n\t\t\tclass=\"so-widget-sow-editor so-widget-sow-editor-base\"\n\t\t\t\n\t\t>\n<div class=\"siteorigin-widget-tinymce textwidget\">\n\t<p><span style=\"color: #000080;\"><strong>La\u00a0Grande\u00a0Mar\u00e9e\u00a0<\/strong><\/span><br \/>\n<em><span style=\"color: #000080;\">Spectacle de l'Ecole Parall\u00e8le Imaginaire<\/span><\/em><\/p>\n<p><em>Les abysses oc\u00e9aniques comme les imaginaires humains abritent l\u2019inconnu... En enqu\u00eatant sur les multiples exp\u00e9ditions \u00e9chou\u00e9es vers l\u2019Atlantide, l\u2019\u00e9crivain Martin Mongin, l\u2019utopiste Simon Gauchet et leurs acolytes nous entra\u00eenent dans un vertige philosophique, scientifique et sensible vers \u00ab\u2009ce qui g\u00eet, englouti, dans l\u2019inconscient de l\u2019humanit\u00e9\u2009\u00bb.<\/em><\/p>\n<p>Et si l\u2019Atlantide, cit\u00e9 mythique submerg\u00e9e, symbolisait une catastrophe originelle\u2009? Et si c\u2019\u00e9tait la trace de cet effondrement premier que cherchaient dans leur propre psych\u00e9 celles et ceux qui partent en qu\u00eate du continent disparu\u2009? La Grande Mar\u00e9e, image du lointain retrait des eaux et de sa remont\u00e9e, nourrit l\u2019imaginaire de l\u2019\u00e9quipe artistique. Simon Gauchet part \u00e0 son tour en qu\u00eate de ce qui est englouti en nous et hors de nous, de Saint-Just \u00e0 Santorin via le Cap Fr\u00e9hel et le mont Saint-Michel. L\u2019\u00e9pop\u00e9e rapport\u00e9e au plateau r\u00e9v\u00e8le une exp\u00e9rience aussi fascinante que myst\u00e9rieuse.<\/p>\n<p><strong>Texte<\/strong> Martin Mongin \/ <strong>Conception et mise en sc\u00e8ne<\/strong> Simon Gauchet<\/p>\n<pre>Jeudi 12 et vendredi 13 octobre \n20h \/\/Th\u00e9\u00e2tre de Lorient \u2013 Salle Marguerite Duras\nR\u00e9servations : <a href=\"http:\/\/theatredelorient.fr\/\">Th\u00e9\u00e2tre de Lorient - centre Dramatique National<\/a><\/pre>\n<p>&nbsp;<\/p>\n<\/div>\n<\/div><\/div><div id=\"panel-6280-2-0-6\" class=\"so-panel widget widget_sow-editor panel-last-child\" data-index=\"10\" ><div class=\"panel-widget-style panel-widget-style-for-6280-2-0-6\" ><div\n\t\t\t\n\t\t\tclass=\"so-widget-sow-editor so-widget-sow-editor-base\"\n\t\t\t\n\t\t>\n<div class=\"siteorigin-widget-tinymce textwidget\">\n\t<p><strong>Les Aventuriers on air !<\/strong> Pour ouvrir le Festival et en lien avec les repr\u00e9sentations de \"La Grande Mar\u00e9e\", venez assister <strong>au plateau radiophonique de Radio Balises<\/strong> dans le cadre de son \u00e9mission \u00ab La quotidienne \u00bb<\/p>\n<p><strong>Rencontre-lecture \/\/ A la recherche de nos r\u00eaves engloutis : les imaginaires sous-marins<\/strong><\/p>\n<p><em>Que cherche-t-on sous la mer ? Des \u00e9paves, des tr\u00e9sors\u2026 une qu\u00eate de soi ? Entre recherche scientifique et sensations d\u2019\u00e9merveillements, partons \u00e0 la d\u00e9couverte des fonds marins\u2026<\/em><\/p>\n<p>Avec :\u00a0\u00a0 <strong>Simon Gauchet,<\/strong> acteur, metteur en sc\u00e8ne, sc\u00e9nographe et plasticien,\u00a0 la <strong>SAMM<\/strong> (Soci\u00e9t\u00e9 d\u2019arch\u00e9ologie et de m\u00e9moire maritime) et <strong>S\u00e9bastien Thi\u00e9bot,<\/strong> r\u00e9alisateur, sp\u00e9cialiste des images sous-marines et oc\u00e9anographiques<\/p>\n<p><strong>Suivie d\u2019un extrait lu de \u00ab\u00a0La grande mar\u00e9e\u00a0\u00bb par Simon Gauchet\u00a0<\/strong><\/p>\n<pre><span style=\"color: #333399;\">Mercredi 11 octobre 19h-20h15 \/\/ Studio Joseph Ponthus <\/span>\n<span style=\"color: #333399;\">Th\u00e9\u00e2tre de Lorient, \u2013 Centre dramatique national<\/span>\n<span style=\"color: #333399;\">R\u00e9servation conseill\u00e9e<\/span><\/pre>\n<\/div>\n<\/div><\/div><\/div><\/div><\/div><\/div>","protected":false},"excerpt":{"rendered":"<p>Deux spectacles sur site, &agrave; la Cit&eacute; de la Voile Eric Tabarly, et un spectacle au Th&eacute;&acirc;tre de Lorient&#8230; Quand mers et probl&eacute;matiques contemporaines se conjuguent en mode artistique !<\/p>\n","protected":false},"author":1,"featured_media":0,"parent":0,"menu_order":0,"comment_status":"closed","ping_status":"closed","template":"","meta":{"footnotes":""},"class_list":["post-6280","page","type-page","status-publish","hentry"],"yoast_head":"<!-- This site is optimized with the Yoast SEO plugin v27.3 - https:\/\/yoast.com\/product\/yoast-seo-wordpress\/ -->\n<title>Spectacles - Festival Les Aventuriers de la Mer<\/title>\n<meta name=\"robots\" content=\"index, follow, max-snippet:-1, max-image-preview:large, max-video-preview:-1\" \/>\n<link rel=\"canonical\" href=\"https:\/\/aventuriersdelamer.fr\/index.php\/spectacles-23\/\" \/>\n<meta property=\"og:locale\" content=\"fr_FR\" \/>\n<meta property=\"og:type\" content=\"article\" \/>\n<meta property=\"og:title\" content=\"Spectacles - Festival Les Aventuriers de la Mer\" \/>\n<meta property=\"og:description\" content=\"Deux spectacles sur site, &agrave; la Cit&eacute; de la Voile Eric Tabarly, et un spectacle au Th&eacute;&acirc;tre de Lorient... Quand mers et probl&eacute;matiques contemporaines se conjuguent en mode artistique !\" \/>\n<meta property=\"og:url\" content=\"https:\/\/aventuriersdelamer.fr\/index.php\/spectacles-23\/\" \/>\n<meta property=\"og:site_name\" content=\"Festival Les Aventuriers de la Mer\" \/>\n<meta property=\"article:publisher\" content=\"https:\/\/www.facebook.com\/aventuriersdelamer\/\" \/>\n<meta name=\"twitter:card\" content=\"summary_large_image\" \/>\n<meta name=\"twitter:label1\" content=\"Dur\u00e9e de lecture estim\u00e9e\" \/>\n\t<meta name=\"twitter:data1\" content=\"4 minutes\" \/>\n<script type=\"application\/ld+json\" class=\"yoast-schema-graph\">{\"@context\":\"https:\\\/\\\/schema.org\",\"@graph\":[{\"@type\":\"WebPage\",\"@id\":\"https:\\\/\\\/aventuriersdelamer.fr\\\/index.php\\\/spectacles-23\\\/\",\"url\":\"https:\\\/\\\/aventuriersdelamer.fr\\\/index.php\\\/spectacles-23\\\/\",\"name\":\"Spectacles - Festival Les Aventuriers de la Mer\",\"isPartOf\":{\"@id\":\"https:\\\/\\\/aventuriersdelamer.fr\\\/#website\"},\"datePublished\":\"2023-09-09T09:13:07+00:00\",\"breadcrumb\":{\"@id\":\"https:\\\/\\\/aventuriersdelamer.fr\\\/index.php\\\/spectacles-23\\\/#breadcrumb\"},\"inLanguage\":\"fr-FR\",\"potentialAction\":[{\"@type\":\"ReadAction\",\"target\":[\"https:\\\/\\\/aventuriersdelamer.fr\\\/index.php\\\/spectacles-23\\\/\"]}]},{\"@type\":\"BreadcrumbList\",\"@id\":\"https:\\\/\\\/aventuriersdelamer.fr\\\/index.php\\\/spectacles-23\\\/#breadcrumb\",\"itemListElement\":[{\"@type\":\"ListItem\",\"position\":1,\"name\":\"Accueil\",\"item\":\"https:\\\/\\\/aventuriersdelamer.fr\\\/\"},{\"@type\":\"ListItem\",\"position\":2,\"name\":\"Spectacles\"}]},{\"@type\":\"WebSite\",\"@id\":\"https:\\\/\\\/aventuriersdelamer.fr\\\/#website\",\"url\":\"https:\\\/\\\/aventuriersdelamer.fr\\\/\",\"name\":\"Festival Les Aventuriers de la Mer\",\"description\":\"Explorer, innover et enchanter le monde\",\"publisher\":{\"@id\":\"https:\\\/\\\/aventuriersdelamer.fr\\\/#organization\"},\"potentialAction\":[{\"@type\":\"SearchAction\",\"target\":{\"@type\":\"EntryPoint\",\"urlTemplate\":\"https:\\\/\\\/aventuriersdelamer.fr\\\/?s={search_term_string}\"},\"query-input\":{\"@type\":\"PropertyValueSpecification\",\"valueRequired\":true,\"valueName\":\"search_term_string\"}}],\"inLanguage\":\"fr-FR\"},{\"@type\":\"Organization\",\"@id\":\"https:\\\/\\\/aventuriersdelamer.fr\\\/#organization\",\"name\":\"Le Bruit du Vent\",\"url\":\"https:\\\/\\\/aventuriersdelamer.fr\\\/\",\"logo\":{\"@type\":\"ImageObject\",\"inLanguage\":\"fr-FR\",\"@id\":\"https:\\\/\\\/aventuriersdelamer.fr\\\/#\\\/schema\\\/logo\\\/image\\\/\",\"url\":\"https:\\\/\\\/aventuriersdelamer.fr\\\/wp-content\\\/uploads\\\/2016\\\/01\\\/4ECA575F-1CCB-41C9-AAC8-93902736151E.jpeg\",\"contentUrl\":\"https:\\\/\\\/aventuriersdelamer.fr\\\/wp-content\\\/uploads\\\/2016\\\/01\\\/4ECA575F-1CCB-41C9-AAC8-93902736151E.jpeg\",\"width\":222,\"height\":198,\"caption\":\"Le Bruit du Vent\"},\"image\":{\"@id\":\"https:\\\/\\\/aventuriersdelamer.fr\\\/#\\\/schema\\\/logo\\\/image\\\/\"},\"sameAs\":[\"https:\\\/\\\/www.facebook.com\\\/aventuriersdelamer\\\/\"]}]}<\/script>\n<!-- \/ Yoast SEO plugin. -->","yoast_head_json":{"title":"Spectacles - Festival Les Aventuriers de la Mer","robots":{"index":"index","follow":"follow","max-snippet":"max-snippet:-1","max-image-preview":"max-image-preview:large","max-video-preview":"max-video-preview:-1"},"canonical":"https:\/\/aventuriersdelamer.fr\/index.php\/spectacles-23\/","og_locale":"fr_FR","og_type":"article","og_title":"Spectacles - Festival Les Aventuriers de la Mer","og_description":"Deux spectacles sur site, &agrave; la Cit&eacute; de la Voile Eric Tabarly, et un spectacle au Th&eacute;&acirc;tre de Lorient... Quand mers et probl&eacute;matiques contemporaines se conjuguent en mode artistique !","og_url":"https:\/\/aventuriersdelamer.fr\/index.php\/spectacles-23\/","og_site_name":"Festival Les Aventuriers de la Mer","article_publisher":"https:\/\/www.facebook.com\/aventuriersdelamer\/","twitter_card":"summary_large_image","twitter_misc":{"Dur\u00e9e de lecture estim\u00e9e":"4 minutes"},"schema":{"@context":"https:\/\/schema.org","@graph":[{"@type":"WebPage","@id":"https:\/\/aventuriersdelamer.fr\/index.php\/spectacles-23\/","url":"https:\/\/aventuriersdelamer.fr\/index.php\/spectacles-23\/","name":"Spectacles - Festival Les Aventuriers de la Mer","isPartOf":{"@id":"https:\/\/aventuriersdelamer.fr\/#website"},"datePublished":"2023-09-09T09:13:07+00:00","breadcrumb":{"@id":"https:\/\/aventuriersdelamer.fr\/index.php\/spectacles-23\/#breadcrumb"},"inLanguage":"fr-FR","potentialAction":[{"@type":"ReadAction","target":["https:\/\/aventuriersdelamer.fr\/index.php\/spectacles-23\/"]}]},{"@type":"BreadcrumbList","@id":"https:\/\/aventuriersdelamer.fr\/index.php\/spectacles-23\/#breadcrumb","itemListElement":[{"@type":"ListItem","position":1,"name":"Accueil","item":"https:\/\/aventuriersdelamer.fr\/"},{"@type":"ListItem","position":2,"name":"Spectacles"}]},{"@type":"WebSite","@id":"https:\/\/aventuriersdelamer.fr\/#website","url":"https:\/\/aventuriersdelamer.fr\/","name":"Festival Les Aventuriers de la Mer","description":"Explorer, innover et enchanter le monde","publisher":{"@id":"https:\/\/aventuriersdelamer.fr\/#organization"},"potentialAction":[{"@type":"SearchAction","target":{"@type":"EntryPoint","urlTemplate":"https:\/\/aventuriersdelamer.fr\/?s={search_term_string}"},"query-input":{"@type":"PropertyValueSpecification","valueRequired":true,"valueName":"search_term_string"}}],"inLanguage":"fr-FR"},{"@type":"Organization","@id":"https:\/\/aventuriersdelamer.fr\/#organization","name":"Le Bruit du Vent","url":"https:\/\/aventuriersdelamer.fr\/","logo":{"@type":"ImageObject","inLanguage":"fr-FR","@id":"https:\/\/aventuriersdelamer.fr\/#\/schema\/logo\/image\/","url":"https:\/\/aventuriersdelamer.fr\/wp-content\/uploads\/2016\/01\/4ECA575F-1CCB-41C9-AAC8-93902736151E.jpeg","contentUrl":"https:\/\/aventuriersdelamer.fr\/wp-content\/uploads\/2016\/01\/4ECA575F-1CCB-41C9-AAC8-93902736151E.jpeg","width":222,"height":198,"caption":"Le Bruit du Vent"},"image":{"@id":"https:\/\/aventuriersdelamer.fr\/#\/schema\/logo\/image\/"},"sameAs":["https:\/\/www.facebook.com\/aventuriersdelamer\/"]}]}},"_links":{"self":[{"href":"https:\/\/aventuriersdelamer.fr\/index.php\/wp-json\/wp\/v2\/pages\/6280","targetHints":{"allow":["GET"]}}],"collection":[{"href":"https:\/\/aventuriersdelamer.fr\/index.php\/wp-json\/wp\/v2\/pages"}],"about":[{"href":"https:\/\/aventuriersdelamer.fr\/index.php\/wp-json\/wp\/v2\/types\/page"}],"author":[{"embeddable":true,"href":"https:\/\/aventuriersdelamer.fr\/index.php\/wp-json\/wp\/v2\/users\/1"}],"replies":[{"embeddable":true,"href":"https:\/\/aventuriersdelamer.fr\/index.php\/wp-json\/wp\/v2\/comments?post=6280"}],"version-history":[{"count":18,"href":"https:\/\/aventuriersdelamer.fr\/index.php\/wp-json\/wp\/v2\/pages\/6280\/revisions"}],"predecessor-version":[{"id":6303,"href":"https:\/\/aventuriersdelamer.fr\/index.php\/wp-json\/wp\/v2\/pages\/6280\/revisions\/6303"}],"wp:attachment":[{"href":"https:\/\/aventuriersdelamer.fr\/index.php\/wp-json\/wp\/v2\/media?parent=6280"}],"curies":[{"name":"wp","href":"https:\/\/api.w.org\/{rel}","templated":true}]}}