{"id":6128,"date":"2023-08-16T10:14:08","date_gmt":"2023-08-16T09:14:08","guid":{"rendered":"http:\/\/aventuriersdelamer.fr\/?page_id=6128"},"modified":"2023-10-15T10:01:58","modified_gmt":"2023-10-15T09:01:58","slug":"infos-pratiques","status":"publish","type":"page","link":"https:\/\/aventuriersdelamer.fr\/index.php\/infos-pratiques\/","title":{"rendered":"Infos pratiques"},"content":{"rendered":"\n<div class=\"wp-block-image\"><figure class=\"alignleft is-resized\"><a href=\"http:\/\/aventuriersdelamer.fr\/wp-content\/uploads\/2020\/07\/logo-le-bruit-du-vent-02.png\"><img loading=\"lazy\" decoding=\"async\" src=\"http:\/\/aventuriersdelamer.fr\/wp-content\/uploads\/2020\/07\/logo-le-bruit-du-vent-02.png\" alt=\"\" class=\"wp-image-2470\" width=\"124\" height=\"111\" srcset=\"https:\/\/aventuriersdelamer.fr\/wp-content\/uploads\/2020\/07\/logo-le-bruit-du-vent-02.png 925w, https:\/\/aventuriersdelamer.fr\/wp-content\/uploads\/2020\/07\/logo-le-bruit-du-vent-02-300x267.png 300w, https:\/\/aventuriersdelamer.fr\/wp-content\/uploads\/2020\/07\/logo-le-bruit-du-vent-02-768x682.png 768w, https:\/\/aventuriersdelamer.fr\/wp-content\/uploads\/2020\/07\/logo-le-bruit-du-vent-02-600x533.png 600w, https:\/\/aventuriersdelamer.fr\/wp-content\/uploads\/2020\/07\/logo-le-bruit-du-vent-02-338x300.png 338w\" sizes=\"auto, (max-width: 124px) 100vw, 124px\" \/><\/a><\/figure><\/div>\n\n\n\n<p>Le festival <em>Les Aventuriers de la mer<\/em> est organis\u00e9 par l\u2019association <em>Le bruit du vent<\/em> et est accueilli par <a rel=\"noreferrer noopener\" href=\"https:\/\/www.citevoile-tabarly.com\/fr\" target=\"_blank\">la Cit\u00e9 de la Voile Eric Tabarly. <\/a><\/p>\n\n\n\n<p><strong>Acc\u00e8s gratuit \u00e0 toutes les rencontres et animations dans la limite des places disponibles&nbsp;:<\/strong> hall d\u2019accueil, Karr\u00e9, auditorium, cin\u00e9 des Aventuriers, ponton bateaux et soir\u00e9es cin\u00e9ma.<\/p>\n\n\n\n<p class=\"has-light-gray-background-color has-background\">Le Festival a \u00e0 c\u0153ur de pr\u00e9server un acc\u00e8s libre et gratuit pour toutes et tous. Adh\u00e9rer au festival ou nous faire un don nous permettra de pr\u00e9server un programme de qualit\u00e9 pour le plus grand nombre ! Pour cela : <strong>Adh\u00e9sion\/ soutien Helloasso<\/strong> &#8211; Merci !<\/p>\n\n\n<div id=\"pl-gb6128-69e230faf16a1\"  class=\"panel-layout\" ><div id=\"pg-gb6128-69e230faf16a1-0\"  class=\"panel-grid panel-no-style\" ><div id=\"pgc-gb6128-69e230faf16a1-0-0\"  class=\"panel-grid-cell\" ><div id=\"panel-gb6128-69e230faf16a1-0-0-0\" class=\"so-panel widget widget_sow-editor panel-first-child panel-last-child\" data-index=\"0\" ><div\n\t\t\t\n\t\t\tclass=\"so-widget-sow-editor so-widget-sow-editor-base\"\n\t\t\t\n\t\t>\n<div class=\"siteorigin-widget-tinymce textwidget\">\n\t<p><a href=\"http:\/\/aventuriersdelamer.fr\/wp-content\/uploads\/2023\/09\/V2-2023-aventuriers-de-la-mer-Programme-24p-web.pdf\">Le programme \u00e0 t\u00e9l\u00e9charger !<\/a><\/p>\n<\/div>\n<\/div><\/div><\/div><div id=\"pgc-gb6128-69e230faf16a1-0-1\"  class=\"panel-grid-cell\" ><div id=\"panel-gb6128-69e230faf16a1-0-1-0\" class=\"so-panel widget widget_sow-image panel-first-child panel-last-child\" data-index=\"1\" ><div\n\t\t\t\n\t\t\tclass=\"so-widget-sow-image so-widget-sow-image-default-8b5b6f678277-6128\"\n\t\t\t\n\t\t>\n<div class=\"sow-image-container\">\n\t\t\t<a href=\"http:\/\/aventuriersdelamer.fr\/wp-content\/uploads\/2023\/09\/2023-aventuriers-de-la-mer-Programme-24p-web.pdf\"\n\t\t\t\t\t>\n\t\t\t<img \n\tsrc=\"https:\/\/aventuriersdelamer.fr\/wp-content\/uploads\/2023\/09\/2023-aventuriers-de-la-mer-couv-Programme-pour-web-272x182.jpg\" width=\"272\" height=\"182\" sizes=\"(max-width: 272px) 100vw, 272px\" title=\"2023 &#8211; aventuriers de la mer &#8211; couv Programme pour web\" alt=\"\" \t\tclass=\"so-widget-image\"\/>\n\t\t\t<\/a><\/div>\n\n<\/div><\/div><\/div><\/div><\/div>\n\n\n<p>Des r\u00e9servations sont conseill\u00e9es pour :<\/p>\n\n\n<div id=\"pl-gb6128-69e230faf2803\"  class=\"panel-layout\" ><div id=\"pg-gb6128-69e230faf2803-0\"  class=\"panel-grid panel-no-style\" ><div id=\"pgc-gb6128-69e230faf2803-0-0\"  class=\"panel-grid-cell\" ><div id=\"panel-gb6128-69e230faf2803-0-0-0\" class=\"so-panel widget widget_sow-editor panel-first-child panel-last-child\" data-index=\"0\" ><div\n\t\t\t\n\t\t\tclass=\"so-widget-sow-editor so-widget-sow-editor-base\"\n\t\t\t\n\t\t>\n<div class=\"siteorigin-widget-tinymce textwidget\">\n\t<pre><strong><span style=\"color: #008080;\">Spectacle \u00ab La grande mar\u00e9e \u00bb<\/span><\/strong>\njeudi 12 <span style=\"color: #ff0000;\">(COMPLET<\/span>)et vendredi 13 octobre - 20h\nTh\u00e9\u00e2tre de Lorient \u2013 salle Marguerite Duras\/\/ \nR\u00e9servations et tarifs : https:\/\/theatredelorient.fr\/\/<\/pre>\n<pre><span style=\"color: #008080;\"><strong>Rencontre inaugurale \"Les imaginaires\"<\/strong><\/span>\njeudi 12 octobre \/ 20h \/ Cit\u00e9 de la Voile\nR\u00e9servation conseill\u00e9e au 06 76 41 15 36 ou en ligne : <a href=\"https:\/\/www.helloasso.com\/associations\/le-bruit-du-vent\/evenements\/rencontre-les-imaginaires-createurs-d-avenir\">RESERVEZ !<\/a><\/pre>\n<pre><span style=\"color: #008080;\"><strong>Soir\u00e9e \u00ab Exp\u00e9dition Cachalots \u00bb<\/strong> <\/span>\nsamedi 14 octobre \/ 20h \/ Cit\u00e9 de la Voile\nR\u00e9servation conseill\u00e9e au 06 76 41 15 36<\/pre>\n<pre><strong><span style=\"color: #008080;\">\u00ab\u00a0Embarquement-visite\u00a0: de la Compagnie des Indes \u00e0 la Ville aux 6 ports\u00a0\u00bb<\/span><\/strong>\nLorient La Base \/\/\n samedi 14 et dimanche 15 octobre \/\/ 10h30 et 14h30\nTarifs exceptionnels : 10 \u20ac \/ 5 \u20ac\nR\u00e9servation conseill\u00e9e au 06 76 41 15 36  \nou en ligne \/\/ \n<span style=\"color: #008000;\">ATTENTION CERTAINS NAVIGATEURS NE PERMETTENT PAS LA RESERVATION EN LIGNE ... <\/span>\n<span style=\"color: #008000;\">Si vous rencontrez des difficult\u00e9s, n'h\u00e9sitez pas \u00e0 nous appeler. <\/span>\n<span style=\"color: #008000;\">Il reste des places !<\/span>\n<strong>\nSamedi 14 octobre, 14h30 <a href=\"https:\/\/www.helloasso.com\/associations\/le-bruit-du-vent\/evenements\/embarquements-port-center-14-10-14h30\">r\u00e9servez<\/a>\nDimanche 15 octobre, 10h30 <a href=\"https:\/\/www.helloasso.com\/associations\/le-bruit-du-vent\/evenements\/embarquement-port-center-14-10-10h30-2\">r\u00e9servez<\/a>\nDimanche 15 octobre, 14h30 <a href=\"https:\/\/www.helloasso.com\/associations\/le-bruit-du-vent\/evenements\/embarquement-port-center-15-10-14h30\">r\u00e9servez<\/a><\/strong><\/pre>\n<pre><span style=\"color: #008080;\"><strong>Atelier\u00a0 \"Fabrique ton Pop Pop !\"<\/strong><\/span>\nSur inscription \npar t\u00e9l\u00e9phone 06 30 92 18 44 ou inscription en ligne ici<\/pre>\n<pre><strong><span style=\"color: #008080;\">Tarifs pr\u00e9f\u00e9rentiels visites <\/span><\/strong>(samedi et dimanche) \npour l\u2019exposition permanente de la <span style=\"color: #008080;\">Cit\u00e9 de la Voile<\/span> \net\u00a0 pour la <span style=\"color: #008080;\">visite du Sous-marin Flore S-645 et son mus\u00e9e<\/span> :\n\u00a0Adultes et enfants de plus de 7 ans : <strong>5 \u20ac<\/strong><\/pre>\n<pre><strong><span style=\"color: #008080;\">Tarifs pr\u00e9f\u00e9rentiels visites<\/span> <\/strong>(samedi et dimanche)\npour le <span style=\"color: #008080;\">Mus\u00e9e national de la Marine de Port-Louis<\/span> : \nsur pr\u00e9sentation du programme papier jusq'au 31 octobre 2023<\/pre>\n<\/div>\n<\/div><\/div><\/div><\/div><\/div>\n\n\n<div class=\"wp-block-image\"><figure class=\"aligncenter size-large is-resized\"><a href=\"http:\/\/aventuriersdelamer.fr\/wp-content\/uploads\/2023\/10\/Capture-de\u0301cran-2023-10-09-a\u0300-12.17.25.png\"><img loading=\"lazy\" decoding=\"async\" src=\"http:\/\/aventuriersdelamer.fr\/wp-content\/uploads\/2023\/10\/Capture-de\u0301cran-2023-10-09-a\u0300-12.17.25.png\" alt=\"\" class=\"wp-image-7223\" width=\"531\" height=\"707\"\/><\/a><\/figure><\/div>\n\n\n\n<p>Les Aventuriers de la mer sont organis\u00e9s en partenariat avec la F\u00eate de la Science. Toutes les animations sont en ligne<a href=\"https:\/\/www.fetedelascience.fr\/\"> ici<\/a><\/p>\n\n\n\n<pre class=\"wp-block-preformatted\">Pour venir en bus, bato-bus, train ou voiture : <a href=\"https:\/\/www.citevoile-tabarly.com\/fr\/acces\">https:\/\/www.citevoile-tabarly.com\/fr\/acces<\/a><\/pre>\n\n\n\n<p><strong>Contact<\/strong> : contact (a) aventuriersdelamer.fr \/06 76 41 15 36<\/p>\n\n\n\n<p><strong>Adresse postale<\/strong><br>Le bruit du vent \/ Cit\u00e9 Allende \/ 12 rue Colbert \/ Boite 79 \/ 56 100 Lorient<\/p>\n","protected":false},"excerpt":{"rendered":"<p>Le festival Les Aventuriers de la mer est organis&eacute; par l&rsquo;association Le bruit du vent et est accueilli par la Cit&eacute; de la Voile Eric Tabarly. Acc&egrave;s gratuit &agrave; toutes les rencontres et animations dans la limite des places disponibles&nbsp;: &hellip; <a href=\"https:\/\/aventuriersdelamer.fr\/index.php\/infos-pratiques\/\">Continuer la lecture <span class=\"meta-nav\">&rarr;<\/span><\/a><\/p>\n","protected":false},"author":1,"featured_media":0,"parent":0,"menu_order":0,"comment_status":"closed","ping_status":"closed","template":"","meta":{"footnotes":""},"class_list":["post-6128","page","type-page","status-publish","hentry"],"yoast_head":"<!-- This site is optimized with the Yoast SEO plugin v27.3 - https:\/\/yoast.com\/product\/yoast-seo-wordpress\/ -->\n<title>Infos pratiques - Festival Les Aventuriers de la Mer<\/title>\n<meta name=\"robots\" content=\"index, follow, max-snippet:-1, max-image-preview:large, max-video-preview:-1\" \/>\n<link rel=\"canonical\" href=\"https:\/\/aventuriersdelamer.fr\/index.php\/infos-pratiques\/\" \/>\n<meta property=\"og:locale\" content=\"fr_FR\" \/>\n<meta property=\"og:type\" content=\"article\" \/>\n<meta property=\"og:title\" content=\"Infos pratiques - Festival Les Aventuriers de la Mer\" \/>\n<meta property=\"og:description\" content=\"Le festival Les Aventuriers de la mer est organis&eacute; par l&rsquo;association Le bruit du vent et est accueilli par la Cit&eacute; de la Voile Eric Tabarly. Acc&egrave;s gratuit &agrave; toutes les rencontres et animations dans la limite des places disponibles&nbsp;: &hellip; Continuer la lecture &rarr;\" \/>\n<meta property=\"og:url\" content=\"https:\/\/aventuriersdelamer.fr\/index.php\/infos-pratiques\/\" \/>\n<meta property=\"og:site_name\" content=\"Festival Les Aventuriers de la Mer\" \/>\n<meta property=\"article:publisher\" content=\"https:\/\/www.facebook.com\/aventuriersdelamer\/\" \/>\n<meta property=\"article:modified_time\" content=\"2023-10-15T09:01:58+00:00\" \/>\n<meta property=\"og:image\" content=\"https:\/\/aventuriersdelamer.fr\/wp-content\/uploads\/2020\/07\/logo-le-bruit-du-vent-02.png\" \/>\n\t<meta property=\"og:image:width\" content=\"925\" \/>\n\t<meta property=\"og:image:height\" content=\"822\" \/>\n\t<meta property=\"og:image:type\" content=\"image\/png\" \/>\n<meta name=\"twitter:card\" content=\"summary_large_image\" \/>\n<meta name=\"twitter:label1\" content=\"Dur\u00e9e de lecture estim\u00e9e\" \/>\n\t<meta name=\"twitter:data1\" content=\"2 minutes\" \/>\n<script type=\"application\/ld+json\" class=\"yoast-schema-graph\">{\"@context\":\"https:\\\/\\\/schema.org\",\"@graph\":[{\"@type\":\"WebPage\",\"@id\":\"https:\\\/\\\/aventuriersdelamer.fr\\\/index.php\\\/infos-pratiques\\\/\",\"url\":\"https:\\\/\\\/aventuriersdelamer.fr\\\/index.php\\\/infos-pratiques\\\/\",\"name\":\"Infos pratiques - Festival Les Aventuriers de la Mer\",\"isPartOf\":{\"@id\":\"https:\\\/\\\/aventuriersdelamer.fr\\\/#website\"},\"primaryImageOfPage\":{\"@id\":\"https:\\\/\\\/aventuriersdelamer.fr\\\/index.php\\\/infos-pratiques\\\/#primaryimage\"},\"image\":{\"@id\":\"https:\\\/\\\/aventuriersdelamer.fr\\\/index.php\\\/infos-pratiques\\\/#primaryimage\"},\"thumbnailUrl\":\"http:\\\/\\\/aventuriersdelamer.fr\\\/wp-content\\\/uploads\\\/2020\\\/07\\\/logo-le-bruit-du-vent-02.png\",\"datePublished\":\"2023-08-16T09:14:08+00:00\",\"dateModified\":\"2023-10-15T09:01:58+00:00\",\"breadcrumb\":{\"@id\":\"https:\\\/\\\/aventuriersdelamer.fr\\\/index.php\\\/infos-pratiques\\\/#breadcrumb\"},\"inLanguage\":\"fr-FR\",\"potentialAction\":[{\"@type\":\"ReadAction\",\"target\":[\"https:\\\/\\\/aventuriersdelamer.fr\\\/index.php\\\/infos-pratiques\\\/\"]}]},{\"@type\":\"ImageObject\",\"inLanguage\":\"fr-FR\",\"@id\":\"https:\\\/\\\/aventuriersdelamer.fr\\\/index.php\\\/infos-pratiques\\\/#primaryimage\",\"url\":\"https:\\\/\\\/aventuriersdelamer.fr\\\/wp-content\\\/uploads\\\/2020\\\/07\\\/logo-le-bruit-du-vent-02.png\",\"contentUrl\":\"https:\\\/\\\/aventuriersdelamer.fr\\\/wp-content\\\/uploads\\\/2020\\\/07\\\/logo-le-bruit-du-vent-02.png\",\"width\":925,\"height\":822},{\"@type\":\"BreadcrumbList\",\"@id\":\"https:\\\/\\\/aventuriersdelamer.fr\\\/index.php\\\/infos-pratiques\\\/#breadcrumb\",\"itemListElement\":[{\"@type\":\"ListItem\",\"position\":1,\"name\":\"Accueil\",\"item\":\"https:\\\/\\\/aventuriersdelamer.fr\\\/\"},{\"@type\":\"ListItem\",\"position\":2,\"name\":\"Infos pratiques\"}]},{\"@type\":\"WebSite\",\"@id\":\"https:\\\/\\\/aventuriersdelamer.fr\\\/#website\",\"url\":\"https:\\\/\\\/aventuriersdelamer.fr\\\/\",\"name\":\"Festival Les Aventuriers de la Mer\",\"description\":\"Explorer, innover et enchanter le monde\",\"publisher\":{\"@id\":\"https:\\\/\\\/aventuriersdelamer.fr\\\/#organization\"},\"potentialAction\":[{\"@type\":\"SearchAction\",\"target\":{\"@type\":\"EntryPoint\",\"urlTemplate\":\"https:\\\/\\\/aventuriersdelamer.fr\\\/?s={search_term_string}\"},\"query-input\":{\"@type\":\"PropertyValueSpecification\",\"valueRequired\":true,\"valueName\":\"search_term_string\"}}],\"inLanguage\":\"fr-FR\"},{\"@type\":\"Organization\",\"@id\":\"https:\\\/\\\/aventuriersdelamer.fr\\\/#organization\",\"name\":\"Le Bruit du Vent\",\"url\":\"https:\\\/\\\/aventuriersdelamer.fr\\\/\",\"logo\":{\"@type\":\"ImageObject\",\"inLanguage\":\"fr-FR\",\"@id\":\"https:\\\/\\\/aventuriersdelamer.fr\\\/#\\\/schema\\\/logo\\\/image\\\/\",\"url\":\"https:\\\/\\\/aventuriersdelamer.fr\\\/wp-content\\\/uploads\\\/2016\\\/01\\\/4ECA575F-1CCB-41C9-AAC8-93902736151E.jpeg\",\"contentUrl\":\"https:\\\/\\\/aventuriersdelamer.fr\\\/wp-content\\\/uploads\\\/2016\\\/01\\\/4ECA575F-1CCB-41C9-AAC8-93902736151E.jpeg\",\"width\":222,\"height\":198,\"caption\":\"Le Bruit du Vent\"},\"image\":{\"@id\":\"https:\\\/\\\/aventuriersdelamer.fr\\\/#\\\/schema\\\/logo\\\/image\\\/\"},\"sameAs\":[\"https:\\\/\\\/www.facebook.com\\\/aventuriersdelamer\\\/\"]}]}<\/script>\n<!-- \/ Yoast SEO plugin. -->","yoast_head_json":{"title":"Infos pratiques - Festival Les Aventuriers de la Mer","robots":{"index":"index","follow":"follow","max-snippet":"max-snippet:-1","max-image-preview":"max-image-preview:large","max-video-preview":"max-video-preview:-1"},"canonical":"https:\/\/aventuriersdelamer.fr\/index.php\/infos-pratiques\/","og_locale":"fr_FR","og_type":"article","og_title":"Infos pratiques - Festival Les Aventuriers de la Mer","og_description":"Le festival Les Aventuriers de la mer est organis&eacute; par l&rsquo;association Le bruit du vent et est accueilli par la Cit&eacute; de la Voile Eric Tabarly. Acc&egrave;s gratuit &agrave; toutes les rencontres et animations dans la limite des places disponibles&nbsp;: &hellip; Continuer la lecture &rarr;","og_url":"https:\/\/aventuriersdelamer.fr\/index.php\/infos-pratiques\/","og_site_name":"Festival Les Aventuriers de la Mer","article_publisher":"https:\/\/www.facebook.com\/aventuriersdelamer\/","article_modified_time":"2023-10-15T09:01:58+00:00","og_image":[{"width":925,"height":822,"url":"https:\/\/aventuriersdelamer.fr\/wp-content\/uploads\/2020\/07\/logo-le-bruit-du-vent-02.png","type":"image\/png"}],"twitter_card":"summary_large_image","twitter_misc":{"Dur\u00e9e de lecture estim\u00e9e":"2 minutes"},"schema":{"@context":"https:\/\/schema.org","@graph":[{"@type":"WebPage","@id":"https:\/\/aventuriersdelamer.fr\/index.php\/infos-pratiques\/","url":"https:\/\/aventuriersdelamer.fr\/index.php\/infos-pratiques\/","name":"Infos pratiques - Festival Les Aventuriers de la Mer","isPartOf":{"@id":"https:\/\/aventuriersdelamer.fr\/#website"},"primaryImageOfPage":{"@id":"https:\/\/aventuriersdelamer.fr\/index.php\/infos-pratiques\/#primaryimage"},"image":{"@id":"https:\/\/aventuriersdelamer.fr\/index.php\/infos-pratiques\/#primaryimage"},"thumbnailUrl":"http:\/\/aventuriersdelamer.fr\/wp-content\/uploads\/2020\/07\/logo-le-bruit-du-vent-02.png","datePublished":"2023-08-16T09:14:08+00:00","dateModified":"2023-10-15T09:01:58+00:00","breadcrumb":{"@id":"https:\/\/aventuriersdelamer.fr\/index.php\/infos-pratiques\/#breadcrumb"},"inLanguage":"fr-FR","potentialAction":[{"@type":"ReadAction","target":["https:\/\/aventuriersdelamer.fr\/index.php\/infos-pratiques\/"]}]},{"@type":"ImageObject","inLanguage":"fr-FR","@id":"https:\/\/aventuriersdelamer.fr\/index.php\/infos-pratiques\/#primaryimage","url":"https:\/\/aventuriersdelamer.fr\/wp-content\/uploads\/2020\/07\/logo-le-bruit-du-vent-02.png","contentUrl":"https:\/\/aventuriersdelamer.fr\/wp-content\/uploads\/2020\/07\/logo-le-bruit-du-vent-02.png","width":925,"height":822},{"@type":"BreadcrumbList","@id":"https:\/\/aventuriersdelamer.fr\/index.php\/infos-pratiques\/#breadcrumb","itemListElement":[{"@type":"ListItem","position":1,"name":"Accueil","item":"https:\/\/aventuriersdelamer.fr\/"},{"@type":"ListItem","position":2,"name":"Infos pratiques"}]},{"@type":"WebSite","@id":"https:\/\/aventuriersdelamer.fr\/#website","url":"https:\/\/aventuriersdelamer.fr\/","name":"Festival Les Aventuriers de la Mer","description":"Explorer, innover et enchanter le monde","publisher":{"@id":"https:\/\/aventuriersdelamer.fr\/#organization"},"potentialAction":[{"@type":"SearchAction","target":{"@type":"EntryPoint","urlTemplate":"https:\/\/aventuriersdelamer.fr\/?s={search_term_string}"},"query-input":{"@type":"PropertyValueSpecification","valueRequired":true,"valueName":"search_term_string"}}],"inLanguage":"fr-FR"},{"@type":"Organization","@id":"https:\/\/aventuriersdelamer.fr\/#organization","name":"Le Bruit du Vent","url":"https:\/\/aventuriersdelamer.fr\/","logo":{"@type":"ImageObject","inLanguage":"fr-FR","@id":"https:\/\/aventuriersdelamer.fr\/#\/schema\/logo\/image\/","url":"https:\/\/aventuriersdelamer.fr\/wp-content\/uploads\/2016\/01\/4ECA575F-1CCB-41C9-AAC8-93902736151E.jpeg","contentUrl":"https:\/\/aventuriersdelamer.fr\/wp-content\/uploads\/2016\/01\/4ECA575F-1CCB-41C9-AAC8-93902736151E.jpeg","width":222,"height":198,"caption":"Le Bruit du Vent"},"image":{"@id":"https:\/\/aventuriersdelamer.fr\/#\/schema\/logo\/image\/"},"sameAs":["https:\/\/www.facebook.com\/aventuriersdelamer\/"]}]}},"_links":{"self":[{"href":"https:\/\/aventuriersdelamer.fr\/index.php\/wp-json\/wp\/v2\/pages\/6128","targetHints":{"allow":["GET"]}}],"collection":[{"href":"https:\/\/aventuriersdelamer.fr\/index.php\/wp-json\/wp\/v2\/pages"}],"about":[{"href":"https:\/\/aventuriersdelamer.fr\/index.php\/wp-json\/wp\/v2\/types\/page"}],"author":[{"embeddable":true,"href":"https:\/\/aventuriersdelamer.fr\/index.php\/wp-json\/wp\/v2\/users\/1"}],"replies":[{"embeddable":true,"href":"https:\/\/aventuriersdelamer.fr\/index.php\/wp-json\/wp\/v2\/comments?post=6128"}],"version-history":[{"count":22,"href":"https:\/\/aventuriersdelamer.fr\/index.php\/wp-json\/wp\/v2\/pages\/6128\/revisions"}],"predecessor-version":[{"id":7258,"href":"https:\/\/aventuriersdelamer.fr\/index.php\/wp-json\/wp\/v2\/pages\/6128\/revisions\/7258"}],"wp:attachment":[{"href":"https:\/\/aventuriersdelamer.fr\/index.php\/wp-json\/wp\/v2\/media?parent=6128"}],"curies":[{"name":"wp","href":"https:\/\/api.w.org\/{rel}","templated":true}]}}