{"id":5878,"date":"2023-02-17T09:04:10","date_gmt":"2023-02-17T08:04:10","guid":{"rendered":"http:\/\/aventuriersdelamer.fr\/?page_id=5878"},"modified":"2023-02-17T09:09:20","modified_gmt":"2023-02-17T08:09:20","slug":"les-bateaux-invite-dedition-en-edition","status":"publish","type":"page","link":"https:\/\/aventuriersdelamer.fr\/index.php\/les-bateaux-invite-dedition-en-edition\/","title":{"rendered":"Les bateaux invit\u00e9s d&rsquo;\u00e9dition en \u00e9dition"},"content":{"rendered":"<div id=\"pl-gb5878-69e5dfd4d9284\"  class=\"panel-layout\" ><div id=\"pg-gb5878-69e5dfd4d9284-0\"  class=\"panel-grid panel-no-style\" ><div id=\"pgc-gb5878-69e5dfd4d9284-0-0\"  class=\"panel-grid-cell\" ><div id=\"panel-gb5878-69e5dfd4d9284-0-0-0\" class=\"so-panel widget widget_sow-editor panel-first-child panel-last-child\" data-index=\"0\" ><div\n\t\t\t\n\t\t\tclass=\"so-widget-sow-editor so-widget-sow-editor-base\"\n\t\t\t\n\t\t>\n<div class=\"siteorigin-widget-tinymce textwidget\">\n\t<p><strong>2016<\/strong><\/p>\n<p><strong>Biche<\/strong>\u00a0 :Biche est le dernier thonier dundee \u00e0 voiles de l\u2019Atlantique, un bateau de p\u00eache construit \u00e0 des centaines d\u2019exemplaires jusqu\u2019\u00e0 la veille de la derni\u00e8re guerre mondiale.<br \/>\n<em><span style=\"text-decoration: underline;\">\u00a0Caract\u00e9ristiques :<\/span>\u00a0 <\/em>21,50m lg \/ 32m HT\/ 6,60m large\/ 2, 95m Tirant d\u2019eau<\/p>\n<p><strong>Le Mutin<\/strong>\u00a0 : Vivante \u00e9cole du sens marin et de la coh\u00e9sion d\u2019\u00e9quipage, le dundee Mutin contribue depuis 1968 \u00e0 la formation maritime des \u00e9l\u00e8ves officiers de la Marine nationale.<br \/>\n<span style=\"text-decoration: underline;\"><em>\u00a0Caract\u00e9ristiques :\u00a0<\/em><\/span> 22m lg \/ 33m HT\/ 6, 40m large\/ 3, 40m Tieant d\u2019eau<\/p>\n<p><strong>Team Jolokia : <\/strong>Bateau extr\u00eame con\u00e7u pour la course autour du monde en \u00e9quipage, le bateau participe \u00e0 de grandes comp\u00e9titions avec un \u00e9quipage de la diversit\u00e9 et fait chaque ann\u00e9e la preuve que diff\u00e9rences et faire-ensemble vont de pair.<br \/>\n<em><span style=\"text-decoration: underline;\">\u00a0Caract\u00e9ristiques :<\/span><\/em>\u00a0 19,50m lg \/ 21, 50m HT\/ 5, 25 m large \/ 3, 75 tirant d\u2019eau<\/p>\n<p><strong>Pen Duick 3\u00a0 : <\/strong>Avec cette go\u00e9lette en aluminium, Eric Tabarly gagnera toutes les courses de la saison 1967.\u2028Le bateau navigue aujourd\u2019hui avec l\u2019Association Eric Tabarly.<br \/>\n<em><span style=\"text-decoration: underline;\">\u00a0Caract\u00e9ristiques :<\/span><\/em>\u00a0 17, 45m HT \/ 4, 21m large \/ 2, 75 m tirant d\u2019eau<\/p>\n<p><strong>Pen Duick 6<\/strong> : Ce ketch de course est le dernier bateau d\u2019Eric Tabarly. Il navigue aujourdhui pour The Elemen\u2019Terre Project, projet \u00e0 la d\u00e9couverte des oc\u00e9ans de la plan\u00e8te, men\u00e9 par Marie tabarly.<br \/>\n<em><span style=\"text-decoration: underline;\">\u00a0Caract\u00e9ristiques :<\/span> <\/em>18, 80m lg \/ 22, 75m HT\/ 5, 30 m large\/ 3, 40 m Tirant d\u2019eau<\/p>\n<hr \/>\n<p><strong>2017<\/strong><\/p>\n<p><strong>Biche<\/strong>\u00a0 :Biche est le dernier thonier dundee \u00e0 voiles de l\u2019Atlantique, un bateau de p\u00eache construit \u00e0 des centaines d\u2019exemplaires jusqu\u2019\u00e0 la veille de la derni\u00e8re guerre mondiale.<br \/>\n<em>\u00a0Caract\u00e9ristiques :\u00a0 <\/em>21,50m lg \/ 32m HT\/ 6,60m large\/ 2, 95m Tirant d\u2019eau<\/p>\n<p><strong>Lun II : <\/strong>Lun II est une Gal\u00e9asse norv\u00e9gienne de 1914 con\u00e7ue pour la p\u00eache, utilis\u00e9e aujourd\u2019hui pour le transport \u00e0 la voile et les exp\u00e9ditions scientifiques.<br \/>\n<em><span style=\"text-decoration: underline;\">\u00a0Caract\u00e9ristiques :\u00a0<\/span><\/em> 21m HT\/ 4, 87m large\/ 2, 35m Tirant d\u2019eau<\/p>\n<p><strong>Djelali<\/strong> : Ce c\u00f4tre en acier sert de support \u00e0 l\u2019association Djelali Tricks qui a pour vocation de faire vivre le patrimoine maritime.<br \/>\n<em><span style=\"text-decoration: underline;\">\u00a0Caract\u00e9ristiques :<\/span><\/em> 12, 38m lg \/ 17,7m HT\/ 4,20 m large\/ 2,20 m Tirant d\u2019eau<\/p>\n<p><strong>Pen Duick 6<\/strong> Ce ketch de course est le dernier bateau d\u2019Eric Tabarly. Il navigue aujourdhui pour The Elemen\u2019Terre Project, projet \u00e0 la d\u00e9couverte des oc\u00e9ans de la plan\u00e8te, men\u00e9 par Marie tabarly.<br \/>\n<em><span style=\"text-decoration: underline;\">Caract\u00e9ristiques :<\/span><\/em> 18, 80m lg \/ 22, 75m HT\/ 5, 30 m large\/ 3, 40 m Tirant d\u2019eau<\/p>\n<hr \/>\n<p><strong>2018<\/strong><\/p>\n<p><strong>Biche<\/strong>\u00a0 :Biche est le dernier thonier dundee \u00e0 voiles de l\u2019Atlantique, un bateau de p\u00eache construit \u00e0 des centaines d\u2019exemplaires jusqu\u2019\u00e0 la veille de la derni\u00e8re guerre mondiale.<br \/>\n<em>\u00a0Caract\u00e9ristiques :\u00a0 <\/em>21,50m lg \/ 32m HT\/ 6,60m large\/ 2, 95m Tirant d\u2019eau<\/p>\n<p><strong>Djelali<\/strong> : Ce c\u00f4tre en acier sert de support \u00e0 l\u2019association Djelali Tricks qui a pour vocation de faire vivre le patrimoine maritime.<br \/>\n<em>\u00a0Caract\u00e9ristiques :<\/em> 12, 38m lg \/ 17,7m HT\/ 4,20 m large\/ 2,20 m Tirant d\u2019eau<\/p>\n<p><strong>Trifon : <\/strong>Ce l\u00e9vrier des mers, voilier d\u2019exp\u00e9dition polaire de 16 m\u00e8tres en aluminium, sert de support \u00e0 l\u2019Oc\u00e9an Peak Project.<\/p>\n<p><strong>Marguerite :<\/strong> Voilier de Course au large de 1958<br \/>\n<em><span style=\"text-decoration: underline;\">\u00a0Caract\u00e9ristiques :<\/span><\/em> 11,75m lg \/ m HT\/ 2, 75 m large\/ 1,90 m Tirant d\u2019eau<\/p>\n<hr \/>\n<p><strong>2019<\/strong><\/p>\n<p><strong>La Louise :<\/strong> Go\u00e9lette polaire de 19 m\u00e8tres<br \/>\n<em><span style=\"text-decoration: underline;\">\u00a0Caract\u00e9ristiques :<\/span><\/em> 19 m HT\/ 4, 80 m large\/ 2, 15 m Tirant d\u2019eau<\/p>\n<p><strong>Biche<\/strong>\u00a0 :Biche est le dernier thonier dundee \u00e0 voiles de l\u2019Atlantique, un bateau de p\u00eache construit \u00e0 des centaines d\u2019exemplaires jusqu\u2019\u00e0 la veille de la derni\u00e8re guerre mondiale.<br \/>\n<em>\u00a0Caract\u00e9ristiques :\u00a0 <\/em>21,50m lg \/ 32m HT\/ 6,60m large\/ 2, 95m Tirant d\u2019eau<\/p>\n<p><strong>Pen Duick 3\u00a0 : <\/strong>Avec cette go\u00e9lette en aluminium, Eric Tabarly gagnera toutes les courses de la saison 1967.\u2028Le bateau navigue aujourd\u2019hui avec l\u2019Association Eric Tabarly.<br \/>\n<em>\u00a0Caract\u00e9ristiques :<\/em>\u00a0 17, 45m HT \/ 4, 21m large \/ 2, 75 m tirant d\u2019eau<\/p>\n<p><strong>Team Jolokia : <\/strong>Bateau extr\u00eame con\u00e7u pour la course autour du monde en \u00e9quipage, le bateau participe \u00e0 de grandes comp\u00e9titions avec un \u00e9quipage de la diversit\u00e9 et fait chaque ann\u00e9e la preuve que diff\u00e9rences et faire-ensemble vont de pair.<br \/>\n<em>\u00a0Caract\u00e9ristiques :<\/em>\u00a0 19,50m lg \/ 21, 50m HT\/ 5, 25 m large \/ 3, 75 tirant d\u2019eau<\/p>\n<p><strong>Albatros<\/strong> (Challenge Oc\u00e9an ) : Voilier de course -croisi\u00e8re con\u00e7u pour le large, le bateau a particip\u00e9 au tour du monde en \u00e9quipage contre les vents dominants, le BT Global Challenge.<\/p>\n<p><strong>Steredenn An Heol\u00a0<\/strong> : Bateau \u00e0 passager de la Cie Escal\u2019Ouest\u2028A bord, d\u00e9couvrez les portraits sonores de Florentina Postaru \u00ab\u00a0Autour du port de p\u00eache de Keroman\u00a0\u00bb.<br \/>\n<strong>2020<\/strong><br \/>\n<strong>Tara :<\/strong> La go\u00e9lette Tara est un voilier destin\u00e9 \u00e0 la recherche scientifique. Lorient est son port d\u2019attache depuis sa premi\u00e8re exp\u00e9dition en 2006. Naviguant sur toutes les mers du monde, Tara explore les oc\u00e9ans pour mieux les comprendre et les pr\u00e9server.<br \/>\n<em><span style=\"text-decoration: underline;\">Caract\u00e9ristiques<\/span> <\/em>: 36m HT\/ 10m large\/ 2,50 m Tirant d\u2019eau<\/p>\n<p><strong>Grain de Sail<\/strong>\u00a0 : Grain de Sail est une go\u00e9lette en aluminium de 26 m\u00e8tres, mise \u00e0 l\u2019eau en 2020.\u2028Construit dans le cadre du renouveau du transport \u00e0 la voile, Ce cargo \u00e0 voile est destin\u00e9 \u00e0 transporter les mati\u00e8res premi\u00e8res de l\u2019entreprise morlaisienne du m\u00eame nom.<br \/>\n<em><span style=\"text-decoration: underline;\">\u00a0Caract\u00e9ristiques :\u00a0<\/span><\/em> 22m lg \/ 24m HT\/ 6m large\/ 3,80 m Tirant d\u2019eau<\/p>\n<p><strong>Etoile :<\/strong> Vivante \u00e9cole du sens marin et de la coh\u00e9sion d\u2019\u00e9quipage, la go\u00e9lette Etoile participe \u00e0 la formation des officiers de la Marine nationale.<br \/>\n<em><span style=\"text-decoration: underline;\">\u00a0Caract\u00e9ristiques :<\/span><\/em> 19,50m lg \/ 21, 50m HT\/ 5, 25 m large \/ 3, 75 tirant d\u2019eau<\/p>\n<p><strong>Lun II :<\/strong> Lun II est une Gal\u00e9asse norv\u00e9gienne de 1914 con\u00e7ue pour la p\u00eache, utilis\u00e9e aujourd\u2019hui pour le transport \u00e0 la voile et les exp\u00e9ditions scientifiques.<br \/>\n<em><span style=\"text-decoration: underline;\">\u00a0Caract\u00e9ristiques :<\/span><\/em>\u00a0 21m HT\/ 4, 87m large\/ 2, 35m Tirant d\u2019eau<\/p>\n<p><strong>Pen Duick 3\u00a0 : <\/strong>Avec cette go\u00e9lette en aluminium, Eric Tabarly gagnera toutes les courses de la saison 1967.\u2028Le bateau navigue aujourd\u2019hui avec l\u2019Association Eric Tabarly.<br \/>\n<span style=\"text-decoration: underline;\"><em>\u00a0Caract\u00e9ristiques :<\/em>\u00a0<\/span> 17, 45m HT \/ 4, 21m large \/ 2, 75 m tirant d\u2019eau<\/p>\n<p><strong>Pen Duick 6<\/strong> Ce ketch de course est le dernier bateau d\u2019Eric Tabarly. Il navigue aujourdhui pour The Elemen\u2019Terre Project, projet \u00e0 la d\u00e9couverte des oc\u00e9ans de la plan\u00e8te, men\u00e9 par Marie tabarly.<br \/>\n<span style=\"text-decoration: underline;\"><em>Caract\u00e9ristiques :<\/em><\/span> 18, 80m lg \/ 22, 75m HT\/ 5, 30 m large\/ 3, 40 m Tirant d\u2019eau<\/p>\n<p><strong>Northabout :<\/strong> Northabout est un voilier sp\u00e9cialement con\u00e7u pour le monde polaire. a son bord, une \u00e9quipe m\u00e8ne l\u2019exp\u00e9dition Unu Mondo. Objectifs ? Sensibiliser au changement climatique et passer \u00e0 l\u2019action pour la plan\u00e8te.<br \/>\n<em><span style=\"text-decoration: underline;\">\u00a0Caract\u00e9ristiques :<\/span><\/em> 15m lg HT\/ \/ 1, 30 m Tirant d\u2019eau<\/p>\n<p><strong>Biche<\/strong> Biche est le dernier thonier dundee \u00e0 voiles de l\u2019Atlantique, un bateau de p\u00eache construit \u00e0 des centaines d\u2019exemplaires jusqu\u2019\u00e0 la veille de la derni\u00e8re guerre mondiale.<br \/>\n<em><span style=\"text-decoration: underline;\">\u00a0Caract\u00e9ristiques :<\/span><\/em> 21,50m lg \/ 32m HT\/ 6,60m large\/ 2, 95m Tirant d\u2019eau<br \/>\n<strong>\u00a0<\/strong><br \/>\n<strong>Team Jolokia :<\/strong> Bateau extr\u00eame con\u00e7u pour la course autour du monde en \u00e9quipage, le bateau participe \u00e0 de grandes comp\u00e9titions avec un \u00e9quipage de la diversit\u00e9 et fait chaque ann\u00e9e la preuve que diff\u00e9rences et faire-ensemble vont de pair.<br \/>\n<em><span style=\"text-decoration: underline;\">\u00a0Caract\u00e9ristiques :<\/span> <\/em>19,50m lg \/ 21, 50m HT\/ 5, 25 m large \/ 3, 75 Tirant d\u2019eau<\/p>\n<p><strong>2021<\/strong><\/p>\n<p><strong>Hirondelle <\/strong>GO\u00c9LETTE | 1997\u2028La go\u00e9lette sert de support \u00e0 l\u2019association Sailing Hirondelle qui \u0153uvre \u00e0 la diffusion des connaissances des mers et de l&rsquo;oc\u00e9an, et \u00e0 la sensibilisation \u00e0 leur protection.<br \/>\n<em><span style=\"text-decoration: underline;\">Caract\u00e9ristiques<\/span> <\/em>: 12,40 m lg \/ 14, 40m HT \/ 1,70m Tirant d\u2019eau<\/p>\n<p><strong>L\u2019Hermine :<\/strong> CANOT SNSM | 2018\u2028L\u2019Hermine est le nouveau canot de la station SNSM (Soci\u00e9t\u00e9 Nationale de Sauvetage en Mer) du pays de Lorient.<br \/>\n<em><span style=\"text-decoration: underline;\">\u00a0Caract\u00e9ristiques<\/span> <\/em>: 10,50 m HT \/ 1,20 m Tirant d\u2019eau<\/p>\n<p><strong>Mutin :<\/strong> DUNDEE DE LA MARINE NATIONALE | 1927 Vivante \u00e9cole du sens marin et de la coh\u00e9sion d\u2019\u00e9quipage, le dundee Mutin contribue depuis 1968 \u00e0 la formation maritime des \u00e9l\u00e8ves officiers de la Marine nationale.<br \/>\n<em><span style=\"text-decoration: underline;\">\u00a0Caract\u00e9ristiques :\u00a0<\/span> <\/em>22 m lg \/ 33m HT \/ 6,40m large \/ 3,4 0m Tirant d\u2019eau<\/p>\n<p><strong>Pen Duick :<\/strong> C\u00d4TRE AURIQUE | 1898\u2028Con\u00e7u par William Fife, Pen Duick est le premier bateau d\u2019Eric Tabarly. Il navigue aujourd\u2019hui avec l\u2019association Tabarly.<br \/>\n<em><span style=\"text-decoration: underline;\">\u00a0Caract\u00e9ristiques<\/span> <\/em>: 10 m lg \/ 15,40 m HT \/ 3 m large \/ 2,20 m Tirant d\u2019eau<\/p>\n<p><strong>Lys Noir<\/strong> : YAWL AURIQUE | 1914<br \/>\nBas\u00e9 \u00e0 Locmiquelic, Lys Noir est un voilier fran\u00e7ais typique des luxueux yachts classiques.<br \/>\n<em><span style=\"text-decoration: underline;\">Caract\u00e9ristiques :<\/span> <\/em>17 m lg \/ 23,50 m HT \/ 4 m large \/ 2,20 m Tirant d\u2019eau<br \/>\n<strong>\u00a0<\/strong><br \/>\n<strong>Biche :<\/strong> Biche est le dernier thonier dundee \u00e0 voiles de l\u2019Atlantique, un bateau de p\u00eache construit \u00e0 des centaines d\u2019exemplaires jusqu\u2019\u00e0 la veille de la derni\u00e8re guerre mondiale.<br \/>\n<em><span style=\"text-decoration: underline;\">\u00a0Caract\u00e9ristiques :<\/span><\/em>\u00a0 21,50m lg \/ 32m HT\/ 6,60m large\/ 2, 95m Tirant d\u2019eau<\/p>\n<p><strong>Why\u00a0<\/strong> GO\u00c9LETTE D\u2019EXP\u00c9DITION | 1985 Ce bateau d\u2019exp\u00e9dition en acier\u2028a \u00e9t\u00e9 con\u00e7u pour naviguer des tropiques aux r\u00e9gions polaires. Il sert au programme d\u2019exploration sous-marine Under the P\u00f4le.<br \/>\n<em><span style=\"text-decoration: underline;\">\u00a0Caract\u00e9ristiques :<\/span><\/em>\u00a0 19,50m HT\/\u00a0 m large \/5,50m large\/ 1,80m Tirant d\u2019eau<\/p>\n<p><strong>Albatros :<\/strong> CHALLENGE 67 | 1992 Voilier de course croisi\u00e8re con\u00e7u pour le large, ce bateau a particip\u00e9 au tour du monde en \u00e9quipage contre les vents dominants, le BT Global Challenge.<br \/>\n<em><span style=\"text-decoration: underline;\">\u00a0Caract\u00e9ristiques :<\/span><\/em>\u00a0 21m HT\/\u00a0 5,85 m large \/ 2,96 m Tirant d\u2019eau<\/p>\n<p><strong>UCPA \/ Le Sun Odyss\u00e9e 389 de l\u2019UCPA<\/strong> (Union Nationale des Centres Sportifs de Plein\u2028Air) est le bateau standard id\u00e9al pour la croisi\u00e8re et l\u2019initiation.<\/p>\n<p><strong>Le Belouga :<\/strong> Ce petit monocoque habitable a \u00e9t\u00e9 dessin\u00e9 par Eug\u00e8ne Cornu en 1943. L\u2019association B\u00e9louga Lorient est pr\u00e9sente avec 4 bateaux.<\/p>\n<\/div>\n<\/div><\/div><\/div><\/div><\/div>","protected":false},"excerpt":{"rendered":"<p>2016 Biche&nbsp; :Biche est le dernier thonier dundee &agrave; voiles de l&rsquo;Atlantique, un bateau de p&ecirc;che construit &agrave; des centaines d&rsquo;exemplaires jusqu&rsquo;&agrave; la veille de la derni&egrave;re guerre mondiale. &nbsp;Caract&eacute;ristiques :&nbsp; 21,50m lg \/ 32m HT\/ 6,60m large\/ 2, 95m &hellip; <a href=\"https:\/\/aventuriersdelamer.fr\/index.php\/les-bateaux-invite-dedition-en-edition\/\">Continuer la lecture <span class=\"meta-nav\">&rarr;<\/span><\/a><\/p>\n","protected":false},"author":1,"featured_media":0,"parent":0,"menu_order":0,"comment_status":"closed","ping_status":"closed","template":"","meta":{"footnotes":""},"class_list":["post-5878","page","type-page","status-publish","hentry"],"yoast_head":"<!-- This site is optimized with the Yoast SEO plugin v27.3 - https:\/\/yoast.com\/product\/yoast-seo-wordpress\/ -->\n<title>Les bateaux invit\u00e9s d&#039;\u00e9dition en \u00e9dition - Festival Les Aventuriers de la Mer<\/title>\n<meta name=\"robots\" content=\"index, follow, max-snippet:-1, max-image-preview:large, max-video-preview:-1\" \/>\n<link rel=\"canonical\" href=\"https:\/\/aventuriersdelamer.fr\/index.php\/les-bateaux-invite-dedition-en-edition\/\" \/>\n<meta property=\"og:locale\" content=\"fr_FR\" \/>\n<meta property=\"og:type\" content=\"article\" \/>\n<meta property=\"og:title\" content=\"Les bateaux invit\u00e9s d&#039;\u00e9dition en \u00e9dition - Festival Les Aventuriers de la Mer\" \/>\n<meta property=\"og:description\" content=\"2016 Biche&nbsp; :Biche est le dernier thonier dundee &agrave; voiles de l&rsquo;Atlantique, un bateau de p&ecirc;che construit &agrave; des centaines d&rsquo;exemplaires jusqu&rsquo;&agrave; la veille de la derni&egrave;re guerre mondiale. &nbsp;Caract&eacute;ristiques :&nbsp; 21,50m lg \/ 32m HT\/ 6,60m large\/ 2, 95m &hellip; Continuer la lecture &rarr;\" \/>\n<meta property=\"og:url\" content=\"https:\/\/aventuriersdelamer.fr\/index.php\/les-bateaux-invite-dedition-en-edition\/\" \/>\n<meta property=\"og:site_name\" content=\"Festival Les Aventuriers de la Mer\" \/>\n<meta property=\"article:publisher\" content=\"https:\/\/www.facebook.com\/aventuriersdelamer\/\" \/>\n<meta property=\"article:modified_time\" content=\"2023-02-17T08:09:20+00:00\" \/>\n<meta name=\"twitter:card\" content=\"summary_large_image\" \/>\n<meta name=\"twitter:label1\" content=\"Dur\u00e9e de lecture estim\u00e9e\" \/>\n\t<meta name=\"twitter:data1\" content=\"8 minutes\" \/>\n<script type=\"application\/ld+json\" class=\"yoast-schema-graph\">{\"@context\":\"https:\\\/\\\/schema.org\",\"@graph\":[{\"@type\":\"WebPage\",\"@id\":\"https:\\\/\\\/aventuriersdelamer.fr\\\/index.php\\\/les-bateaux-invite-dedition-en-edition\\\/\",\"url\":\"https:\\\/\\\/aventuriersdelamer.fr\\\/index.php\\\/les-bateaux-invite-dedition-en-edition\\\/\",\"name\":\"Les bateaux invit\u00e9s d'\u00e9dition en \u00e9dition - Festival Les Aventuriers de la Mer\",\"isPartOf\":{\"@id\":\"https:\\\/\\\/aventuriersdelamer.fr\\\/#website\"},\"datePublished\":\"2023-02-17T08:04:10+00:00\",\"dateModified\":\"2023-02-17T08:09:20+00:00\",\"breadcrumb\":{\"@id\":\"https:\\\/\\\/aventuriersdelamer.fr\\\/index.php\\\/les-bateaux-invite-dedition-en-edition\\\/#breadcrumb\"},\"inLanguage\":\"fr-FR\",\"potentialAction\":[{\"@type\":\"ReadAction\",\"target\":[\"https:\\\/\\\/aventuriersdelamer.fr\\\/index.php\\\/les-bateaux-invite-dedition-en-edition\\\/\"]}]},{\"@type\":\"BreadcrumbList\",\"@id\":\"https:\\\/\\\/aventuriersdelamer.fr\\\/index.php\\\/les-bateaux-invite-dedition-en-edition\\\/#breadcrumb\",\"itemListElement\":[{\"@type\":\"ListItem\",\"position\":1,\"name\":\"Accueil\",\"item\":\"https:\\\/\\\/aventuriersdelamer.fr\\\/\"},{\"@type\":\"ListItem\",\"position\":2,\"name\":\"Les bateaux invit\u00e9s d&rsquo;\u00e9dition en \u00e9dition\"}]},{\"@type\":\"WebSite\",\"@id\":\"https:\\\/\\\/aventuriersdelamer.fr\\\/#website\",\"url\":\"https:\\\/\\\/aventuriersdelamer.fr\\\/\",\"name\":\"Festival Les Aventuriers de la Mer\",\"description\":\"Explorer, innover et enchanter le monde\",\"publisher\":{\"@id\":\"https:\\\/\\\/aventuriersdelamer.fr\\\/#organization\"},\"potentialAction\":[{\"@type\":\"SearchAction\",\"target\":{\"@type\":\"EntryPoint\",\"urlTemplate\":\"https:\\\/\\\/aventuriersdelamer.fr\\\/?s={search_term_string}\"},\"query-input\":{\"@type\":\"PropertyValueSpecification\",\"valueRequired\":true,\"valueName\":\"search_term_string\"}}],\"inLanguage\":\"fr-FR\"},{\"@type\":\"Organization\",\"@id\":\"https:\\\/\\\/aventuriersdelamer.fr\\\/#organization\",\"name\":\"Le Bruit du Vent\",\"url\":\"https:\\\/\\\/aventuriersdelamer.fr\\\/\",\"logo\":{\"@type\":\"ImageObject\",\"inLanguage\":\"fr-FR\",\"@id\":\"https:\\\/\\\/aventuriersdelamer.fr\\\/#\\\/schema\\\/logo\\\/image\\\/\",\"url\":\"https:\\\/\\\/aventuriersdelamer.fr\\\/wp-content\\\/uploads\\\/2016\\\/01\\\/4ECA575F-1CCB-41C9-AAC8-93902736151E.jpeg\",\"contentUrl\":\"https:\\\/\\\/aventuriersdelamer.fr\\\/wp-content\\\/uploads\\\/2016\\\/01\\\/4ECA575F-1CCB-41C9-AAC8-93902736151E.jpeg\",\"width\":222,\"height\":198,\"caption\":\"Le Bruit du Vent\"},\"image\":{\"@id\":\"https:\\\/\\\/aventuriersdelamer.fr\\\/#\\\/schema\\\/logo\\\/image\\\/\"},\"sameAs\":[\"https:\\\/\\\/www.facebook.com\\\/aventuriersdelamer\\\/\"]}]}<\/script>\n<!-- \/ Yoast SEO plugin. -->","yoast_head_json":{"title":"Les bateaux invit\u00e9s d'\u00e9dition en \u00e9dition - Festival Les Aventuriers de la Mer","robots":{"index":"index","follow":"follow","max-snippet":"max-snippet:-1","max-image-preview":"max-image-preview:large","max-video-preview":"max-video-preview:-1"},"canonical":"https:\/\/aventuriersdelamer.fr\/index.php\/les-bateaux-invite-dedition-en-edition\/","og_locale":"fr_FR","og_type":"article","og_title":"Les bateaux invit\u00e9s d'\u00e9dition en \u00e9dition - Festival Les Aventuriers de la Mer","og_description":"2016 Biche&nbsp; :Biche est le dernier thonier dundee &agrave; voiles de l&rsquo;Atlantique, un bateau de p&ecirc;che construit &agrave; des centaines d&rsquo;exemplaires jusqu&rsquo;&agrave; la veille de la derni&egrave;re guerre mondiale. &nbsp;Caract&eacute;ristiques :&nbsp; 21,50m lg \/ 32m HT\/ 6,60m large\/ 2, 95m &hellip; Continuer la lecture &rarr;","og_url":"https:\/\/aventuriersdelamer.fr\/index.php\/les-bateaux-invite-dedition-en-edition\/","og_site_name":"Festival Les Aventuriers de la Mer","article_publisher":"https:\/\/www.facebook.com\/aventuriersdelamer\/","article_modified_time":"2023-02-17T08:09:20+00:00","twitter_card":"summary_large_image","twitter_misc":{"Dur\u00e9e de lecture estim\u00e9e":"8 minutes"},"schema":{"@context":"https:\/\/schema.org","@graph":[{"@type":"WebPage","@id":"https:\/\/aventuriersdelamer.fr\/index.php\/les-bateaux-invite-dedition-en-edition\/","url":"https:\/\/aventuriersdelamer.fr\/index.php\/les-bateaux-invite-dedition-en-edition\/","name":"Les bateaux invit\u00e9s d'\u00e9dition en \u00e9dition - Festival Les Aventuriers de la Mer","isPartOf":{"@id":"https:\/\/aventuriersdelamer.fr\/#website"},"datePublished":"2023-02-17T08:04:10+00:00","dateModified":"2023-02-17T08:09:20+00:00","breadcrumb":{"@id":"https:\/\/aventuriersdelamer.fr\/index.php\/les-bateaux-invite-dedition-en-edition\/#breadcrumb"},"inLanguage":"fr-FR","potentialAction":[{"@type":"ReadAction","target":["https:\/\/aventuriersdelamer.fr\/index.php\/les-bateaux-invite-dedition-en-edition\/"]}]},{"@type":"BreadcrumbList","@id":"https:\/\/aventuriersdelamer.fr\/index.php\/les-bateaux-invite-dedition-en-edition\/#breadcrumb","itemListElement":[{"@type":"ListItem","position":1,"name":"Accueil","item":"https:\/\/aventuriersdelamer.fr\/"},{"@type":"ListItem","position":2,"name":"Les bateaux invit\u00e9s d&rsquo;\u00e9dition en \u00e9dition"}]},{"@type":"WebSite","@id":"https:\/\/aventuriersdelamer.fr\/#website","url":"https:\/\/aventuriersdelamer.fr\/","name":"Festival Les Aventuriers de la Mer","description":"Explorer, innover et enchanter le monde","publisher":{"@id":"https:\/\/aventuriersdelamer.fr\/#organization"},"potentialAction":[{"@type":"SearchAction","target":{"@type":"EntryPoint","urlTemplate":"https:\/\/aventuriersdelamer.fr\/?s={search_term_string}"},"query-input":{"@type":"PropertyValueSpecification","valueRequired":true,"valueName":"search_term_string"}}],"inLanguage":"fr-FR"},{"@type":"Organization","@id":"https:\/\/aventuriersdelamer.fr\/#organization","name":"Le Bruit du Vent","url":"https:\/\/aventuriersdelamer.fr\/","logo":{"@type":"ImageObject","inLanguage":"fr-FR","@id":"https:\/\/aventuriersdelamer.fr\/#\/schema\/logo\/image\/","url":"https:\/\/aventuriersdelamer.fr\/wp-content\/uploads\/2016\/01\/4ECA575F-1CCB-41C9-AAC8-93902736151E.jpeg","contentUrl":"https:\/\/aventuriersdelamer.fr\/wp-content\/uploads\/2016\/01\/4ECA575F-1CCB-41C9-AAC8-93902736151E.jpeg","width":222,"height":198,"caption":"Le Bruit du Vent"},"image":{"@id":"https:\/\/aventuriersdelamer.fr\/#\/schema\/logo\/image\/"},"sameAs":["https:\/\/www.facebook.com\/aventuriersdelamer\/"]}]}},"_links":{"self":[{"href":"https:\/\/aventuriersdelamer.fr\/index.php\/wp-json\/wp\/v2\/pages\/5878","targetHints":{"allow":["GET"]}}],"collection":[{"href":"https:\/\/aventuriersdelamer.fr\/index.php\/wp-json\/wp\/v2\/pages"}],"about":[{"href":"https:\/\/aventuriersdelamer.fr\/index.php\/wp-json\/wp\/v2\/types\/page"}],"author":[{"embeddable":true,"href":"https:\/\/aventuriersdelamer.fr\/index.php\/wp-json\/wp\/v2\/users\/1"}],"replies":[{"embeddable":true,"href":"https:\/\/aventuriersdelamer.fr\/index.php\/wp-json\/wp\/v2\/comments?post=5878"}],"version-history":[{"count":2,"href":"https:\/\/aventuriersdelamer.fr\/index.php\/wp-json\/wp\/v2\/pages\/5878\/revisions"}],"predecessor-version":[{"id":5884,"href":"https:\/\/aventuriersdelamer.fr\/index.php\/wp-json\/wp\/v2\/pages\/5878\/revisions\/5884"}],"wp:attachment":[{"href":"https:\/\/aventuriersdelamer.fr\/index.php\/wp-json\/wp\/v2\/media?parent=5878"}],"curies":[{"name":"wp","href":"https:\/\/api.w.org\/{rel}","templated":true}]}}