{"id":2881,"date":"2023-08-17T13:32:28","date_gmt":"2023-08-17T12:32:28","guid":{"rendered":"http:\/\/aventuriersdelamer.fr\/?page_id=2881"},"modified":"2023-09-19T09:43:22","modified_gmt":"2023-09-19T08:43:22","slug":"fete-de-la-science-ecoles-2023","status":"publish","type":"page","link":"https:\/\/aventuriersdelamer.fr\/index.php\/fete-de-la-science-ecoles-2023\/","title":{"rendered":"Ateliers scolaires -F\u00eate de la science"},"content":{"rendered":"<div id=\"pl-2881\"  class=\"panel-layout\" ><div id=\"pg-2881-0\"  class=\"panel-grid panel-no-style\" ><div id=\"pgc-2881-0-0\"  class=\"panel-grid-cell\" ><div id=\"panel-2881-0-0-0\" class=\"so-panel widget widget_sow-editor panel-first-child\" data-index=\"0\" ><div\n\t\t\t\n\t\t\tclass=\"so-widget-sow-editor so-widget-sow-editor-base\"\n\t\t\t\n\t\t>\n<div class=\"siteorigin-widget-tinymce textwidget\">\n\t<p><strong>LES BATEAUX DU FESTIVAL<\/strong><br \/>\n<em>Atelier scolaire pour les \u00e9coles primaires<br \/>\n<\/em><\/p>\n<\/div>\n<\/div><\/div><div id=\"panel-2881-0-0-1\" class=\"so-panel widget widget_sow-editor\" data-index=\"1\" ><div\n\t\t\t\n\t\t\tclass=\"so-widget-sow-editor so-widget-sow-editor-base\"\n\t\t\t\n\t\t>\n<div class=\"siteorigin-widget-tinymce textwidget\">\n\t<h4><strong>Le thonier Biche et le cargo \u00e0 voiles Grain de Sail, invit\u00e9s du Festival, sont d\u00e9di\u00e9s \u00e0 la visite pour les cycles 2 et 3 des \u00e9coles primaires. A bord, rencontre avec les \u00e9quipages et d\u00e9couverte de la vie du bord : navigation, avitaillement, gestion du sommeil...<\/strong><\/h4>\n<\/div>\n<\/div><\/div><div id=\"panel-2881-0-0-2\" class=\"so-panel widget widget_sow-editor panel-last-child\" data-index=\"2\" ><div\n\t\t\t\n\t\t\tclass=\"so-widget-sow-editor so-widget-sow-editor-base\"\n\t\t\t\n\t\t>\n<div class=\"siteorigin-widget-tinymce textwidget\">\n\t<pre><strong>INFOS PRATIQUES\n\nJour\u00a0<\/strong>: jeudi 12 et vendredi 13 octobre\n<strong>Lieu :<\/strong> ponton de la Cit\u00e9 de la Voile Eric Tabarly\n<strong>Dur\u00e9e :<\/strong><em>\u00a0 \nAtelier 1<\/em> : Sur le Biche - 30 mn\n <em>Atelier 2:<\/em> - 30 mn\n<strong>Dur\u00e9e totale :<\/strong> une heure pour une classe.\n\n<strong>Informations et r\u00e9servations :<\/strong> \n<a href=\"mailto:fetedelascience@maisondelamer.org\">fetedelascience@maisondelamer.org<\/a> \/ <a href=\"tel:0297848737\">0297848737<\/a>\n<a href=\"https:\/\/www.fetedelascience.fr\/les-bateaux-du-festival-les-aventuriers-de-la-mer\">Voir la page sur le site F\u00eate de la science<\/a>\nTout le programme : <a href=\"https:\/\/www.fetedelascience.fr\/\">F\u00eate de la science 2023<\/a><\/pre>\n<\/div>\n<\/div><\/div><\/div><\/div><div id=\"pg-2881-1\"  class=\"panel-grid panel-no-style\" ><div id=\"pgc-2881-1-0\"  class=\"panel-grid-cell\" ><div id=\"panel-2881-1-0-0\" class=\"so-panel widget widget_sow-editor panel-first-child\" data-index=\"3\" ><div\n\t\t\t\n\t\t\tclass=\"so-widget-sow-editor so-widget-sow-editor-base\"\n\t\t\t\n\t\t>\n<div class=\"siteorigin-widget-tinymce textwidget\">\n\t<p><strong>LECTURE THEATRALISEE\/ DEBATS \"QUAND VIENDRA LA VAGUE\"<\/strong><br \/>\n<em>Atelier scolaire pour lyc\u00e9ens<\/em><br \/>\n<strong>\u00a0<\/strong><\/p>\n<\/div>\n<\/div><\/div><div id=\"panel-2881-1-0-1\" class=\"so-panel widget widget_sow-image\" data-index=\"4\" ><div\n\t\t\t\n\t\t\tclass=\"so-widget-sow-image so-widget-sow-image-default-8b5b6f678277-2881\"\n\t\t\t\n\t\t>\n<div class=\"sow-image-container\">\n\t\t<img \n\tsrc=\"https:\/\/aventuriersdelamer.fr\/wp-content\/uploads\/2023\/09\/\u00a9-Jacques-Nicolas-Landerneau-2-scaled.jpg\" width=\"2560\" height=\"1299\" srcset=\"https:\/\/aventuriersdelamer.fr\/wp-content\/uploads\/2023\/09\/\u00a9-Jacques-Nicolas-Landerneau-2-scaled.jpg 2560w, https:\/\/aventuriersdelamer.fr\/wp-content\/uploads\/2023\/09\/\u00a9-Jacques-Nicolas-Landerneau-2-300x152.jpg 300w, https:\/\/aventuriersdelamer.fr\/wp-content\/uploads\/2023\/09\/\u00a9-Jacques-Nicolas-Landerneau-2-1024x520.jpg 1024w, https:\/\/aventuriersdelamer.fr\/wp-content\/uploads\/2023\/09\/\u00a9-Jacques-Nicolas-Landerneau-2-768x390.jpg 768w, https:\/\/aventuriersdelamer.fr\/wp-content\/uploads\/2023\/09\/\u00a9-Jacques-Nicolas-Landerneau-2-600x304.jpg 600w, https:\/\/aventuriersdelamer.fr\/wp-content\/uploads\/2023\/09\/\u00a9-Jacques-Nicolas-Landerneau-2-1536x779.jpg 1536w, https:\/\/aventuriersdelamer.fr\/wp-content\/uploads\/2023\/09\/\u00a9-Jacques-Nicolas-Landerneau-2-2048x1039.jpg 2048w, https:\/\/aventuriersdelamer.fr\/wp-content\/uploads\/2023\/09\/\u00a9-Jacques-Nicolas-Landerneau-2-500x254.jpg 500w\" sizes=\"(max-width: 2560px) 100vw, 2560px\" title=\"\u00a9 Jacques Nicolas &#8211; Landerneau 2\" alt=\"\" \t\tclass=\"so-widget-image\"\/>\n\t<\/div>\n\n<\/div><\/div><div id=\"panel-2881-1-0-2\" class=\"so-panel widget widget_sow-editor\" data-index=\"5\" ><div\n\t\t\t\n\t\t\tclass=\"so-widget-sow-editor so-widget-sow-editor-base\"\n\t\t\t\n\t\t>\n<div class=\"siteorigin-widget-tinymce textwidget\">\n\t<p><em>Et si, face \u00e0 une violente et in\u00e9vitable mont\u00e9e des eaux, deux jeunes amants s\u2019amusaient \u00e0 un jeu de r\u00f4le sur la s\u00e9lection des survivant\u00b7e\u00b7s ? Ils en sont s\u00fbrs, la Vague arrive et les c\u00f4tes du monde en seront les premi\u00e8res victimes. Perch\u00e9s sur le plus haut sommet de leur \u00eele natale, Mateo et <span class=\"scayt-misspell-word\" data-scayt-word=\"Letizia\" data-wsc-lang=\"fr_FR\" data-wsc-id=\"lm7q9lvy13361gudy\">Letizia<\/span> l\u2019attendent. Pour s\u2019occuper, ils endossent les costumes de celles et ceux qui viendront s\u2019y r\u00e9fugier. Mais l\u2019\u00eele est petite et leur bout de rocher pourra-t-il accueillir tout le monde ? Et au fond, tout le monde m\u00e9rite-t-il d\u2019\u00eatre sauv\u00e9 ? M\u00eame leur premier patron sadique ? L\u2019homme aux mains baladeuses ou le voleur de portefeuille du 2 juillet 2003 ? C\u00e9cilia de la classe de 5\u00e8me ? Et que faire des responsables de cette catastrophe climatique ? Ou de cet oiseau dont la t\u00eate ne leur revient pas ?<\/em><\/p>\n<p><u>Conception et interpr\u00e9tation : Collectif La Fugue <\/u>(Pierre-Alexandre <span class=\"scayt-misspell-word\" data-scayt-word=\"Culo\" data-wsc-lang=\"fr_FR\" data-wsc-id=\"lm7q9lyz8lju7j4gp\">Culo<\/span> et Ir\u00e8ne Le <span class=\"scayt-misspell-word\" data-scayt-word=\"Gou\u00e9\" data-wsc-lang=\"fr_FR\" data-wsc-id=\"lm7q9lyysscffefp6\">Gou\u00e9<\/span><\/p>\n<\/div>\n<\/div><\/div><div id=\"panel-2881-1-0-3\" class=\"so-panel widget widget_sow-editor panel-last-child\" data-index=\"6\" ><div\n\t\t\t\n\t\t\tclass=\"so-widget-sow-editor so-widget-sow-editor-base\"\n\t\t\t\n\t\t>\n<div class=\"siteorigin-widget-tinymce textwidget\">\n\t<pre><strong>INFOS PRATIQUES <\/strong>\n<strong>Jour\u00a0<\/strong>: jeudi 12 octobre\n<strong>Horaires<\/strong> : 10h30-11h30 \/ 13h45-14h45\n<strong>Lieu<\/strong>: Auditorium, Cit\u00e9 de la Voile Eric Tabarly\n<strong>Nombres de places<\/strong> : 70 \n<strong>Dur\u00e9e :<\/strong><em> 45 mn de lecture \/ 15 mn de d\u00e9bats<\/em>\n<strong>Dur\u00e9e totale :<\/strong> une heure pour deux classe.\n\n<strong>Informations et r\u00e9servations :<\/strong>\n<a href=\"mailto:fetedelascience@maisondelamer.org\">fetedelascience@maisondelamer.org<\/a> \/ <a href=\"tel:0297848737\">0297848737<\/a> <a href=\"https:\/\/www.fetedelascience.fr\/lecture-theatraliseedebats-quand-viendra-la-vague\">\nVoir la page sur le site F\u00eate de la science<\/a>\nTout le programme : <a href=\"https:\/\/www.fetedelascience.fr\/\">F\u00eate de la science 2023<\/a>\n<u><strong>\nDisponible sur la plateforme Adage \net finan\u00e7able par le <span class=\"scayt-misspell-word\" data-scayt-word=\"Pass\" data-wsc-lang=\"fr_FR\" data-wsc-id=\"lm7q9m7c1llgy8w7u\">Pass<\/span> Culture.<\/strong><\/u><\/pre>\n<p>&nbsp;<\/p>\n<\/div>\n<\/div><\/div><\/div><\/div><div id=\"pg-2881-2\"  class=\"panel-grid panel-no-style\" ><div id=\"pgc-2881-2-0\"  class=\"panel-grid-cell\" ><div id=\"panel-2881-2-0-0\" class=\"so-panel widget widget_sow-editor panel-first-child\" data-index=\"7\" ><div\n\t\t\t\n\t\t\tclass=\"so-widget-sow-editor so-widget-sow-editor-base\"\n\t\t\t\n\t\t>\n<div class=\"siteorigin-widget-tinymce textwidget\">\n\t<p><strong>LE FESTIVAL PART AU LYCEE !<\/strong><br \/>\n<em>Atelier scolaire pour lyc\u00e9ens hors-les-murs<\/em><br \/>\n<span style=\"color: #333399;\"><strong>Un programme r\u00e9alis\u00e9 avec le soutien de la Fondation Grand Ouest<\/strong><\/span><\/p>\n<\/div>\n<\/div><\/div><div id=\"panel-2881-2-0-1\" class=\"so-panel widget widget_sow-image\" data-index=\"8\" ><div\n\t\t\t\n\t\t\tclass=\"so-widget-sow-image so-widget-sow-image-default-8b5b6f678277-2881\"\n\t\t\t\n\t\t>\n<div class=\"sow-image-container\">\n\t\t<img \n\tsrc=\"https:\/\/aventuriersdelamer.fr\/wp-content\/uploads\/2023\/09\/SILECTURE-THEATRALISEE-QUAND-VIENDRA-LA-VAGUE.V3.jpg\" width=\"2500\" height=\"2500\" srcset=\"https:\/\/aventuriersdelamer.fr\/wp-content\/uploads\/2023\/09\/SILECTURE-THEATRALISEE-QUAND-VIENDRA-LA-VAGUE.V3.jpg 2500w, https:\/\/aventuriersdelamer.fr\/wp-content\/uploads\/2023\/09\/SILECTURE-THEATRALISEE-QUAND-VIENDRA-LA-VAGUE.V3-300x300.jpg 300w, https:\/\/aventuriersdelamer.fr\/wp-content\/uploads\/2023\/09\/SILECTURE-THEATRALISEE-QUAND-VIENDRA-LA-VAGUE.V3-1024x1024.jpg 1024w, https:\/\/aventuriersdelamer.fr\/wp-content\/uploads\/2023\/09\/SILECTURE-THEATRALISEE-QUAND-VIENDRA-LA-VAGUE.V3-150x150.jpg 150w, https:\/\/aventuriersdelamer.fr\/wp-content\/uploads\/2023\/09\/SILECTURE-THEATRALISEE-QUAND-VIENDRA-LA-VAGUE.V3-768x768.jpg 768w, https:\/\/aventuriersdelamer.fr\/wp-content\/uploads\/2023\/09\/SILECTURE-THEATRALISEE-QUAND-VIENDRA-LA-VAGUE.V3-600x600.jpg 600w, https:\/\/aventuriersdelamer.fr\/wp-content\/uploads\/2023\/09\/SILECTURE-THEATRALISEE-QUAND-VIENDRA-LA-VAGUE.V3-1536x1536.jpg 1536w, https:\/\/aventuriersdelamer.fr\/wp-content\/uploads\/2023\/09\/SILECTURE-THEATRALISEE-QUAND-VIENDRA-LA-VAGUE.V3-2048x2048.jpg 2048w\" sizes=\"(max-width: 2500px) 100vw, 2500px\" title=\"SILECTURE THEATRALISEE &#8211; QUAND VIENDRA LA VAGUE.V3\" alt=\"\" \t\tclass=\"so-widget-image\"\/>\n\t<\/div>\n\n<\/div><\/div><div id=\"panel-2881-2-0-2\" class=\"so-panel widget widget_sow-editor panel-last-child\" data-index=\"9\" ><div\n\t\t\t\n\t\t\tclass=\"so-widget-sow-editor so-widget-sow-editor-base\"\n\t\t\t\n\t\t>\n<div class=\"siteorigin-widget-tinymce textwidget\">\n\t<pre><strong>INFOS PRATIQUES <\/strong>\n<strong>Jour\u00a0<\/strong>: Lundi 09 et mardi 10 octobre\n<strong>Horaires<\/strong> : En apr\u00e8s-midi\n<strong>Lieu de rendez-vous\u00a0<\/strong>: Lyc\u00e9es\n<strong>Dur\u00e9e :<\/strong><em> \n45 mn de lecture th\u00e9\u00e2tralis\u00e9e\n15 mn de d\u00e9bats\n30 mn d'\u00e9changes pour l'Agora des Jeunes<\/em>\n<strong>Dur\u00e9e totale :<\/strong> une heure 30 \n\n<strong>Informations et r\u00e9servations :<\/strong>\nSonia Hervochon \/ Service Jeunesse Ville de Lorient\n<a href=\"mailto:shervochon@lorient.bzh\">shervochon@lorient.bzh\n<\/a><a href=\"https:\/\/www.lorient.bzh\/agoradesjeunes\">Toutes les infos sur l'Agora des Jeunes<\/a>\n<u>\n<\/u><\/pre>\n<p>&nbsp;<\/p>\n<\/div>\n<\/div><\/div><\/div><\/div><\/div>","protected":false},"excerpt":{"rendered":"<p>LES BATEAUX DU FESTIVAL Atelier scolaire pour les &eacute;coles primaires Le thonier Biche et le cargo &agrave; voiles Grain de Sail, invit&eacute;s du Festival, sont d&eacute;di&eacute;s &agrave; la visite pour les cycles 2 et 3 des &eacute;coles primaires. A bord, &hellip; <a href=\"https:\/\/aventuriersdelamer.fr\/index.php\/fete-de-la-science-ecoles-2023\/\">Continuer la lecture <span class=\"meta-nav\">&rarr;<\/span><\/a><\/p>\n","protected":false},"author":1,"featured_media":0,"parent":0,"menu_order":0,"comment_status":"closed","ping_status":"closed","template":"","meta":{"footnotes":""},"class_list":["post-2881","page","type-page","status-publish","hentry"],"yoast_head":"<!-- This site is optimized with the Yoast SEO plugin v27.3 - https:\/\/yoast.com\/product\/yoast-seo-wordpress\/ -->\n<title>Ateliers scolaires -F\u00eate de la science - Festival Les Aventuriers de la Mer<\/title>\n<meta name=\"robots\" content=\"index, follow, max-snippet:-1, max-image-preview:large, max-video-preview:-1\" \/>\n<link rel=\"canonical\" href=\"https:\/\/aventuriersdelamer.fr\/index.php\/fete-de-la-science-ecoles-2023\/\" \/>\n<meta property=\"og:locale\" content=\"fr_FR\" \/>\n<meta property=\"og:type\" content=\"article\" \/>\n<meta property=\"og:title\" content=\"Ateliers scolaires -F\u00eate de la science - Festival Les Aventuriers de la Mer\" \/>\n<meta property=\"og:description\" content=\"LES BATEAUX DU FESTIVAL Atelier scolaire pour les &eacute;coles primaires Le thonier Biche et le cargo &agrave; voiles Grain de Sail, invit&eacute;s du Festival, sont d&eacute;di&eacute;s &agrave; la visite pour les cycles 2 et 3 des &eacute;coles primaires. A bord, &hellip; Continuer la lecture &rarr;\" \/>\n<meta property=\"og:url\" content=\"https:\/\/aventuriersdelamer.fr\/index.php\/fete-de-la-science-ecoles-2023\/\" \/>\n<meta property=\"og:site_name\" content=\"Festival Les Aventuriers de la Mer\" \/>\n<meta property=\"article:publisher\" content=\"https:\/\/www.facebook.com\/aventuriersdelamer\/\" \/>\n<meta property=\"article:modified_time\" content=\"2023-09-19T08:43:22+00:00\" \/>\n<meta name=\"twitter:card\" content=\"summary_large_image\" \/>\n<meta name=\"twitter:label1\" content=\"Dur\u00e9e de lecture estim\u00e9e\" \/>\n\t<meta name=\"twitter:data1\" content=\"2 minutes\" \/>\n<script type=\"application\/ld+json\" class=\"yoast-schema-graph\">{\"@context\":\"https:\\\/\\\/schema.org\",\"@graph\":[{\"@type\":\"WebPage\",\"@id\":\"https:\\\/\\\/aventuriersdelamer.fr\\\/index.php\\\/fete-de-la-science-ecoles-2023\\\/\",\"url\":\"https:\\\/\\\/aventuriersdelamer.fr\\\/index.php\\\/fete-de-la-science-ecoles-2023\\\/\",\"name\":\"Ateliers scolaires -F\u00eate de la science - Festival Les Aventuriers de la Mer\",\"isPartOf\":{\"@id\":\"https:\\\/\\\/aventuriersdelamer.fr\\\/#website\"},\"datePublished\":\"2023-08-17T12:32:28+00:00\",\"dateModified\":\"2023-09-19T08:43:22+00:00\",\"breadcrumb\":{\"@id\":\"https:\\\/\\\/aventuriersdelamer.fr\\\/index.php\\\/fete-de-la-science-ecoles-2023\\\/#breadcrumb\"},\"inLanguage\":\"fr-FR\",\"potentialAction\":[{\"@type\":\"ReadAction\",\"target\":[\"https:\\\/\\\/aventuriersdelamer.fr\\\/index.php\\\/fete-de-la-science-ecoles-2023\\\/\"]}]},{\"@type\":\"BreadcrumbList\",\"@id\":\"https:\\\/\\\/aventuriersdelamer.fr\\\/index.php\\\/fete-de-la-science-ecoles-2023\\\/#breadcrumb\",\"itemListElement\":[{\"@type\":\"ListItem\",\"position\":1,\"name\":\"Accueil\",\"item\":\"https:\\\/\\\/aventuriersdelamer.fr\\\/\"},{\"@type\":\"ListItem\",\"position\":2,\"name\":\"Ateliers scolaires -F\u00eate de la science\"}]},{\"@type\":\"WebSite\",\"@id\":\"https:\\\/\\\/aventuriersdelamer.fr\\\/#website\",\"url\":\"https:\\\/\\\/aventuriersdelamer.fr\\\/\",\"name\":\"Festival Les Aventuriers de la Mer\",\"description\":\"Explorer, innover et enchanter le monde\",\"publisher\":{\"@id\":\"https:\\\/\\\/aventuriersdelamer.fr\\\/#organization\"},\"potentialAction\":[{\"@type\":\"SearchAction\",\"target\":{\"@type\":\"EntryPoint\",\"urlTemplate\":\"https:\\\/\\\/aventuriersdelamer.fr\\\/?s={search_term_string}\"},\"query-input\":{\"@type\":\"PropertyValueSpecification\",\"valueRequired\":true,\"valueName\":\"search_term_string\"}}],\"inLanguage\":\"fr-FR\"},{\"@type\":\"Organization\",\"@id\":\"https:\\\/\\\/aventuriersdelamer.fr\\\/#organization\",\"name\":\"Le Bruit du Vent\",\"url\":\"https:\\\/\\\/aventuriersdelamer.fr\\\/\",\"logo\":{\"@type\":\"ImageObject\",\"inLanguage\":\"fr-FR\",\"@id\":\"https:\\\/\\\/aventuriersdelamer.fr\\\/#\\\/schema\\\/logo\\\/image\\\/\",\"url\":\"https:\\\/\\\/aventuriersdelamer.fr\\\/wp-content\\\/uploads\\\/2016\\\/01\\\/4ECA575F-1CCB-41C9-AAC8-93902736151E.jpeg\",\"contentUrl\":\"https:\\\/\\\/aventuriersdelamer.fr\\\/wp-content\\\/uploads\\\/2016\\\/01\\\/4ECA575F-1CCB-41C9-AAC8-93902736151E.jpeg\",\"width\":222,\"height\":198,\"caption\":\"Le Bruit du Vent\"},\"image\":{\"@id\":\"https:\\\/\\\/aventuriersdelamer.fr\\\/#\\\/schema\\\/logo\\\/image\\\/\"},\"sameAs\":[\"https:\\\/\\\/www.facebook.com\\\/aventuriersdelamer\\\/\"]}]}<\/script>\n<!-- \/ Yoast SEO plugin. -->","yoast_head_json":{"title":"Ateliers scolaires -F\u00eate de la science - Festival Les Aventuriers de la Mer","robots":{"index":"index","follow":"follow","max-snippet":"max-snippet:-1","max-image-preview":"max-image-preview:large","max-video-preview":"max-video-preview:-1"},"canonical":"https:\/\/aventuriersdelamer.fr\/index.php\/fete-de-la-science-ecoles-2023\/","og_locale":"fr_FR","og_type":"article","og_title":"Ateliers scolaires -F\u00eate de la science - Festival Les Aventuriers de la Mer","og_description":"LES BATEAUX DU FESTIVAL Atelier scolaire pour les &eacute;coles primaires Le thonier Biche et le cargo &agrave; voiles Grain de Sail, invit&eacute;s du Festival, sont d&eacute;di&eacute;s &agrave; la visite pour les cycles 2 et 3 des &eacute;coles primaires. A bord, &hellip; Continuer la lecture &rarr;","og_url":"https:\/\/aventuriersdelamer.fr\/index.php\/fete-de-la-science-ecoles-2023\/","og_site_name":"Festival Les Aventuriers de la Mer","article_publisher":"https:\/\/www.facebook.com\/aventuriersdelamer\/","article_modified_time":"2023-09-19T08:43:22+00:00","twitter_card":"summary_large_image","twitter_misc":{"Dur\u00e9e de lecture estim\u00e9e":"2 minutes"},"schema":{"@context":"https:\/\/schema.org","@graph":[{"@type":"WebPage","@id":"https:\/\/aventuriersdelamer.fr\/index.php\/fete-de-la-science-ecoles-2023\/","url":"https:\/\/aventuriersdelamer.fr\/index.php\/fete-de-la-science-ecoles-2023\/","name":"Ateliers scolaires -F\u00eate de la science - Festival Les Aventuriers de la Mer","isPartOf":{"@id":"https:\/\/aventuriersdelamer.fr\/#website"},"datePublished":"2023-08-17T12:32:28+00:00","dateModified":"2023-09-19T08:43:22+00:00","breadcrumb":{"@id":"https:\/\/aventuriersdelamer.fr\/index.php\/fete-de-la-science-ecoles-2023\/#breadcrumb"},"inLanguage":"fr-FR","potentialAction":[{"@type":"ReadAction","target":["https:\/\/aventuriersdelamer.fr\/index.php\/fete-de-la-science-ecoles-2023\/"]}]},{"@type":"BreadcrumbList","@id":"https:\/\/aventuriersdelamer.fr\/index.php\/fete-de-la-science-ecoles-2023\/#breadcrumb","itemListElement":[{"@type":"ListItem","position":1,"name":"Accueil","item":"https:\/\/aventuriersdelamer.fr\/"},{"@type":"ListItem","position":2,"name":"Ateliers scolaires -F\u00eate de la science"}]},{"@type":"WebSite","@id":"https:\/\/aventuriersdelamer.fr\/#website","url":"https:\/\/aventuriersdelamer.fr\/","name":"Festival Les Aventuriers de la Mer","description":"Explorer, innover et enchanter le monde","publisher":{"@id":"https:\/\/aventuriersdelamer.fr\/#organization"},"potentialAction":[{"@type":"SearchAction","target":{"@type":"EntryPoint","urlTemplate":"https:\/\/aventuriersdelamer.fr\/?s={search_term_string}"},"query-input":{"@type":"PropertyValueSpecification","valueRequired":true,"valueName":"search_term_string"}}],"inLanguage":"fr-FR"},{"@type":"Organization","@id":"https:\/\/aventuriersdelamer.fr\/#organization","name":"Le Bruit du Vent","url":"https:\/\/aventuriersdelamer.fr\/","logo":{"@type":"ImageObject","inLanguage":"fr-FR","@id":"https:\/\/aventuriersdelamer.fr\/#\/schema\/logo\/image\/","url":"https:\/\/aventuriersdelamer.fr\/wp-content\/uploads\/2016\/01\/4ECA575F-1CCB-41C9-AAC8-93902736151E.jpeg","contentUrl":"https:\/\/aventuriersdelamer.fr\/wp-content\/uploads\/2016\/01\/4ECA575F-1CCB-41C9-AAC8-93902736151E.jpeg","width":222,"height":198,"caption":"Le Bruit du Vent"},"image":{"@id":"https:\/\/aventuriersdelamer.fr\/#\/schema\/logo\/image\/"},"sameAs":["https:\/\/www.facebook.com\/aventuriersdelamer\/"]}]}},"_links":{"self":[{"href":"https:\/\/aventuriersdelamer.fr\/index.php\/wp-json\/wp\/v2\/pages\/2881","targetHints":{"allow":["GET"]}}],"collection":[{"href":"https:\/\/aventuriersdelamer.fr\/index.php\/wp-json\/wp\/v2\/pages"}],"about":[{"href":"https:\/\/aventuriersdelamer.fr\/index.php\/wp-json\/wp\/v2\/types\/page"}],"author":[{"embeddable":true,"href":"https:\/\/aventuriersdelamer.fr\/index.php\/wp-json\/wp\/v2\/users\/1"}],"replies":[{"embeddable":true,"href":"https:\/\/aventuriersdelamer.fr\/index.php\/wp-json\/wp\/v2\/comments?post=2881"}],"version-history":[{"count":48,"href":"https:\/\/aventuriersdelamer.fr\/index.php\/wp-json\/wp\/v2\/pages\/2881\/revisions"}],"predecessor-version":[{"id":6873,"href":"https:\/\/aventuriersdelamer.fr\/index.php\/wp-json\/wp\/v2\/pages\/2881\/revisions\/6873"}],"wp:attachment":[{"href":"https:\/\/aventuriersdelamer.fr\/index.php\/wp-json\/wp\/v2\/media?parent=2881"}],"curies":[{"name":"wp","href":"https:\/\/api.w.org\/{rel}","templated":true}]}}