{"id":2865,"date":"2020-09-10T10:24:23","date_gmt":"2020-09-10T09:24:23","guid":{"rendered":"http:\/\/aventuriersdelamer.fr\/?page_id=2865"},"modified":"2026-02-02T18:19:23","modified_gmt":"2026-02-02T17:19:23","slug":"soutenez-adherez","status":"publish","type":"page","link":"https:\/\/aventuriersdelamer.fr\/index.php\/soutenez-adherez\/","title":{"rendered":"Soutenez ou adh\u00e9rez !"},"content":{"rendered":"<div id=\"pl-2865\"  class=\"panel-layout\" ><div id=\"pg-2865-0\"  class=\"panel-grid panel-no-style\" ><div id=\"pgc-2865-0-0\"  class=\"panel-grid-cell\" ><div id=\"panel-2865-0-0-0\" class=\"so-panel widget widget_sow-editor panel-first-child\" data-index=\"0\" ><div\n\t\t\t\n\t\t\tclass=\"so-widget-sow-editor so-widget-sow-editor-base\"\n\t\t\t\n\t\t>\n<div class=\"siteorigin-widget-tinymce textwidget\">\n\t<p>Le festival <strong><span style=\"color: #003366;\">Les Aventuriers de la Mer<\/span> <\/strong>est organis\u00e9e par l\u2019association\u00a0<em> Le bruit du vent.<a href=\"http:\/\/aventuriersdelamer.fr\/wp-content\/uploads\/2020\/07\/logo-le-bruit-du-vent-02.png\"><img loading=\"lazy\" decoding=\"async\" class=\"alignright wp-image-2470\" src=\"http:\/\/aventuriersdelamer.fr\/wp-content\/uploads\/2020\/07\/logo-le-bruit-du-vent-02.png\" alt=\"\" width=\"83\" height=\"74\" srcset=\"https:\/\/aventuriersdelamer.fr\/wp-content\/uploads\/2020\/07\/logo-le-bruit-du-vent-02.png 925w, https:\/\/aventuriersdelamer.fr\/wp-content\/uploads\/2020\/07\/logo-le-bruit-du-vent-02-300x267.png 300w, https:\/\/aventuriersdelamer.fr\/wp-content\/uploads\/2020\/07\/logo-le-bruit-du-vent-02-768x682.png 768w, https:\/\/aventuriersdelamer.fr\/wp-content\/uploads\/2020\/07\/logo-le-bruit-du-vent-02-600x533.png 600w, https:\/\/aventuriersdelamer.fr\/wp-content\/uploads\/2020\/07\/logo-le-bruit-du-vent-02-338x300.png 338w\" sizes=\"auto, (max-width: 83px) 100vw, 83px\" \/><\/a><\/em><\/p>\n<p>Cr\u00e9\u00e9e en f\u00e9vrier 2016, l\u2019association <em>Le bruit du vent<\/em> s\u2019est donn\u00e9e pour objectifs la diffusion et la valorisation des connaissances li\u00e9es \u00e0 la mer, et la sensibilisation des diff\u00e9rents publics au milieu maritime, dans le respect de l\u2019environnement.<\/p>\n<p><strong>Adh\u00e9rer, c'est soutenir les actions de l'association !<\/strong><br \/>\nAdh\u00e9rer, c'est nous permettre de continuer \u00e0 faire conna\u00eetre les projets maritimes, \u00e0 organiser des actions pour les soutenir, \u00e0 monter des projets pour s'adresser \u00e0 ceux\/celles qui ne connaissent pas la mer.<br \/>\nAdh\u00e9rer, c'est nous aider \u00e0 organiser un \u00e9v\u00e9nement accessible, en maintenant la gratuit\u00e9.<\/p>\n<p>Adh\u00e9rer, c'est aussi la possibilit\u00e9 de nous rejoindre dans la mise en \u0153uvre des projets : assembl\u00e9e g\u00e9n\u00e9rale, conseil d'administration, bureau.<\/p>\n<p>Cliquez sur le lien ci-dessous !<\/p>\n<\/div>\n<\/div><\/div><div id=\"panel-2865-0-0-1\" class=\"so-panel widget widget_sow-button\" data-index=\"1\" ><div\n\t\t\t\n\t\t\tclass=\"so-widget-sow-button so-widget-sow-button-flat-857739567c6a-2865\"\n\t\t\t\n\t\t><div class=\"ow-button-base ow-button-align-center\"\n>\n\t\t\t<a\n\t\t\t\t\thref=\"https:\/\/www.helloasso.com\/associations\/le-bruit-du-vent\/adhesions\/adhesions-2026-le-bruit-du-vent-aventuriers-de-la-mer\"\n\t\t\t\t\tclass=\"sowb-button ow-icon-placement-left ow-button-hover\" target=\"_blank\" rel=\"noopener noreferrer\" \t>\n\t\t<span>\n\t\t\t<span class=\"sow-icon-fontawesome sow-far\" data-sow-icon=\"&#xf35a;\"\n\t\tstyle=\"color: #dd3333\" \n\t\taria-hidden=\"true\"><\/span>\n\t\t\tAdh\u00e9sions 2026\t\t<\/span>\n\t\t\t<\/a>\n\t<\/div>\n<\/div><\/div><div id=\"panel-2865-0-0-2\" class=\"so-panel widget widget_sow-editor\" data-index=\"2\" ><div\n\t\t\t\n\t\t\tclass=\"so-widget-sow-editor so-widget-sow-editor-base\"\n\t\t\t\n\t\t>\n<div class=\"siteorigin-widget-tinymce textwidget\">\n\t<p><strong>Faire un don, c'est soutenir les actions de l'association !\u2028<\/strong><\/p>\n<p>Faire un don, c'est nous permettre de continuer \u00e0 faire vivre le festival !<br \/>\n* D\u00e9couvrir les projets prometteurs de demain : Iliens, Plastic Odyssey, Avensurfboard \u2026<br \/>\n* Inviter des personnalit\u00e9s ressources pour les enjeux oc\u00e9aniques, comme Jean-Louis Etienne, Jean Jouzel, Kirsten Neusch\u00e4fer \u2026<br \/>\n* Sensibiliser les jeunes \u00e0 la mer par la visite de bateaux, les spectacles, les ateliers \u2026<br \/>\n* Travailler avec les \u00e9quipements du territoire pour offrir un programme pluridisciplinaire, s\u2019adressant autant \u00e0 la raison qu\u2019\u00e0 l\u2019\u00e9motion<br \/>\nFaire un don,\u00a0 c'est nous aider \u00e0 organiser un \u00e9v\u00e9nement accessible, en maintenant la gratuit\u00e9.<\/p>\n<\/div>\n<\/div><\/div><div id=\"panel-2865-0-0-3\" class=\"so-panel widget widget_sow-button panel-last-child\" data-index=\"3\" ><div\n\t\t\t\n\t\t\tclass=\"so-widget-sow-button so-widget-sow-button-flat-857739567c6a-2865\"\n\t\t\t\n\t\t><div class=\"ow-button-base ow-button-align-center\"\n>\n\t\t\t<a\n\t\t\t\t\thref=\"https:\/\/www.helloasso.com\/associations\/le-bruit-du-vent\/formulaires\/1\"\n\t\t\t\t\tclass=\"sowb-button ow-icon-placement-left ow-button-hover\" target=\"_blank\" rel=\"noopener noreferrer\" \t>\n\t\t<span>\n\t\t\t<span class=\"sow-icon-fontawesome sow-far\" data-sow-icon=\"&#xf35a;\"\n\t\tstyle=\"color: #dd3333\" \n\t\taria-hidden=\"true\"><\/span>\n\t\t\tFaire un don 2025\t\t<\/span>\n\t\t\t<\/a>\n\t<\/div>\n<\/div><\/div><\/div><\/div><\/div>","protected":false},"excerpt":{"rendered":"<p>Le festival Les Aventuriers de la Mer est organis&eacute;e par l&rsquo;association&nbsp; Le bruit du vent. Cr&eacute;&eacute;e en f&eacute;vrier 2016, l&rsquo;association Le bruit du vent s&rsquo;est donn&eacute;e pour objectifs la diffusion et la valorisation des connaissances li&eacute;es &agrave; la mer, et &hellip; <a href=\"https:\/\/aventuriersdelamer.fr\/index.php\/soutenez-adherez\/\">Continuer la lecture <span class=\"meta-nav\">&rarr;<\/span><\/a><\/p>\n","protected":false},"author":1,"featured_media":0,"parent":0,"menu_order":0,"comment_status":"closed","ping_status":"closed","template":"","meta":{"footnotes":""},"class_list":["post-2865","page","type-page","status-publish","hentry"],"yoast_head":"<!-- This site is optimized with the Yoast SEO plugin v27.3 - https:\/\/yoast.com\/product\/yoast-seo-wordpress\/ -->\n<title>Soutenez ou adh\u00e9rez ! - Festival Les Aventuriers de la Mer<\/title>\n<meta name=\"robots\" content=\"index, follow, max-snippet:-1, max-image-preview:large, max-video-preview:-1\" \/>\n<link rel=\"canonical\" href=\"https:\/\/aventuriersdelamer.fr\/index.php\/soutenez-adherez\/\" \/>\n<meta property=\"og:locale\" content=\"fr_FR\" \/>\n<meta property=\"og:type\" content=\"article\" \/>\n<meta property=\"og:title\" content=\"Soutenez ou adh\u00e9rez ! - Festival Les Aventuriers de la Mer\" \/>\n<meta property=\"og:description\" content=\"Le festival Les Aventuriers de la Mer est organis&eacute;e par l&rsquo;association&nbsp; Le bruit du vent. Cr&eacute;&eacute;e en f&eacute;vrier 2016, l&rsquo;association Le bruit du vent s&rsquo;est donn&eacute;e pour objectifs la diffusion et la valorisation des connaissances li&eacute;es &agrave; la mer, et &hellip; Continuer la lecture &rarr;\" \/>\n<meta property=\"og:url\" content=\"https:\/\/aventuriersdelamer.fr\/index.php\/soutenez-adherez\/\" \/>\n<meta property=\"og:site_name\" content=\"Festival Les Aventuriers de la Mer\" \/>\n<meta property=\"article:publisher\" content=\"https:\/\/www.facebook.com\/aventuriersdelamer\/\" \/>\n<meta property=\"article:modified_time\" content=\"2026-02-02T17:19:23+00:00\" \/>\n<meta property=\"og:image\" content=\"https:\/\/aventuriersdelamer.fr\/wp-content\/uploads\/2020\/07\/logo-le-bruit-du-vent-02.png\" \/>\n\t<meta property=\"og:image:width\" content=\"925\" \/>\n\t<meta property=\"og:image:height\" content=\"822\" \/>\n\t<meta property=\"og:image:type\" content=\"image\/png\" \/>\n<meta name=\"twitter:card\" content=\"summary_large_image\" \/>\n<meta name=\"twitter:label1\" content=\"Dur\u00e9e de lecture estim\u00e9e\" \/>\n\t<meta name=\"twitter:data1\" content=\"1 minute\" \/>\n<script type=\"application\/ld+json\" class=\"yoast-schema-graph\">{\"@context\":\"https:\\\/\\\/schema.org\",\"@graph\":[{\"@type\":\"WebPage\",\"@id\":\"https:\\\/\\\/aventuriersdelamer.fr\\\/index.php\\\/soutenez-adherez\\\/\",\"url\":\"https:\\\/\\\/aventuriersdelamer.fr\\\/index.php\\\/soutenez-adherez\\\/\",\"name\":\"Soutenez ou adh\u00e9rez ! - Festival Les Aventuriers de la Mer\",\"isPartOf\":{\"@id\":\"https:\\\/\\\/aventuriersdelamer.fr\\\/#website\"},\"primaryImageOfPage\":{\"@id\":\"https:\\\/\\\/aventuriersdelamer.fr\\\/index.php\\\/soutenez-adherez\\\/#primaryimage\"},\"image\":{\"@id\":\"https:\\\/\\\/aventuriersdelamer.fr\\\/index.php\\\/soutenez-adherez\\\/#primaryimage\"},\"thumbnailUrl\":\"http:\\\/\\\/aventuriersdelamer.fr\\\/wp-content\\\/uploads\\\/2020\\\/07\\\/logo-le-bruit-du-vent-02.png\",\"datePublished\":\"2020-09-10T09:24:23+00:00\",\"dateModified\":\"2026-02-02T17:19:23+00:00\",\"breadcrumb\":{\"@id\":\"https:\\\/\\\/aventuriersdelamer.fr\\\/index.php\\\/soutenez-adherez\\\/#breadcrumb\"},\"inLanguage\":\"fr-FR\",\"potentialAction\":[{\"@type\":\"ReadAction\",\"target\":[\"https:\\\/\\\/aventuriersdelamer.fr\\\/index.php\\\/soutenez-adherez\\\/\"]}]},{\"@type\":\"ImageObject\",\"inLanguage\":\"fr-FR\",\"@id\":\"https:\\\/\\\/aventuriersdelamer.fr\\\/index.php\\\/soutenez-adherez\\\/#primaryimage\",\"url\":\"https:\\\/\\\/aventuriersdelamer.fr\\\/wp-content\\\/uploads\\\/2020\\\/07\\\/logo-le-bruit-du-vent-02.png\",\"contentUrl\":\"https:\\\/\\\/aventuriersdelamer.fr\\\/wp-content\\\/uploads\\\/2020\\\/07\\\/logo-le-bruit-du-vent-02.png\",\"width\":925,\"height\":822},{\"@type\":\"BreadcrumbList\",\"@id\":\"https:\\\/\\\/aventuriersdelamer.fr\\\/index.php\\\/soutenez-adherez\\\/#breadcrumb\",\"itemListElement\":[{\"@type\":\"ListItem\",\"position\":1,\"name\":\"Accueil\",\"item\":\"https:\\\/\\\/aventuriersdelamer.fr\\\/\"},{\"@type\":\"ListItem\",\"position\":2,\"name\":\"Soutenez ou adh\u00e9rez !\"}]},{\"@type\":\"WebSite\",\"@id\":\"https:\\\/\\\/aventuriersdelamer.fr\\\/#website\",\"url\":\"https:\\\/\\\/aventuriersdelamer.fr\\\/\",\"name\":\"Festival Les Aventuriers de la Mer\",\"description\":\"Explorer, innover et enchanter le monde\",\"publisher\":{\"@id\":\"https:\\\/\\\/aventuriersdelamer.fr\\\/#organization\"},\"potentialAction\":[{\"@type\":\"SearchAction\",\"target\":{\"@type\":\"EntryPoint\",\"urlTemplate\":\"https:\\\/\\\/aventuriersdelamer.fr\\\/?s={search_term_string}\"},\"query-input\":{\"@type\":\"PropertyValueSpecification\",\"valueRequired\":true,\"valueName\":\"search_term_string\"}}],\"inLanguage\":\"fr-FR\"},{\"@type\":\"Organization\",\"@id\":\"https:\\\/\\\/aventuriersdelamer.fr\\\/#organization\",\"name\":\"Le Bruit du Vent\",\"url\":\"https:\\\/\\\/aventuriersdelamer.fr\\\/\",\"logo\":{\"@type\":\"ImageObject\",\"inLanguage\":\"fr-FR\",\"@id\":\"https:\\\/\\\/aventuriersdelamer.fr\\\/#\\\/schema\\\/logo\\\/image\\\/\",\"url\":\"https:\\\/\\\/aventuriersdelamer.fr\\\/wp-content\\\/uploads\\\/2016\\\/01\\\/4ECA575F-1CCB-41C9-AAC8-93902736151E.jpeg\",\"contentUrl\":\"https:\\\/\\\/aventuriersdelamer.fr\\\/wp-content\\\/uploads\\\/2016\\\/01\\\/4ECA575F-1CCB-41C9-AAC8-93902736151E.jpeg\",\"width\":222,\"height\":198,\"caption\":\"Le Bruit du Vent\"},\"image\":{\"@id\":\"https:\\\/\\\/aventuriersdelamer.fr\\\/#\\\/schema\\\/logo\\\/image\\\/\"},\"sameAs\":[\"https:\\\/\\\/www.facebook.com\\\/aventuriersdelamer\\\/\"]}]}<\/script>\n<!-- \/ Yoast SEO plugin. -->","yoast_head_json":{"title":"Soutenez ou adh\u00e9rez ! - Festival Les Aventuriers de la Mer","robots":{"index":"index","follow":"follow","max-snippet":"max-snippet:-1","max-image-preview":"max-image-preview:large","max-video-preview":"max-video-preview:-1"},"canonical":"https:\/\/aventuriersdelamer.fr\/index.php\/soutenez-adherez\/","og_locale":"fr_FR","og_type":"article","og_title":"Soutenez ou adh\u00e9rez ! - Festival Les Aventuriers de la Mer","og_description":"Le festival Les Aventuriers de la Mer est organis&eacute;e par l&rsquo;association&nbsp; Le bruit du vent. Cr&eacute;&eacute;e en f&eacute;vrier 2016, l&rsquo;association Le bruit du vent s&rsquo;est donn&eacute;e pour objectifs la diffusion et la valorisation des connaissances li&eacute;es &agrave; la mer, et &hellip; Continuer la lecture &rarr;","og_url":"https:\/\/aventuriersdelamer.fr\/index.php\/soutenez-adherez\/","og_site_name":"Festival Les Aventuriers de la Mer","article_publisher":"https:\/\/www.facebook.com\/aventuriersdelamer\/","article_modified_time":"2026-02-02T17:19:23+00:00","og_image":[{"width":925,"height":822,"url":"https:\/\/aventuriersdelamer.fr\/wp-content\/uploads\/2020\/07\/logo-le-bruit-du-vent-02.png","type":"image\/png"}],"twitter_card":"summary_large_image","twitter_misc":{"Dur\u00e9e de lecture estim\u00e9e":"1 minute"},"schema":{"@context":"https:\/\/schema.org","@graph":[{"@type":"WebPage","@id":"https:\/\/aventuriersdelamer.fr\/index.php\/soutenez-adherez\/","url":"https:\/\/aventuriersdelamer.fr\/index.php\/soutenez-adherez\/","name":"Soutenez ou adh\u00e9rez ! - Festival Les Aventuriers de la Mer","isPartOf":{"@id":"https:\/\/aventuriersdelamer.fr\/#website"},"primaryImageOfPage":{"@id":"https:\/\/aventuriersdelamer.fr\/index.php\/soutenez-adherez\/#primaryimage"},"image":{"@id":"https:\/\/aventuriersdelamer.fr\/index.php\/soutenez-adherez\/#primaryimage"},"thumbnailUrl":"http:\/\/aventuriersdelamer.fr\/wp-content\/uploads\/2020\/07\/logo-le-bruit-du-vent-02.png","datePublished":"2020-09-10T09:24:23+00:00","dateModified":"2026-02-02T17:19:23+00:00","breadcrumb":{"@id":"https:\/\/aventuriersdelamer.fr\/index.php\/soutenez-adherez\/#breadcrumb"},"inLanguage":"fr-FR","potentialAction":[{"@type":"ReadAction","target":["https:\/\/aventuriersdelamer.fr\/index.php\/soutenez-adherez\/"]}]},{"@type":"ImageObject","inLanguage":"fr-FR","@id":"https:\/\/aventuriersdelamer.fr\/index.php\/soutenez-adherez\/#primaryimage","url":"https:\/\/aventuriersdelamer.fr\/wp-content\/uploads\/2020\/07\/logo-le-bruit-du-vent-02.png","contentUrl":"https:\/\/aventuriersdelamer.fr\/wp-content\/uploads\/2020\/07\/logo-le-bruit-du-vent-02.png","width":925,"height":822},{"@type":"BreadcrumbList","@id":"https:\/\/aventuriersdelamer.fr\/index.php\/soutenez-adherez\/#breadcrumb","itemListElement":[{"@type":"ListItem","position":1,"name":"Accueil","item":"https:\/\/aventuriersdelamer.fr\/"},{"@type":"ListItem","position":2,"name":"Soutenez ou adh\u00e9rez !"}]},{"@type":"WebSite","@id":"https:\/\/aventuriersdelamer.fr\/#website","url":"https:\/\/aventuriersdelamer.fr\/","name":"Festival Les Aventuriers de la Mer","description":"Explorer, innover et enchanter le monde","publisher":{"@id":"https:\/\/aventuriersdelamer.fr\/#organization"},"potentialAction":[{"@type":"SearchAction","target":{"@type":"EntryPoint","urlTemplate":"https:\/\/aventuriersdelamer.fr\/?s={search_term_string}"},"query-input":{"@type":"PropertyValueSpecification","valueRequired":true,"valueName":"search_term_string"}}],"inLanguage":"fr-FR"},{"@type":"Organization","@id":"https:\/\/aventuriersdelamer.fr\/#organization","name":"Le Bruit du Vent","url":"https:\/\/aventuriersdelamer.fr\/","logo":{"@type":"ImageObject","inLanguage":"fr-FR","@id":"https:\/\/aventuriersdelamer.fr\/#\/schema\/logo\/image\/","url":"https:\/\/aventuriersdelamer.fr\/wp-content\/uploads\/2016\/01\/4ECA575F-1CCB-41C9-AAC8-93902736151E.jpeg","contentUrl":"https:\/\/aventuriersdelamer.fr\/wp-content\/uploads\/2016\/01\/4ECA575F-1CCB-41C9-AAC8-93902736151E.jpeg","width":222,"height":198,"caption":"Le Bruit du Vent"},"image":{"@id":"https:\/\/aventuriersdelamer.fr\/#\/schema\/logo\/image\/"},"sameAs":["https:\/\/www.facebook.com\/aventuriersdelamer\/"]}]}},"_links":{"self":[{"href":"https:\/\/aventuriersdelamer.fr\/index.php\/wp-json\/wp\/v2\/pages\/2865","targetHints":{"allow":["GET"]}}],"collection":[{"href":"https:\/\/aventuriersdelamer.fr\/index.php\/wp-json\/wp\/v2\/pages"}],"about":[{"href":"https:\/\/aventuriersdelamer.fr\/index.php\/wp-json\/wp\/v2\/types\/page"}],"author":[{"embeddable":true,"href":"https:\/\/aventuriersdelamer.fr\/index.php\/wp-json\/wp\/v2\/users\/1"}],"replies":[{"embeddable":true,"href":"https:\/\/aventuriersdelamer.fr\/index.php\/wp-json\/wp\/v2\/comments?post=2865"}],"version-history":[{"count":25,"href":"https:\/\/aventuriersdelamer.fr\/index.php\/wp-json\/wp\/v2\/pages\/2865\/revisions"}],"predecessor-version":[{"id":8016,"href":"https:\/\/aventuriersdelamer.fr\/index.php\/wp-json\/wp\/v2\/pages\/2865\/revisions\/8016"}],"wp:attachment":[{"href":"https:\/\/aventuriersdelamer.fr\/index.php\/wp-json\/wp\/v2\/media?parent=2865"}],"curies":[{"name":"wp","href":"https:\/\/api.w.org\/{rel}","templated":true}]}}