{"id":2465,"date":"2020-07-17T12:54:07","date_gmt":"2020-07-17T11:54:07","guid":{"rendered":"http:\/\/aventuriersdelamer.fr\/?page_id=2465"},"modified":"2024-09-21T10:47:30","modified_gmt":"2024-09-21T09:47:30","slug":"qui-sommes-nous","status":"publish","type":"page","link":"https:\/\/aventuriersdelamer.fr\/index.php\/qui-sommes-nous\/","title":{"rendered":"Qui sommes-nous ?"},"content":{"rendered":"\n<div class=\"wp-block-columns is-layout-flex wp-container-core-columns-is-layout-9d6595d7 wp-block-columns-is-layout-flex\">\n<div class=\"wp-block-column is-layout-flow wp-block-column-is-layout-flow\" style=\"flex-basis:100%\">\n<p>Le festival <strong>Les Aventuriers de la Mer<\/strong> est organis\u00e9e par l&rsquo;association Loi 1901 <em><strong>Le bruit du vent.<\/strong><\/em> Elle est reconnue <strong>d&rsquo;int\u00e9r\u00eat g\u00e9n\u00e9ral <\/strong>depuis 2021.<\/p>\n<\/div>\n<\/div>\n\n\n\n<p class=\"has-text-align-left\"><img loading=\"lazy\" decoding=\"async\" width=\"100\" height=\"89\" class=\"wp-image-2470\" style=\"width: 100px;\" src=\"http:\/\/aventuriersdelamer.fr\/wp-content\/uploads\/2020\/07\/logo-le-bruit-du-vent-02.png\" alt=\"\" srcset=\"https:\/\/aventuriersdelamer.fr\/wp-content\/uploads\/2020\/07\/logo-le-bruit-du-vent-02.png 925w, https:\/\/aventuriersdelamer.fr\/wp-content\/uploads\/2020\/07\/logo-le-bruit-du-vent-02-300x267.png 300w, https:\/\/aventuriersdelamer.fr\/wp-content\/uploads\/2020\/07\/logo-le-bruit-du-vent-02-768x682.png 768w, https:\/\/aventuriersdelamer.fr\/wp-content\/uploads\/2020\/07\/logo-le-bruit-du-vent-02-600x533.png 600w, https:\/\/aventuriersdelamer.fr\/wp-content\/uploads\/2020\/07\/logo-le-bruit-du-vent-02-338x300.png 338w\" sizes=\"auto, (max-width: 100px) 100vw, 100px\" \/><img loading=\"lazy\" decoding=\"async\" width=\"150\" height=\"106\" class=\"wp-image-3766\" style=\"width: 150px;\" src=\"http:\/\/aventuriersdelamer.fr\/wp-content\/uploads\/2021\/07\/Association_Interet_General.png\" alt=\"\" srcset=\"https:\/\/aventuriersdelamer.fr\/wp-content\/uploads\/2021\/07\/Association_Interet_General.png 460w, https:\/\/aventuriersdelamer.fr\/wp-content\/uploads\/2021\/07\/Association_Interet_General-300x212.png 300w, https:\/\/aventuriersdelamer.fr\/wp-content\/uploads\/2021\/07\/Association_Interet_General-425x300.png 425w\" sizes=\"auto, (max-width: 150px) 100vw, 150px\" \/><\/p>\n\n\n\n<p>Cr\u00e9\u00e9e en f\u00e9vrier 2016, l\u2019association<em><strong> Le bruit du vent <\/strong><\/em>s\u2019est donn\u00e9e pour objectifs la diffusion et la valorisation des connaissances li\u00e9es \u00e0 la mer, et la sensibilisation des diff\u00e9rents publics au milieu maritime, dans le respect de l\u2019environnement.<br>Elle est pr\u00e9sid\u00e9e, depuis sa cr\u00e9ation, par <strong>France Pinczon du Sel,<\/strong> artiste navigatrice, vivant \u00e0 bord du voilier polaire <a href=\"https:\/\/vagabond.fr\/\">Vagabond<\/a>, qui accueille des programmes scientifiques en Arctique. <\/p>\n\n\n\n<p><img loading=\"lazy\" decoding=\"async\" width=\"150\" height=\"100\" class=\"wp-image-177\" style=\"width: 150px;\" src=\"http:\/\/aventuriersdelamer.fr\/wp-content\/uploads\/2015\/11\/086_Amarrage_banquise.jpg\" alt=\"\" srcset=\"https:\/\/aventuriersdelamer.fr\/wp-content\/uploads\/2015\/11\/086_Amarrage_banquise.jpg 800w, https:\/\/aventuriersdelamer.fr\/wp-content\/uploads\/2015\/11\/086_Amarrage_banquise-300x199.jpg 300w, https:\/\/aventuriersdelamer.fr\/wp-content\/uploads\/2015\/11\/086_Amarrage_banquise-768x510.jpg 768w, https:\/\/aventuriersdelamer.fr\/wp-content\/uploads\/2015\/11\/086_Amarrage_banquise-452x300.jpg 452w, https:\/\/aventuriersdelamer.fr\/wp-content\/uploads\/2015\/11\/086_Amarrage_banquise-272x182.jpg 272w\" sizes=\"auto, (max-width: 150px) 100vw, 150px\" \/><img loading=\"lazy\" decoding=\"async\" width=\"92\" height=\"100\" class=\"wp-image-245\" style=\"width: 92px;\" src=\"http:\/\/aventuriersdelamer.fr\/wp-content\/uploads\/2015\/11\/Visage_France.jpg\" alt=\"\"><\/p>\n\n\n\n<p class=\"has-text-align-center\"><strong>L&rsquo;EQUIPE A LA BARRE<\/strong><\/p>\n\n\n\n<p><strong>Sonia Lassaigne<\/strong>, directrice, <strong>Sonia Hervochon <\/strong>(dit Sonia Casquette), responsable Bateaux et Cin\u00e9ma, <strong>Chlo\u00e9 Penglaou, <\/strong>gestion des r\u00e9seaux sociaux<\/p>\n\n\n\n<p class=\"has-text-align-center\"><strong>LE CONSEIL D&rsquo;ADMINISTRATION<\/strong><\/p>\n\n\n\n<p>est compos\u00e9 de 11 membres : Bernard Kimmerlin (tr\u00e9sorier),Morgane Nydegger (secr\u00e9taire) Patrice Brault, St\u00e9phane Tertrais, Thomas Lecomte, Thibaud Legall, Michel Philippe, Lydie Le Roux, Christophe Baley, Jean-Patrice Colin, Jildaz Gallen.<\/p>\n\n\n\n<p class=\"has-text-align-center\"><strong>LE COMITE DE PILOTAGE<\/strong><\/p>\n\n\n\n<p>Il est constitu\u00e9 de 7 personnalit\u00e9s de milieux maritimes diff\u00e9rents, participe \u00e0 la d\u00e9finition de la ligne \u00e9ditoriale, est force de suggestions sur les intervenants et les partenaires : <strong>Christophe Baley <\/strong>(enseignant chercheur UBS &#8211; Archipel), <strong>Jean-Marc Beaumier<\/strong>, directeur des \u00e9quipements mus\u00e9ographiques de la Sellor), <strong>Gwendal Jaffry<\/strong> (r\u00e9dacteur en chef\u00a0L<em>e Chasse-mar\u00e9e<\/em>), <strong>Jean Michel Le Boulanger<\/strong> (\u00e9crivain-g\u00e9ographe, pr\u00e9sident du festival Etonnants Voyageurs), <strong>Alain Le Sann<\/strong> (pr\u00e9sident du collectif\u00a0\u00ab\u00a0P\u00eache et d\u00e9veloppement\u00a0\u00bb), <strong>Sophie Vercelleto<\/strong> (co-fondatrice de Explore, G\u00e9rante de Ka\u00efros), <strong>Sophie Palant-Le Hegarat (<\/strong>Adjointe \u00e0 la culture, Ville de Lorient)<\/p>\n\n\n\n<p><\/p>\n\n\n\n<p>Le <em><strong>bruit du vent <\/strong><\/em>effectue \u00e9galement des missions pour d\u2019autres \u00e9v\u00e9nements culturels et maritimes : le festival de films P\u00eacheurs du Monde, Ports en F\u00eate, Interceltiques de la Mer (Festival Interceltique de Lorient), Temps f\u00eate, festival maritime de Douarnenez&#8230;<\/p>\n","protected":false},"excerpt":{"rendered":"<p>Le festival Les Aventuriers de la Mer est organis&eacute;e par l&rsquo;association Loi 1901 Le bruit du vent. Elle est reconnue d&rsquo;int&eacute;r&ecirc;t g&eacute;n&eacute;ral depuis 2021. Cr&eacute;&eacute;e en f&eacute;vrier 2016, l&rsquo;association Le bruit du vent s&rsquo;est donn&eacute;e pour objectifs la diffusion et &hellip; <a href=\"https:\/\/aventuriersdelamer.fr\/index.php\/qui-sommes-nous\/\">Continuer la lecture <span class=\"meta-nav\">&rarr;<\/span><\/a><\/p>\n","protected":false},"author":1,"featured_media":802,"parent":0,"menu_order":0,"comment_status":"closed","ping_status":"closed","template":"","meta":{"footnotes":""},"class_list":["post-2465","page","type-page","status-publish","has-post-thumbnail","hentry"],"yoast_head":"<!-- This site is optimized with the Yoast SEO plugin v27.3 - https:\/\/yoast.com\/product\/yoast-seo-wordpress\/ -->\n<title>Qui sommes-nous ? - Festival Les Aventuriers de la Mer<\/title>\n<meta name=\"robots\" content=\"index, follow, max-snippet:-1, max-image-preview:large, max-video-preview:-1\" \/>\n<link rel=\"canonical\" href=\"https:\/\/aventuriersdelamer.fr\/index.php\/qui-sommes-nous\/\" \/>\n<meta property=\"og:locale\" content=\"fr_FR\" \/>\n<meta property=\"og:type\" content=\"article\" \/>\n<meta property=\"og:title\" content=\"Qui sommes-nous ? - Festival Les Aventuriers de la Mer\" \/>\n<meta property=\"og:description\" content=\"Le festival Les Aventuriers de la Mer est organis&eacute;e par l&rsquo;association Loi 1901 Le bruit du vent. Elle est reconnue d&rsquo;int&eacute;r&ecirc;t g&eacute;n&eacute;ral depuis 2021. Cr&eacute;&eacute;e en f&eacute;vrier 2016, l&rsquo;association Le bruit du vent s&rsquo;est donn&eacute;e pour objectifs la diffusion et &hellip; Continuer la lecture &rarr;\" \/>\n<meta property=\"og:url\" content=\"https:\/\/aventuriersdelamer.fr\/index.php\/qui-sommes-nous\/\" \/>\n<meta property=\"og:site_name\" content=\"Festival Les Aventuriers de la Mer\" \/>\n<meta property=\"article:publisher\" content=\"https:\/\/www.facebook.com\/aventuriersdelamer\/\" \/>\n<meta property=\"article:modified_time\" content=\"2024-09-21T09:47:30+00:00\" \/>\n<meta property=\"og:image\" content=\"https:\/\/aventuriersdelamer.fr\/wp-content\/uploads\/2018\/02\/23213343_1933615180225034_7556233043196080281_o-1.jpg\" \/>\n\t<meta property=\"og:image:width\" content=\"2048\" \/>\n\t<meta property=\"og:image:height\" content=\"1365\" \/>\n\t<meta property=\"og:image:type\" content=\"image\/jpeg\" \/>\n<meta name=\"twitter:card\" content=\"summary_large_image\" \/>\n<meta name=\"twitter:label1\" content=\"Dur\u00e9e de lecture estim\u00e9e\" \/>\n\t<meta name=\"twitter:data1\" content=\"2 minutes\" \/>\n<script type=\"application\/ld+json\" class=\"yoast-schema-graph\">{\"@context\":\"https:\\\/\\\/schema.org\",\"@graph\":[{\"@type\":\"WebPage\",\"@id\":\"https:\\\/\\\/aventuriersdelamer.fr\\\/index.php\\\/qui-sommes-nous\\\/\",\"url\":\"https:\\\/\\\/aventuriersdelamer.fr\\\/index.php\\\/qui-sommes-nous\\\/\",\"name\":\"Qui sommes-nous ? - Festival Les Aventuriers de la Mer\",\"isPartOf\":{\"@id\":\"https:\\\/\\\/aventuriersdelamer.fr\\\/#website\"},\"primaryImageOfPage\":{\"@id\":\"https:\\\/\\\/aventuriersdelamer.fr\\\/index.php\\\/qui-sommes-nous\\\/#primaryimage\"},\"image\":{\"@id\":\"https:\\\/\\\/aventuriersdelamer.fr\\\/index.php\\\/qui-sommes-nous\\\/#primaryimage\"},\"thumbnailUrl\":\"https:\\\/\\\/aventuriersdelamer.fr\\\/wp-content\\\/uploads\\\/2018\\\/02\\\/23213343_1933615180225034_7556233043196080281_o-1.jpg\",\"datePublished\":\"2020-07-17T11:54:07+00:00\",\"dateModified\":\"2024-09-21T09:47:30+00:00\",\"breadcrumb\":{\"@id\":\"https:\\\/\\\/aventuriersdelamer.fr\\\/index.php\\\/qui-sommes-nous\\\/#breadcrumb\"},\"inLanguage\":\"fr-FR\",\"potentialAction\":[{\"@type\":\"ReadAction\",\"target\":[\"https:\\\/\\\/aventuriersdelamer.fr\\\/index.php\\\/qui-sommes-nous\\\/\"]}]},{\"@type\":\"ImageObject\",\"inLanguage\":\"fr-FR\",\"@id\":\"https:\\\/\\\/aventuriersdelamer.fr\\\/index.php\\\/qui-sommes-nous\\\/#primaryimage\",\"url\":\"https:\\\/\\\/aventuriersdelamer.fr\\\/wp-content\\\/uploads\\\/2018\\\/02\\\/23213343_1933615180225034_7556233043196080281_o-1.jpg\",\"contentUrl\":\"https:\\\/\\\/aventuriersdelamer.fr\\\/wp-content\\\/uploads\\\/2018\\\/02\\\/23213343_1933615180225034_7556233043196080281_o-1.jpg\",\"width\":2048,\"height\":1365},{\"@type\":\"BreadcrumbList\",\"@id\":\"https:\\\/\\\/aventuriersdelamer.fr\\\/index.php\\\/qui-sommes-nous\\\/#breadcrumb\",\"itemListElement\":[{\"@type\":\"ListItem\",\"position\":1,\"name\":\"Accueil\",\"item\":\"https:\\\/\\\/aventuriersdelamer.fr\\\/\"},{\"@type\":\"ListItem\",\"position\":2,\"name\":\"Qui sommes-nous ?\"}]},{\"@type\":\"WebSite\",\"@id\":\"https:\\\/\\\/aventuriersdelamer.fr\\\/#website\",\"url\":\"https:\\\/\\\/aventuriersdelamer.fr\\\/\",\"name\":\"Festival Les Aventuriers de la Mer\",\"description\":\"Explorer, innover et enchanter le monde\",\"publisher\":{\"@id\":\"https:\\\/\\\/aventuriersdelamer.fr\\\/#organization\"},\"potentialAction\":[{\"@type\":\"SearchAction\",\"target\":{\"@type\":\"EntryPoint\",\"urlTemplate\":\"https:\\\/\\\/aventuriersdelamer.fr\\\/?s={search_term_string}\"},\"query-input\":{\"@type\":\"PropertyValueSpecification\",\"valueRequired\":true,\"valueName\":\"search_term_string\"}}],\"inLanguage\":\"fr-FR\"},{\"@type\":\"Organization\",\"@id\":\"https:\\\/\\\/aventuriersdelamer.fr\\\/#organization\",\"name\":\"Le Bruit du Vent\",\"url\":\"https:\\\/\\\/aventuriersdelamer.fr\\\/\",\"logo\":{\"@type\":\"ImageObject\",\"inLanguage\":\"fr-FR\",\"@id\":\"https:\\\/\\\/aventuriersdelamer.fr\\\/#\\\/schema\\\/logo\\\/image\\\/\",\"url\":\"https:\\\/\\\/aventuriersdelamer.fr\\\/wp-content\\\/uploads\\\/2016\\\/01\\\/4ECA575F-1CCB-41C9-AAC8-93902736151E.jpeg\",\"contentUrl\":\"https:\\\/\\\/aventuriersdelamer.fr\\\/wp-content\\\/uploads\\\/2016\\\/01\\\/4ECA575F-1CCB-41C9-AAC8-93902736151E.jpeg\",\"width\":222,\"height\":198,\"caption\":\"Le Bruit du Vent\"},\"image\":{\"@id\":\"https:\\\/\\\/aventuriersdelamer.fr\\\/#\\\/schema\\\/logo\\\/image\\\/\"},\"sameAs\":[\"https:\\\/\\\/www.facebook.com\\\/aventuriersdelamer\\\/\"]}]}<\/script>\n<!-- \/ Yoast SEO plugin. -->","yoast_head_json":{"title":"Qui sommes-nous ? - Festival Les Aventuriers de la Mer","robots":{"index":"index","follow":"follow","max-snippet":"max-snippet:-1","max-image-preview":"max-image-preview:large","max-video-preview":"max-video-preview:-1"},"canonical":"https:\/\/aventuriersdelamer.fr\/index.php\/qui-sommes-nous\/","og_locale":"fr_FR","og_type":"article","og_title":"Qui sommes-nous ? - Festival Les Aventuriers de la Mer","og_description":"Le festival Les Aventuriers de la Mer est organis&eacute;e par l&rsquo;association Loi 1901 Le bruit du vent. Elle est reconnue d&rsquo;int&eacute;r&ecirc;t g&eacute;n&eacute;ral depuis 2021. Cr&eacute;&eacute;e en f&eacute;vrier 2016, l&rsquo;association Le bruit du vent s&rsquo;est donn&eacute;e pour objectifs la diffusion et &hellip; Continuer la lecture &rarr;","og_url":"https:\/\/aventuriersdelamer.fr\/index.php\/qui-sommes-nous\/","og_site_name":"Festival Les Aventuriers de la Mer","article_publisher":"https:\/\/www.facebook.com\/aventuriersdelamer\/","article_modified_time":"2024-09-21T09:47:30+00:00","og_image":[{"width":2048,"height":1365,"url":"https:\/\/aventuriersdelamer.fr\/wp-content\/uploads\/2018\/02\/23213343_1933615180225034_7556233043196080281_o-1.jpg","type":"image\/jpeg"}],"twitter_card":"summary_large_image","twitter_misc":{"Dur\u00e9e de lecture estim\u00e9e":"2 minutes"},"schema":{"@context":"https:\/\/schema.org","@graph":[{"@type":"WebPage","@id":"https:\/\/aventuriersdelamer.fr\/index.php\/qui-sommes-nous\/","url":"https:\/\/aventuriersdelamer.fr\/index.php\/qui-sommes-nous\/","name":"Qui sommes-nous ? - Festival Les Aventuriers de la Mer","isPartOf":{"@id":"https:\/\/aventuriersdelamer.fr\/#website"},"primaryImageOfPage":{"@id":"https:\/\/aventuriersdelamer.fr\/index.php\/qui-sommes-nous\/#primaryimage"},"image":{"@id":"https:\/\/aventuriersdelamer.fr\/index.php\/qui-sommes-nous\/#primaryimage"},"thumbnailUrl":"https:\/\/aventuriersdelamer.fr\/wp-content\/uploads\/2018\/02\/23213343_1933615180225034_7556233043196080281_o-1.jpg","datePublished":"2020-07-17T11:54:07+00:00","dateModified":"2024-09-21T09:47:30+00:00","breadcrumb":{"@id":"https:\/\/aventuriersdelamer.fr\/index.php\/qui-sommes-nous\/#breadcrumb"},"inLanguage":"fr-FR","potentialAction":[{"@type":"ReadAction","target":["https:\/\/aventuriersdelamer.fr\/index.php\/qui-sommes-nous\/"]}]},{"@type":"ImageObject","inLanguage":"fr-FR","@id":"https:\/\/aventuriersdelamer.fr\/index.php\/qui-sommes-nous\/#primaryimage","url":"https:\/\/aventuriersdelamer.fr\/wp-content\/uploads\/2018\/02\/23213343_1933615180225034_7556233043196080281_o-1.jpg","contentUrl":"https:\/\/aventuriersdelamer.fr\/wp-content\/uploads\/2018\/02\/23213343_1933615180225034_7556233043196080281_o-1.jpg","width":2048,"height":1365},{"@type":"BreadcrumbList","@id":"https:\/\/aventuriersdelamer.fr\/index.php\/qui-sommes-nous\/#breadcrumb","itemListElement":[{"@type":"ListItem","position":1,"name":"Accueil","item":"https:\/\/aventuriersdelamer.fr\/"},{"@type":"ListItem","position":2,"name":"Qui sommes-nous ?"}]},{"@type":"WebSite","@id":"https:\/\/aventuriersdelamer.fr\/#website","url":"https:\/\/aventuriersdelamer.fr\/","name":"Festival Les Aventuriers de la Mer","description":"Explorer, innover et enchanter le monde","publisher":{"@id":"https:\/\/aventuriersdelamer.fr\/#organization"},"potentialAction":[{"@type":"SearchAction","target":{"@type":"EntryPoint","urlTemplate":"https:\/\/aventuriersdelamer.fr\/?s={search_term_string}"},"query-input":{"@type":"PropertyValueSpecification","valueRequired":true,"valueName":"search_term_string"}}],"inLanguage":"fr-FR"},{"@type":"Organization","@id":"https:\/\/aventuriersdelamer.fr\/#organization","name":"Le Bruit du Vent","url":"https:\/\/aventuriersdelamer.fr\/","logo":{"@type":"ImageObject","inLanguage":"fr-FR","@id":"https:\/\/aventuriersdelamer.fr\/#\/schema\/logo\/image\/","url":"https:\/\/aventuriersdelamer.fr\/wp-content\/uploads\/2016\/01\/4ECA575F-1CCB-41C9-AAC8-93902736151E.jpeg","contentUrl":"https:\/\/aventuriersdelamer.fr\/wp-content\/uploads\/2016\/01\/4ECA575F-1CCB-41C9-AAC8-93902736151E.jpeg","width":222,"height":198,"caption":"Le Bruit du Vent"},"image":{"@id":"https:\/\/aventuriersdelamer.fr\/#\/schema\/logo\/image\/"},"sameAs":["https:\/\/www.facebook.com\/aventuriersdelamer\/"]}]}},"_links":{"self":[{"href":"https:\/\/aventuriersdelamer.fr\/index.php\/wp-json\/wp\/v2\/pages\/2465","targetHints":{"allow":["GET"]}}],"collection":[{"href":"https:\/\/aventuriersdelamer.fr\/index.php\/wp-json\/wp\/v2\/pages"}],"about":[{"href":"https:\/\/aventuriersdelamer.fr\/index.php\/wp-json\/wp\/v2\/types\/page"}],"author":[{"embeddable":true,"href":"https:\/\/aventuriersdelamer.fr\/index.php\/wp-json\/wp\/v2\/users\/1"}],"replies":[{"embeddable":true,"href":"https:\/\/aventuriersdelamer.fr\/index.php\/wp-json\/wp\/v2\/comments?post=2465"}],"version-history":[{"count":24,"href":"https:\/\/aventuriersdelamer.fr\/index.php\/wp-json\/wp\/v2\/pages\/2465\/revisions"}],"predecessor-version":[{"id":7769,"href":"https:\/\/aventuriersdelamer.fr\/index.php\/wp-json\/wp\/v2\/pages\/2465\/revisions\/7769"}],"wp:featuredmedia":[{"embeddable":true,"href":"https:\/\/aventuriersdelamer.fr\/index.php\/wp-json\/wp\/v2\/media\/802"}],"wp:attachment":[{"href":"https:\/\/aventuriersdelamer.fr\/index.php\/wp-json\/wp\/v2\/media?parent=2465"}],"curies":[{"name":"wp","href":"https:\/\/api.w.org\/{rel}","templated":true}]}}