{"id":1621,"date":"2019-06-20T14:53:28","date_gmt":"2019-06-20T13:53:28","guid":{"rendered":"http:\/\/aventuriersdelamer.fr\/?page_id=1621"},"modified":"2024-09-21T10:49:03","modified_gmt":"2024-09-21T09:49:03","slug":"lassociation","status":"publish","type":"page","link":"https:\/\/aventuriersdelamer.fr\/index.php\/lassociation\/","title":{"rendered":"Le bruit du vent"},"content":{"rendered":"<div class=\"wp-block-image\">\n<figure class=\"aligncenter\"><a href=\"http:\/\/aventuriersdelamer.fr\/wp-content\/uploads\/2020\/07\/logo-le-bruit-du-vent-02.png\"><img loading=\"lazy\" decoding=\"async\" width=\"925\" height=\"822\" src=\"http:\/\/aventuriersdelamer.fr\/wp-content\/uploads\/2020\/07\/logo-le-bruit-du-vent-02.png\" alt=\"\" class=\"wp-image-2470\" srcset=\"https:\/\/aventuriersdelamer.fr\/wp-content\/uploads\/2020\/07\/logo-le-bruit-du-vent-02.png 925w, https:\/\/aventuriersdelamer.fr\/wp-content\/uploads\/2020\/07\/logo-le-bruit-du-vent-02-300x267.png 300w, https:\/\/aventuriersdelamer.fr\/wp-content\/uploads\/2020\/07\/logo-le-bruit-du-vent-02-768x682.png 768w, https:\/\/aventuriersdelamer.fr\/wp-content\/uploads\/2020\/07\/logo-le-bruit-du-vent-02-600x533.png 600w, https:\/\/aventuriersdelamer.fr\/wp-content\/uploads\/2020\/07\/logo-le-bruit-du-vent-02-338x300.png 338w\" sizes=\"auto, (max-width: 925px) 100vw, 925px\" \/><\/a><\/figure>\n<\/div>\n\n\n<p>L&rsquo;aventure du XXIe si\u00e8cle est en mer !<br>L&rsquo;association <strong>Le bruit du vent <\/strong>organise Festival \u00ab\u00a0Les Aventuriers de la mer\u00a0\u00bb qui se d\u00e9roule depuis 2016 \u00e0 la Cit\u00e9 de la voile \u00c9ric Tabarly, Lorient <br>L&rsquo;association se nomme \u00ab\u00a0le bruit du vent\u00a0\u00bb en r\u00e9f\u00e9rence au magnifique ouvrage de Michel Le Bris \u00ab\u00a0Un hiver en Bretagne\u00a0\u00bb : \u00ab\u00a0Rien que le bruit du vent dans la baie de Morlaix. Toute la beaut\u00e9 du monde.\u00a0\u00bb..<br>En nous soutenant, vous nous encouragez \u00e0 continuer et \u00e0 donner sens \u00e0 toutes nos actions.<br>Le lien HELLOASSO : <a href=\"https:\/\/www.helloasso.com\/associations\/le-bruit-du-vent\/adhesions\/adhesions-2024-le-bruit-du-vent-aventuriers-de-la-mer\">ICI<\/a><br><br><\/p>\n","protected":false},"excerpt":{"rendered":"<p>L&rsquo;aventure du XXIe si&egrave;cle est en mer !L&rsquo;association Le bruit du vent organise Festival &laquo;&nbsp;Les Aventuriers de la mer&nbsp;&raquo; qui se d&eacute;roule depuis 2016 &agrave; la Cit&eacute; de la voile &Eacute;ric Tabarly, Lorient L&rsquo;association se nomme &laquo;&nbsp;le bruit du vent&nbsp;&raquo; &hellip; <a href=\"https:\/\/aventuriersdelamer.fr\/index.php\/lassociation\/\">Continuer la lecture <span class=\"meta-nav\">&rarr;<\/span><\/a><\/p>\n","protected":false},"author":1,"featured_media":0,"parent":0,"menu_order":0,"comment_status":"closed","ping_status":"closed","template":"","meta":{"footnotes":""},"class_list":["post-1621","page","type-page","status-publish","hentry"],"yoast_head":"<!-- This site is optimized with the Yoast SEO plugin v27.3 - https:\/\/yoast.com\/product\/yoast-seo-wordpress\/ -->\n<title>Le bruit du vent - Festival Les Aventuriers de la Mer<\/title>\n<meta name=\"robots\" content=\"index, follow, max-snippet:-1, max-image-preview:large, max-video-preview:-1\" \/>\n<link rel=\"canonical\" href=\"https:\/\/aventuriersdelamer.fr\/index.php\/lassociation\/\" \/>\n<meta property=\"og:locale\" content=\"fr_FR\" \/>\n<meta property=\"og:type\" content=\"article\" \/>\n<meta property=\"og:title\" content=\"Le bruit du vent - Festival Les Aventuriers de la Mer\" \/>\n<meta property=\"og:description\" content=\"L&rsquo;aventure du XXIe si&egrave;cle est en mer !L&rsquo;association Le bruit du vent organise Festival &laquo;&nbsp;Les Aventuriers de la mer&nbsp;&raquo; qui se d&eacute;roule depuis 2016 &agrave; la Cit&eacute; de la voile &Eacute;ric Tabarly, Lorient L&rsquo;association se nomme &laquo;&nbsp;le bruit du vent&nbsp;&raquo; &hellip; Continuer la lecture &rarr;\" \/>\n<meta property=\"og:url\" content=\"https:\/\/aventuriersdelamer.fr\/index.php\/lassociation\/\" \/>\n<meta property=\"og:site_name\" content=\"Festival Les Aventuriers de la Mer\" \/>\n<meta property=\"article:publisher\" content=\"https:\/\/www.facebook.com\/aventuriersdelamer\/\" \/>\n<meta property=\"article:modified_time\" content=\"2024-09-21T09:49:03+00:00\" \/>\n<meta property=\"og:image\" content=\"https:\/\/aventuriersdelamer.fr\/wp-content\/uploads\/2020\/07\/logo-le-bruit-du-vent-02.png\" \/>\n\t<meta property=\"og:image:width\" content=\"925\" \/>\n\t<meta property=\"og:image:height\" content=\"822\" \/>\n\t<meta property=\"og:image:type\" content=\"image\/png\" \/>\n<meta name=\"twitter:card\" content=\"summary_large_image\" \/>\n<script type=\"application\/ld+json\" class=\"yoast-schema-graph\">{\"@context\":\"https:\\\/\\\/schema.org\",\"@graph\":[{\"@type\":\"WebPage\",\"@id\":\"https:\\\/\\\/aventuriersdelamer.fr\\\/index.php\\\/lassociation\\\/\",\"url\":\"https:\\\/\\\/aventuriersdelamer.fr\\\/index.php\\\/lassociation\\\/\",\"name\":\"Le bruit du vent - Festival Les Aventuriers de la Mer\",\"isPartOf\":{\"@id\":\"https:\\\/\\\/aventuriersdelamer.fr\\\/#website\"},\"primaryImageOfPage\":{\"@id\":\"https:\\\/\\\/aventuriersdelamer.fr\\\/index.php\\\/lassociation\\\/#primaryimage\"},\"image\":{\"@id\":\"https:\\\/\\\/aventuriersdelamer.fr\\\/index.php\\\/lassociation\\\/#primaryimage\"},\"thumbnailUrl\":\"http:\\\/\\\/aventuriersdelamer.fr\\\/wp-content\\\/uploads\\\/2020\\\/07\\\/logo-le-bruit-du-vent-02.png\",\"datePublished\":\"2019-06-20T13:53:28+00:00\",\"dateModified\":\"2024-09-21T09:49:03+00:00\",\"breadcrumb\":{\"@id\":\"https:\\\/\\\/aventuriersdelamer.fr\\\/index.php\\\/lassociation\\\/#breadcrumb\"},\"inLanguage\":\"fr-FR\",\"potentialAction\":[{\"@type\":\"ReadAction\",\"target\":[\"https:\\\/\\\/aventuriersdelamer.fr\\\/index.php\\\/lassociation\\\/\"]}]},{\"@type\":\"ImageObject\",\"inLanguage\":\"fr-FR\",\"@id\":\"https:\\\/\\\/aventuriersdelamer.fr\\\/index.php\\\/lassociation\\\/#primaryimage\",\"url\":\"https:\\\/\\\/aventuriersdelamer.fr\\\/wp-content\\\/uploads\\\/2020\\\/07\\\/logo-le-bruit-du-vent-02.png\",\"contentUrl\":\"https:\\\/\\\/aventuriersdelamer.fr\\\/wp-content\\\/uploads\\\/2020\\\/07\\\/logo-le-bruit-du-vent-02.png\",\"width\":925,\"height\":822},{\"@type\":\"BreadcrumbList\",\"@id\":\"https:\\\/\\\/aventuriersdelamer.fr\\\/index.php\\\/lassociation\\\/#breadcrumb\",\"itemListElement\":[{\"@type\":\"ListItem\",\"position\":1,\"name\":\"Accueil\",\"item\":\"https:\\\/\\\/aventuriersdelamer.fr\\\/\"},{\"@type\":\"ListItem\",\"position\":2,\"name\":\"Le bruit du vent\"}]},{\"@type\":\"WebSite\",\"@id\":\"https:\\\/\\\/aventuriersdelamer.fr\\\/#website\",\"url\":\"https:\\\/\\\/aventuriersdelamer.fr\\\/\",\"name\":\"Festival Les Aventuriers de la Mer\",\"description\":\"Explorer, innover et enchanter le monde\",\"publisher\":{\"@id\":\"https:\\\/\\\/aventuriersdelamer.fr\\\/#organization\"},\"potentialAction\":[{\"@type\":\"SearchAction\",\"target\":{\"@type\":\"EntryPoint\",\"urlTemplate\":\"https:\\\/\\\/aventuriersdelamer.fr\\\/?s={search_term_string}\"},\"query-input\":{\"@type\":\"PropertyValueSpecification\",\"valueRequired\":true,\"valueName\":\"search_term_string\"}}],\"inLanguage\":\"fr-FR\"},{\"@type\":\"Organization\",\"@id\":\"https:\\\/\\\/aventuriersdelamer.fr\\\/#organization\",\"name\":\"Le Bruit du Vent\",\"url\":\"https:\\\/\\\/aventuriersdelamer.fr\\\/\",\"logo\":{\"@type\":\"ImageObject\",\"inLanguage\":\"fr-FR\",\"@id\":\"https:\\\/\\\/aventuriersdelamer.fr\\\/#\\\/schema\\\/logo\\\/image\\\/\",\"url\":\"https:\\\/\\\/aventuriersdelamer.fr\\\/wp-content\\\/uploads\\\/2016\\\/01\\\/4ECA575F-1CCB-41C9-AAC8-93902736151E.jpeg\",\"contentUrl\":\"https:\\\/\\\/aventuriersdelamer.fr\\\/wp-content\\\/uploads\\\/2016\\\/01\\\/4ECA575F-1CCB-41C9-AAC8-93902736151E.jpeg\",\"width\":222,\"height\":198,\"caption\":\"Le Bruit du Vent\"},\"image\":{\"@id\":\"https:\\\/\\\/aventuriersdelamer.fr\\\/#\\\/schema\\\/logo\\\/image\\\/\"},\"sameAs\":[\"https:\\\/\\\/www.facebook.com\\\/aventuriersdelamer\\\/\"]}]}<\/script>\n<!-- \/ Yoast SEO plugin. -->","yoast_head_json":{"title":"Le bruit du vent - Festival Les Aventuriers de la Mer","robots":{"index":"index","follow":"follow","max-snippet":"max-snippet:-1","max-image-preview":"max-image-preview:large","max-video-preview":"max-video-preview:-1"},"canonical":"https:\/\/aventuriersdelamer.fr\/index.php\/lassociation\/","og_locale":"fr_FR","og_type":"article","og_title":"Le bruit du vent - Festival Les Aventuriers de la Mer","og_description":"L&rsquo;aventure du XXIe si&egrave;cle est en mer !L&rsquo;association Le bruit du vent organise Festival &laquo;&nbsp;Les Aventuriers de la mer&nbsp;&raquo; qui se d&eacute;roule depuis 2016 &agrave; la Cit&eacute; de la voile &Eacute;ric Tabarly, Lorient L&rsquo;association se nomme &laquo;&nbsp;le bruit du vent&nbsp;&raquo; &hellip; Continuer la lecture &rarr;","og_url":"https:\/\/aventuriersdelamer.fr\/index.php\/lassociation\/","og_site_name":"Festival Les Aventuriers de la Mer","article_publisher":"https:\/\/www.facebook.com\/aventuriersdelamer\/","article_modified_time":"2024-09-21T09:49:03+00:00","og_image":[{"width":925,"height":822,"url":"https:\/\/aventuriersdelamer.fr\/wp-content\/uploads\/2020\/07\/logo-le-bruit-du-vent-02.png","type":"image\/png"}],"twitter_card":"summary_large_image","schema":{"@context":"https:\/\/schema.org","@graph":[{"@type":"WebPage","@id":"https:\/\/aventuriersdelamer.fr\/index.php\/lassociation\/","url":"https:\/\/aventuriersdelamer.fr\/index.php\/lassociation\/","name":"Le bruit du vent - Festival Les Aventuriers de la Mer","isPartOf":{"@id":"https:\/\/aventuriersdelamer.fr\/#website"},"primaryImageOfPage":{"@id":"https:\/\/aventuriersdelamer.fr\/index.php\/lassociation\/#primaryimage"},"image":{"@id":"https:\/\/aventuriersdelamer.fr\/index.php\/lassociation\/#primaryimage"},"thumbnailUrl":"http:\/\/aventuriersdelamer.fr\/wp-content\/uploads\/2020\/07\/logo-le-bruit-du-vent-02.png","datePublished":"2019-06-20T13:53:28+00:00","dateModified":"2024-09-21T09:49:03+00:00","breadcrumb":{"@id":"https:\/\/aventuriersdelamer.fr\/index.php\/lassociation\/#breadcrumb"},"inLanguage":"fr-FR","potentialAction":[{"@type":"ReadAction","target":["https:\/\/aventuriersdelamer.fr\/index.php\/lassociation\/"]}]},{"@type":"ImageObject","inLanguage":"fr-FR","@id":"https:\/\/aventuriersdelamer.fr\/index.php\/lassociation\/#primaryimage","url":"https:\/\/aventuriersdelamer.fr\/wp-content\/uploads\/2020\/07\/logo-le-bruit-du-vent-02.png","contentUrl":"https:\/\/aventuriersdelamer.fr\/wp-content\/uploads\/2020\/07\/logo-le-bruit-du-vent-02.png","width":925,"height":822},{"@type":"BreadcrumbList","@id":"https:\/\/aventuriersdelamer.fr\/index.php\/lassociation\/#breadcrumb","itemListElement":[{"@type":"ListItem","position":1,"name":"Accueil","item":"https:\/\/aventuriersdelamer.fr\/"},{"@type":"ListItem","position":2,"name":"Le bruit du vent"}]},{"@type":"WebSite","@id":"https:\/\/aventuriersdelamer.fr\/#website","url":"https:\/\/aventuriersdelamer.fr\/","name":"Festival Les Aventuriers de la Mer","description":"Explorer, innover et enchanter le monde","publisher":{"@id":"https:\/\/aventuriersdelamer.fr\/#organization"},"potentialAction":[{"@type":"SearchAction","target":{"@type":"EntryPoint","urlTemplate":"https:\/\/aventuriersdelamer.fr\/?s={search_term_string}"},"query-input":{"@type":"PropertyValueSpecification","valueRequired":true,"valueName":"search_term_string"}}],"inLanguage":"fr-FR"},{"@type":"Organization","@id":"https:\/\/aventuriersdelamer.fr\/#organization","name":"Le Bruit du Vent","url":"https:\/\/aventuriersdelamer.fr\/","logo":{"@type":"ImageObject","inLanguage":"fr-FR","@id":"https:\/\/aventuriersdelamer.fr\/#\/schema\/logo\/image\/","url":"https:\/\/aventuriersdelamer.fr\/wp-content\/uploads\/2016\/01\/4ECA575F-1CCB-41C9-AAC8-93902736151E.jpeg","contentUrl":"https:\/\/aventuriersdelamer.fr\/wp-content\/uploads\/2016\/01\/4ECA575F-1CCB-41C9-AAC8-93902736151E.jpeg","width":222,"height":198,"caption":"Le Bruit du Vent"},"image":{"@id":"https:\/\/aventuriersdelamer.fr\/#\/schema\/logo\/image\/"},"sameAs":["https:\/\/www.facebook.com\/aventuriersdelamer\/"]}]}},"_links":{"self":[{"href":"https:\/\/aventuriersdelamer.fr\/index.php\/wp-json\/wp\/v2\/pages\/1621","targetHints":{"allow":["GET"]}}],"collection":[{"href":"https:\/\/aventuriersdelamer.fr\/index.php\/wp-json\/wp\/v2\/pages"}],"about":[{"href":"https:\/\/aventuriersdelamer.fr\/index.php\/wp-json\/wp\/v2\/types\/page"}],"author":[{"embeddable":true,"href":"https:\/\/aventuriersdelamer.fr\/index.php\/wp-json\/wp\/v2\/users\/1"}],"replies":[{"embeddable":true,"href":"https:\/\/aventuriersdelamer.fr\/index.php\/wp-json\/wp\/v2\/comments?post=1621"}],"version-history":[{"count":3,"href":"https:\/\/aventuriersdelamer.fr\/index.php\/wp-json\/wp\/v2\/pages\/1621\/revisions"}],"predecessor-version":[{"id":7771,"href":"https:\/\/aventuriersdelamer.fr\/index.php\/wp-json\/wp\/v2\/pages\/1621\/revisions\/7771"}],"wp:attachment":[{"href":"https:\/\/aventuriersdelamer.fr\/index.php\/wp-json\/wp\/v2\/media?parent=1621"}],"curies":[{"name":"wp","href":"https:\/\/api.w.org\/{rel}","templated":true}]}}