{"id":102,"date":"2016-06-30T15:22:55","date_gmt":"2016-06-30T14:22:55","guid":{"rendered":"http:\/\/aventuriersdelamer.fr\/?page_id=102"},"modified":"2018-07-09T10:27:45","modified_gmt":"2018-07-09T09:27:45","slug":"pechakucha","status":"publish","type":"page","link":"https:\/\/aventuriersdelamer.fr\/index.php\/newsletter\/pechakucha\/","title":{"rendered":"PechaKucha &#8211; prix Fondation de la mer"},"content":{"rendered":"<div id=\"pl-102\"  class=\"panel-layout\" ><div id=\"pg-102-0\"  class=\"panel-grid panel-no-style\" ><div id=\"pgc-102-0-0\"  class=\"panel-grid-cell\" ><div id=\"panel-102-0-0-0\" class=\"so-panel widget widget_sow-editor panel-first-child panel-last-child\" data-index=\"0\" ><div\n\t\t\t\n\t\t\tclass=\"so-widget-sow-editor so-widget-sow-editor-base\"\n\t\t\t\n\t\t>\n<div class=\"siteorigin-widget-tinymce textwidget\">\n\t<h2>Astrolabe exp\u00e9ditions remporte le prix PechaKucha - Prix Fondation de la Mer<\/h2>\n<p>Astrolabe Expeditions a pour objectif de <strong>rendre accessibles les exp\u00e9ditions scientifiques oc\u00e9aniques.<\/strong> <br \/>\u00a0<br \/>Ces missions de <strong>recherche citoyenne<\/strong>, organis\u00e9es \u00e0 bord de <strong>voiliers<\/strong> visent \u00e0 am\u00e9liorer les connaissances et la pr\u00e9servation de l'environnement marin.<br \/>En collaboration avec des institutions scientifiques et des espaces de recherche collaboratifs, tous les citoyens peuvent <strong>s'impliquer<\/strong> dans le d\u00e9veloppement de <strong>programmes de recherche<\/strong> et <strong>participer aux exp\u00e9ditions en mer.<\/strong><\/p>\n<p>Leur site : <a href=\"http:\/\/www.astrolabe-expeditions.org\/\">http:\/\/www.astrolabe-expeditions.org\/<\/a><\/p>\n<p>Un grand BRAVO \u00e0 eux !<\/p>\n<p>\u00a0<\/p>\n<\/div>\n<\/div><\/div><\/div><div id=\"pgc-102-0-1\"  class=\"panel-grid-cell\" ><div id=\"panel-102-0-1-0\" class=\"so-panel widget widget_sow-image panel-first-child panel-last-child\" data-index=\"1\" ><div\n\t\t\t\n\t\t\tclass=\"so-widget-sow-image so-widget-sow-image-default-8b5b6f678277-102\"\n\t\t\t\n\t\t>\n<div class=\"sow-image-container\">\n\t\t<img \n\tsrc=\"https:\/\/aventuriersdelamer.fr\/wp-content\/uploads\/2018\/02\/22712547_1927419457511273_6249922050622297453_o-1-1024x757.jpg\" width=\"584\" height=\"432\" srcset=\"https:\/\/aventuriersdelamer.fr\/wp-content\/uploads\/2018\/02\/22712547_1927419457511273_6249922050622297453_o-1-1024x757.jpg 1024w, https:\/\/aventuriersdelamer.fr\/wp-content\/uploads\/2018\/02\/22712547_1927419457511273_6249922050622297453_o-1-300x222.jpg 300w, https:\/\/aventuriersdelamer.fr\/wp-content\/uploads\/2018\/02\/22712547_1927419457511273_6249922050622297453_o-1-768x567.jpg 768w, https:\/\/aventuriersdelamer.fr\/wp-content\/uploads\/2018\/02\/22712547_1927419457511273_6249922050622297453_o-1-600x443.jpg 600w, https:\/\/aventuriersdelamer.fr\/wp-content\/uploads\/2018\/02\/22712547_1927419457511273_6249922050622297453_o-1-406x300.jpg 406w, https:\/\/aventuriersdelamer.fr\/wp-content\/uploads\/2018\/02\/22712547_1927419457511273_6249922050622297453_o-1.jpg 2048w\" sizes=\"(max-width: 584px) 100vw, 584px\" title=\"Astrolabe Exp\u00e9ditions remporte le prix\" alt=\"\" \t\tclass=\"so-widget-image\"\/>\n\t<\/div>\n\n<\/div><\/div><\/div><\/div><div id=\"pg-102-1\"  class=\"panel-grid panel-no-style\" ><div id=\"pgc-102-1-0\"  class=\"panel-grid-cell\" ><div id=\"panel-102-1-0-0\" class=\"so-panel widget widget_sow-editor panel-first-child panel-last-child\" data-index=\"2\" ><div\n\t\t\t\n\t\t\tclass=\"so-widget-sow-editor so-widget-sow-editor-base\"\n\t\t\t\n\t\t>\n<div class=\"siteorigin-widget-tinymce textwidget\">\n\t<h2>D\u00e9couvrez la s\u00e9lection 2017 !<\/h2>\n<p><em>Des passeurs de r\u00eave aux d\u00e9fis \u00e9conomiques de demain,\u00a0 \u00abLes Aventuriers de la mer\u00bb mettent \u00e0 l\u2019honneur les aventures maritimes du XXI e si\u00e8cle.Trois jours de rencontres et d\u2019animations \u00e0 la Cit\u00e9 de la Voile-Eric Tabarly pour t\u00e9moigner des nouvelles pratiques maritimes, de la cr\u00e9ativit\u00e9\u00a0 des nouveaux usages, de l\u2019\u00e9volution des regards sur la mer.<\/em><\/p>\n<p><em>Pour la deuxi\u00e8me \u00e9dition, le tremplin \u00e0 projets\u00a0 Pechakucha - prix Fondation de la Mer souhaite\u00a0 accompagner les initiatives maritimes.<\/em><\/p>\n<\/div>\n<\/div><\/div><\/div><div id=\"pgc-102-1-1\"  class=\"panel-grid-cell\" ><div id=\"panel-102-1-1-0\" class=\"so-panel widget widget_sow-image panel-first-child panel-last-child\" data-index=\"3\" ><div\n\t\t\t\n\t\t\tclass=\"so-widget-sow-image so-widget-sow-image-default-8b5b6f678277-102\"\n\t\t\t\n\t\t>\n<div class=\"sow-image-container\">\n\t\t<img \n\tsrc=\"https:\/\/aventuriersdelamer.fr\/wp-content\/uploads\/2016\/06\/PechaKucha-Affiche-724x1024.jpg\" width=\"584\" height=\"826\" srcset=\"https:\/\/aventuriersdelamer.fr\/wp-content\/uploads\/2016\/06\/PechaKucha-Affiche-724x1024.jpg 724w, https:\/\/aventuriersdelamer.fr\/wp-content\/uploads\/2016\/06\/PechaKucha-Affiche-212x300.jpg 212w, https:\/\/aventuriersdelamer.fr\/wp-content\/uploads\/2016\/06\/PechaKucha-Affiche-768x1086.jpg 768w, https:\/\/aventuriersdelamer.fr\/wp-content\/uploads\/2016\/06\/PechaKucha-Affiche-600x849.jpg 600w, https:\/\/aventuriersdelamer.fr\/wp-content\/uploads\/2016\/06\/PechaKucha-Affiche.jpg 1199w\" sizes=\"(max-width: 584px) 100vw, 584px\" title=\"PechaKucha-Prix Fondation de la Mer \" alt=\"\" \t\tclass=\"so-widget-image\"\/>\n\t<\/div>\n\n<\/div><\/div><\/div><\/div><div id=\"pg-102-2\"  class=\"panel-grid panel-no-style\" ><div id=\"pgc-102-2-0\"  class=\"panel-grid-cell\" ><div id=\"panel-102-2-0-0\" class=\"so-panel widget widget_sow-editor panel-first-child panel-last-child\" data-index=\"4\" ><div\n\t\t\t\n\t\t\tclass=\"so-widget-sow-editor so-widget-sow-editor-base\"\n\t\t\t\n\t\t>\n<div class=\"siteorigin-widget-tinymce textwidget\">\n\t<p><span style=\"color: #000080;\"><strong>La m\u00e9thode \u00abPechaKucha\u00bb<\/strong><\/span><br \/> Ce tremplin \u00e0 projets se distingue par son format : 9 minutes et 40 secondes.<br \/> - Pr\u00e9senter son projet \u00e0 un jury qualifi\u00e9 en<strong> 3 minutes<\/strong><br \/> - R\u00e9pondre ensuite \u00e0 3 questions du jury en <strong>6 minutes 40 secondes.<\/strong><\/p>\n<p><strong><span style=\"color: #000080;\">Les projets s\u00e9lectionn\u00e9s sont : <\/span><\/strong><\/p>\n<table style=\"height: 316px;\" width=\"483\">\n<tbody>\n<tr>\n<td width=\"169\"><a href=\"http:\/\/www.atka.fr\">ATKA<\/a><\/td>\n<td width=\"511\">Exp\u00e9dition polaire \u00e9tude microplastiques<\/td>\n<\/tr>\n<tr>\n<td><a href=\"http:\/\/www.lesmarguerites.org\/\">Les Marguerites<\/a><\/td>\n<td width=\"511\">Rencontres \u00e0 la voile<\/td>\n<\/tr>\n<tr>\n<td><a href=\"https:\/\/vimeo.com\/236198164\">Bernard L'Hermite<\/a><\/td>\n<td width=\"511\">Etude des colonisations d\u2019\u00e9paves dans les Bermudes<\/td>\n<\/tr>\n<tr>\n<td><a href=\"http:\/\/ecosailtheworld.org\">Eco Sail the World\u00a0<\/a><\/td>\n<td width=\"511\">Eco construction d\u2019un catamaran<\/td>\n<\/tr>\n<tr>\n<td><a href=\"http:\/\/www.archinaute.fr\">Archinaute<\/a><\/td>\n<td width=\"511\">Propulsion par \u00e9olienne<\/td>\n<\/tr>\n<tr>\n<td><a href=\"http:\/\/www.observatoire-plancton.fr\">Observatoire du Plancton<\/a><\/td>\n<td width=\"511\">Sensibilisation \u00e0 la pollution par microplastiques<\/td>\n<\/tr>\n<tr>\n<td><a href=\"http:\/\/lemonsea.org\/lemonsea-project\/#students\">Lemonsea<\/a><\/td>\n<td width=\"511\">Acidification des oc\u00e9ans<\/td>\n<\/tr>\n<tr>\n<td><a href=\"http:\/\/www.astrolabe-expeditions.org\">Astrolabe<\/a><\/td>\n<td width=\"511\">Exp\u00e9ditions oc\u00e9anographiques<\/td>\n<\/tr>\n<\/tbody>\n<\/table>\n<p>Venez les soutenir !\u00a0 <strong>vendredi 20 octobre, 20h45,\u00a0 auditorium Cit\u00e9 de la Voile Eric Tabarly<\/strong><\/p>\n<p><strong><span style=\"color: #000080;\">Le prix de la Fondation de la mer\u00a0<a href=\"http:\/\/aventuriersdelamer.fr\/wp-content\/uploads\/2016\/06\/Logo-Fondation-de-la-mer-HD.jpg\"><img loading=\"lazy\" decoding=\"async\" class=\"alignright wp-image-556\" src=\"http:\/\/aventuriersdelamer.fr\/wp-content\/uploads\/2016\/06\/Logo-Fondation-de-la-mer-HD-1024x512.jpg\" alt=\"\" width=\"175\" height=\"92\" \/><\/a><\/span><\/strong><\/p>\n<p>Le projet le plus convaincant recevra la somme de<br \/> 1 500 \u20ac allou\u00e9e par notre partenaire, la <a href=\"http:\/\/www.fondationdelamer.org\/\">Fondation de la mer<\/a><\/p>\n<p><span style=\"color: #000080;\"><strong>Les membres du jury<\/strong><\/span><\/p>\n<p>Les membres du jury sont des personnalit\u00e9s qualifi\u00e9es, au nombre de 5 :<\/p>\n<ul>\n<li><strong>Sabine Roux de Bezieux<\/strong> de la Fondation de la mer<\/li>\n<li><strong>R\u00e9gis Guyon\u00a0<\/strong> d\u2019Audelor-Lorient Technopole<\/li>\n<li><strong>L\u00e9na\u00efc Lopin<\/strong>\u00a0 d\u2019Ekosea, plate-forme de financement participatif Oc\u00e9an &amp; Environnement<\/li>\n<li><strong>Christophe Baley<\/strong> de l'Institut de Recherche Dupuy de L\u00f4me<\/li>\n<li><strong>Roland Jourdain<\/strong> du Fonds Explore -Roland Jourdain<\/li>\n<\/ul>\n<\/div>\n<\/div><\/div><\/div><\/div><div id=\"pg-102-3\"  class=\"panel-grid panel-no-style\" ><div id=\"pgc-102-3-0\"  class=\"panel-grid-cell\" ><div id=\"panel-102-3-0-0\" class=\"so-panel widget widget_sow-image panel-first-child panel-last-child\" data-index=\"5\" ><div\n\t\t\t\n\t\t\tclass=\"so-widget-sow-image so-widget-sow-image-default-8b5b6f678277-102\"\n\t\t\t\n\t\t>\n<div class=\"sow-image-container\">\n\t\t<img \n\tsrc=\"https:\/\/aventuriersdelamer.fr\/wp-content\/uploads\/2016\/06\/audelor-300x106.png\" width=\"300\" height=\"106\" srcset=\"https:\/\/aventuriersdelamer.fr\/wp-content\/uploads\/2016\/06\/audelor-300x106.png 300w, https:\/\/aventuriersdelamer.fr\/wp-content\/uploads\/2016\/06\/audelor.png 322w\" sizes=\"(max-width: 300px) 100vw, 300px\" alt=\"\" \t\tclass=\"so-widget-image\"\/>\n\t<\/div>\n\n<\/div><\/div><\/div><div id=\"pgc-102-3-1\"  class=\"panel-grid-cell\" ><div id=\"panel-102-3-1-0\" class=\"so-panel widget widget_sow-image panel-first-child panel-last-child\" data-index=\"6\" ><div\n\t\t\t\n\t\t\tclass=\"so-widget-sow-image so-widget-sow-image-default-8b5b6f678277-102\"\n\t\t\t\n\t\t>\n<div class=\"sow-image-container\">\n\t\t<img \n\tsrc=\"https:\/\/aventuriersdelamer.fr\/wp-content\/uploads\/2016\/06\/IRDL-FRE-logo.png\" width=\"350\" height=\"224\" srcset=\"https:\/\/aventuriersdelamer.fr\/wp-content\/uploads\/2016\/06\/IRDL-FRE-logo.png 350w, https:\/\/aventuriersdelamer.fr\/wp-content\/uploads\/2016\/06\/IRDL-FRE-logo-300x192.png 300w\" sizes=\"(max-width: 350px) 100vw, 350px\" alt=\"\" \t\tclass=\"so-widget-image\"\/>\n\t<\/div>\n\n<\/div><\/div><\/div><div id=\"pgc-102-3-2\"  class=\"panel-grid-cell\" ><div id=\"panel-102-3-2-0\" class=\"so-panel widget widget_sow-image panel-first-child panel-last-child\" data-index=\"7\" ><div\n\t\t\t\n\t\t\tclass=\"so-widget-sow-image so-widget-sow-image-default-8b5b6f678277-102\"\n\t\t\t\n\t\t>\n<div class=\"sow-image-container\">\n\t\t<img \n\tsrc=\"https:\/\/aventuriersdelamer.fr\/wp-content\/uploads\/2016\/06\/EXPLORE.png\" width=\"304\" height=\"76\" srcset=\"https:\/\/aventuriersdelamer.fr\/wp-content\/uploads\/2016\/06\/EXPLORE.png 304w, https:\/\/aventuriersdelamer.fr\/wp-content\/uploads\/2016\/06\/EXPLORE-300x75.png 300w\" sizes=\"(max-width: 304px) 100vw, 304px\" alt=\"\" \t\tclass=\"so-widget-image\"\/>\n\t<\/div>\n\n<\/div><\/div><\/div><div id=\"pgc-102-3-3\"  class=\"panel-grid-cell\" ><div id=\"panel-102-3-3-0\" class=\"so-panel widget widget_sow-image panel-first-child panel-last-child\" data-index=\"8\" ><div\n\t\t\t\n\t\t\tclass=\"so-widget-sow-image so-widget-sow-image-default-8b5b6f678277-102\"\n\t\t\t\n\t\t>\n<div class=\"sow-image-container\">\n\t\t<img \n\tsrc=\"https:\/\/aventuriersdelamer.fr\/wp-content\/uploads\/2015\/11\/logo-016468cd537e3f07a2cbef29899739b7-copie.jpg\" width=\"338\" height=\"64\" srcset=\"https:\/\/aventuriersdelamer.fr\/wp-content\/uploads\/2015\/11\/logo-016468cd537e3f07a2cbef29899739b7-copie.jpg 338w, https:\/\/aventuriersdelamer.fr\/wp-content\/uploads\/2015\/11\/logo-016468cd537e3f07a2cbef29899739b7-copie-300x57.jpg 300w\" sizes=\"(max-width: 338px) 100vw, 338px\" title=\"ekosea, plate-forme de financement participatif\" alt=\"\" \t\tclass=\"so-widget-image\"\/>\n\t<\/div>\n\n<\/div><\/div><\/div><\/div><div id=\"pg-102-4\"  class=\"panel-grid panel-no-style\" ><div id=\"pgc-102-4-0\"  class=\"panel-grid-cell\" ><div id=\"panel-102-4-0-0\" class=\"so-panel widget widget_sow-editor panel-first-child panel-last-child\" data-index=\"9\" ><div\n\t\t\t\n\t\t\tclass=\"so-widget-sow-editor so-widget-sow-editor-base\"\n\t\t\t\n\t\t>\n<div class=\"siteorigin-widget-tinymce textwidget\">\n\t<h1><strong>Renseignements :<\/strong><\/h1>\n<\/div>\n<\/div><\/div><\/div><\/div><div id=\"pg-102-5\"  class=\"panel-grid panel-no-style\" ><div id=\"pgc-102-5-0\"  class=\"panel-grid-cell\" ><div id=\"panel-102-5-0-0\" class=\"so-panel widget widget_sow-editor panel-first-child panel-last-child\" data-index=\"10\" ><div\n\t\t\t\n\t\t\tclass=\"so-widget-sow-editor so-widget-sow-editor-base\"\n\t\t\t\n\t\t>\n<div class=\"siteorigin-widget-tinymce textwidget\">\n\t<p>Alexandre Iaschine<br \/> Charg\u00e9 de mission<br \/> <em>Fondation de la mer<\/em><br \/> <a href=\"mailto:ai@fondationdelamer.org\"> ai@fondationdelamer.org<\/a><br \/> \u00a0<\/p>\n<\/div>\n<\/div><\/div><\/div><div id=\"pgc-102-5-1\"  class=\"panel-grid-cell\" ><div id=\"panel-102-5-1-0\" class=\"so-panel widget widget_sow-editor panel-first-child panel-last-child\" data-index=\"11\" ><div\n\t\t\t\n\t\t\tclass=\"so-widget-sow-editor so-widget-sow-editor-base\"\n\t\t\t\n\t\t>\n<div class=\"siteorigin-widget-tinymce textwidget\">\n\t<p>Sonia Lassaigne<br \/>Coordination \"Les Aventuriers de la mer\"<br \/> <em>Association Le Bruit du Vent<\/em><br \/> <a href=\"http:\/\/sonia@aventuriersdelamer.fr\">sonia@aventuriersdelamer.fr<\/a><br \/> \u00a0<\/p>\n<\/div>\n<\/div><\/div><\/div><\/div><\/div>","protected":false},"excerpt":{"rendered":"<p>Astrolabe exp&eacute;ditions remporte le prix PechaKucha &#8211; Prix Fondation de la Mer Astrolabe Expeditions a pour objectif de rendre accessibles les exp&eacute;ditions scientifiques oc&eacute;aniques. &nbsp;Ces missions de recherche citoyenne, organis&eacute;es &agrave; bord de voiliers visent &agrave; am&eacute;liorer les connaissances et &hellip; <a href=\"https:\/\/aventuriersdelamer.fr\/index.php\/newsletter\/pechakucha\/\">Continuer la lecture <span class=\"meta-nav\">&rarr;<\/span><\/a><\/p>\n","protected":false},"author":1,"featured_media":801,"parent":365,"menu_order":3,"comment_status":"closed","ping_status":"closed","template":"","meta":{"footnotes":""},"class_list":["post-102","page","type-page","status-publish","has-post-thumbnail","hentry"],"yoast_head":"<!-- This site is optimized with the Yoast SEO plugin v27.3 - https:\/\/yoast.com\/product\/yoast-seo-wordpress\/ -->\n<title>PechaKucha - prix Fondation de la mer - Festival Les Aventuriers de la Mer<\/title>\n<meta name=\"description\" content=\"Le PechaKucha - prix Fondation de la mer est un tremplin pour les projets Innovations maritimes organis\u00e9 par les Aventuriers de la mer, Lorient.\" \/>\n<meta name=\"robots\" content=\"index, follow, max-snippet:-1, max-image-preview:large, max-video-preview:-1\" \/>\n<link rel=\"canonical\" href=\"https:\/\/aventuriersdelamer.fr\/index.php\/newsletter\/pechakucha\/\" \/>\n<meta property=\"og:locale\" content=\"fr_FR\" \/>\n<meta property=\"og:type\" content=\"article\" \/>\n<meta property=\"og:title\" content=\"PechaKucha - prix Fondation de la mer - Festival Les Aventuriers de la Mer\" \/>\n<meta property=\"og:description\" content=\"Le PechaKucha - prix Fondation de la mer est un tremplin pour les projets Innovations maritimes organis\u00e9 par les Aventuriers de la mer, Lorient.\" \/>\n<meta property=\"og:url\" content=\"https:\/\/aventuriersdelamer.fr\/index.php\/newsletter\/pechakucha\/\" \/>\n<meta property=\"og:site_name\" content=\"Festival Les Aventuriers de la Mer\" \/>\n<meta property=\"article:publisher\" content=\"https:\/\/www.facebook.com\/aventuriersdelamer\/\" \/>\n<meta property=\"article:modified_time\" content=\"2018-07-09T09:27:45+00:00\" \/>\n<meta property=\"og:image\" content=\"https:\/\/aventuriersdelamer.fr\/wp-content\/uploads\/2018\/02\/22712547_1927419457511273_6249922050622297453_o-1.jpg\" \/>\n\t<meta property=\"og:image:width\" content=\"2048\" \/>\n\t<meta property=\"og:image:height\" content=\"1513\" \/>\n\t<meta property=\"og:image:type\" content=\"image\/jpeg\" \/>\n<meta name=\"twitter:card\" content=\"summary_large_image\" \/>\n<meta name=\"twitter:label1\" content=\"Dur\u00e9e de lecture estim\u00e9e\" \/>\n\t<meta name=\"twitter:data1\" content=\"2 minutes\" \/>\n<script type=\"application\/ld+json\" class=\"yoast-schema-graph\">{\"@context\":\"https:\\\/\\\/schema.org\",\"@graph\":[{\"@type\":\"WebPage\",\"@id\":\"https:\\\/\\\/aventuriersdelamer.fr\\\/index.php\\\/newsletter\\\/pechakucha\\\/\",\"url\":\"https:\\\/\\\/aventuriersdelamer.fr\\\/index.php\\\/newsletter\\\/pechakucha\\\/\",\"name\":\"PechaKucha - prix Fondation de la mer - Festival Les Aventuriers de la Mer\",\"isPartOf\":{\"@id\":\"https:\\\/\\\/aventuriersdelamer.fr\\\/#website\"},\"primaryImageOfPage\":{\"@id\":\"https:\\\/\\\/aventuriersdelamer.fr\\\/index.php\\\/newsletter\\\/pechakucha\\\/#primaryimage\"},\"image\":{\"@id\":\"https:\\\/\\\/aventuriersdelamer.fr\\\/index.php\\\/newsletter\\\/pechakucha\\\/#primaryimage\"},\"thumbnailUrl\":\"https:\\\/\\\/aventuriersdelamer.fr\\\/wp-content\\\/uploads\\\/2018\\\/02\\\/22712547_1927419457511273_6249922050622297453_o-1.jpg\",\"datePublished\":\"2016-06-30T14:22:55+00:00\",\"dateModified\":\"2018-07-09T09:27:45+00:00\",\"description\":\"Le PechaKucha - prix Fondation de la mer est un tremplin pour les projets Innovations maritimes organis\u00e9 par les Aventuriers de la mer, Lorient.\",\"breadcrumb\":{\"@id\":\"https:\\\/\\\/aventuriersdelamer.fr\\\/index.php\\\/newsletter\\\/pechakucha\\\/#breadcrumb\"},\"inLanguage\":\"fr-FR\",\"potentialAction\":[{\"@type\":\"ReadAction\",\"target\":[\"https:\\\/\\\/aventuriersdelamer.fr\\\/index.php\\\/newsletter\\\/pechakucha\\\/\"]}]},{\"@type\":\"ImageObject\",\"inLanguage\":\"fr-FR\",\"@id\":\"https:\\\/\\\/aventuriersdelamer.fr\\\/index.php\\\/newsletter\\\/pechakucha\\\/#primaryimage\",\"url\":\"https:\\\/\\\/aventuriersdelamer.fr\\\/wp-content\\\/uploads\\\/2018\\\/02\\\/22712547_1927419457511273_6249922050622297453_o-1.jpg\",\"contentUrl\":\"https:\\\/\\\/aventuriersdelamer.fr\\\/wp-content\\\/uploads\\\/2018\\\/02\\\/22712547_1927419457511273_6249922050622297453_o-1.jpg\",\"width\":2048,\"height\":1513},{\"@type\":\"BreadcrumbList\",\"@id\":\"https:\\\/\\\/aventuriersdelamer.fr\\\/index.php\\\/newsletter\\\/pechakucha\\\/#breadcrumb\",\"itemListElement\":[{\"@type\":\"ListItem\",\"position\":1,\"name\":\"Accueil\",\"item\":\"https:\\\/\\\/aventuriersdelamer.fr\\\/\"},{\"@type\":\"ListItem\",\"position\":2,\"name\":\"Newsletter\",\"item\":\"https:\\\/\\\/aventuriersdelamer.fr\\\/index.php\\\/newsletter\\\/\"},{\"@type\":\"ListItem\",\"position\":3,\"name\":\"PechaKucha &#8211; prix Fondation de la mer\"}]},{\"@type\":\"WebSite\",\"@id\":\"https:\\\/\\\/aventuriersdelamer.fr\\\/#website\",\"url\":\"https:\\\/\\\/aventuriersdelamer.fr\\\/\",\"name\":\"Festival Les Aventuriers de la Mer\",\"description\":\"Explorer, innover et enchanter le monde\",\"publisher\":{\"@id\":\"https:\\\/\\\/aventuriersdelamer.fr\\\/#organization\"},\"potentialAction\":[{\"@type\":\"SearchAction\",\"target\":{\"@type\":\"EntryPoint\",\"urlTemplate\":\"https:\\\/\\\/aventuriersdelamer.fr\\\/?s={search_term_string}\"},\"query-input\":{\"@type\":\"PropertyValueSpecification\",\"valueRequired\":true,\"valueName\":\"search_term_string\"}}],\"inLanguage\":\"fr-FR\"},{\"@type\":\"Organization\",\"@id\":\"https:\\\/\\\/aventuriersdelamer.fr\\\/#organization\",\"name\":\"Le Bruit du Vent\",\"url\":\"https:\\\/\\\/aventuriersdelamer.fr\\\/\",\"logo\":{\"@type\":\"ImageObject\",\"inLanguage\":\"fr-FR\",\"@id\":\"https:\\\/\\\/aventuriersdelamer.fr\\\/#\\\/schema\\\/logo\\\/image\\\/\",\"url\":\"https:\\\/\\\/aventuriersdelamer.fr\\\/wp-content\\\/uploads\\\/2016\\\/01\\\/4ECA575F-1CCB-41C9-AAC8-93902736151E.jpeg\",\"contentUrl\":\"https:\\\/\\\/aventuriersdelamer.fr\\\/wp-content\\\/uploads\\\/2016\\\/01\\\/4ECA575F-1CCB-41C9-AAC8-93902736151E.jpeg\",\"width\":222,\"height\":198,\"caption\":\"Le Bruit du Vent\"},\"image\":{\"@id\":\"https:\\\/\\\/aventuriersdelamer.fr\\\/#\\\/schema\\\/logo\\\/image\\\/\"},\"sameAs\":[\"https:\\\/\\\/www.facebook.com\\\/aventuriersdelamer\\\/\"]}]}<\/script>\n<!-- \/ Yoast SEO plugin. -->","yoast_head_json":{"title":"PechaKucha - prix Fondation de la mer - Festival Les Aventuriers de la Mer","description":"Le PechaKucha - prix Fondation de la mer est un tremplin pour les projets Innovations maritimes organis\u00e9 par les Aventuriers de la mer, Lorient.","robots":{"index":"index","follow":"follow","max-snippet":"max-snippet:-1","max-image-preview":"max-image-preview:large","max-video-preview":"max-video-preview:-1"},"canonical":"https:\/\/aventuriersdelamer.fr\/index.php\/newsletter\/pechakucha\/","og_locale":"fr_FR","og_type":"article","og_title":"PechaKucha - prix Fondation de la mer - Festival Les Aventuriers de la Mer","og_description":"Le PechaKucha - prix Fondation de la mer est un tremplin pour les projets Innovations maritimes organis\u00e9 par les Aventuriers de la mer, Lorient.","og_url":"https:\/\/aventuriersdelamer.fr\/index.php\/newsletter\/pechakucha\/","og_site_name":"Festival Les Aventuriers de la Mer","article_publisher":"https:\/\/www.facebook.com\/aventuriersdelamer\/","article_modified_time":"2018-07-09T09:27:45+00:00","og_image":[{"width":2048,"height":1513,"url":"https:\/\/aventuriersdelamer.fr\/wp-content\/uploads\/2018\/02\/22712547_1927419457511273_6249922050622297453_o-1.jpg","type":"image\/jpeg"}],"twitter_card":"summary_large_image","twitter_misc":{"Dur\u00e9e de lecture estim\u00e9e":"2 minutes"},"schema":{"@context":"https:\/\/schema.org","@graph":[{"@type":"WebPage","@id":"https:\/\/aventuriersdelamer.fr\/index.php\/newsletter\/pechakucha\/","url":"https:\/\/aventuriersdelamer.fr\/index.php\/newsletter\/pechakucha\/","name":"PechaKucha - prix Fondation de la mer - Festival Les Aventuriers de la Mer","isPartOf":{"@id":"https:\/\/aventuriersdelamer.fr\/#website"},"primaryImageOfPage":{"@id":"https:\/\/aventuriersdelamer.fr\/index.php\/newsletter\/pechakucha\/#primaryimage"},"image":{"@id":"https:\/\/aventuriersdelamer.fr\/index.php\/newsletter\/pechakucha\/#primaryimage"},"thumbnailUrl":"https:\/\/aventuriersdelamer.fr\/wp-content\/uploads\/2018\/02\/22712547_1927419457511273_6249922050622297453_o-1.jpg","datePublished":"2016-06-30T14:22:55+00:00","dateModified":"2018-07-09T09:27:45+00:00","description":"Le PechaKucha - prix Fondation de la mer est un tremplin pour les projets Innovations maritimes organis\u00e9 par les Aventuriers de la mer, Lorient.","breadcrumb":{"@id":"https:\/\/aventuriersdelamer.fr\/index.php\/newsletter\/pechakucha\/#breadcrumb"},"inLanguage":"fr-FR","potentialAction":[{"@type":"ReadAction","target":["https:\/\/aventuriersdelamer.fr\/index.php\/newsletter\/pechakucha\/"]}]},{"@type":"ImageObject","inLanguage":"fr-FR","@id":"https:\/\/aventuriersdelamer.fr\/index.php\/newsletter\/pechakucha\/#primaryimage","url":"https:\/\/aventuriersdelamer.fr\/wp-content\/uploads\/2018\/02\/22712547_1927419457511273_6249922050622297453_o-1.jpg","contentUrl":"https:\/\/aventuriersdelamer.fr\/wp-content\/uploads\/2018\/02\/22712547_1927419457511273_6249922050622297453_o-1.jpg","width":2048,"height":1513},{"@type":"BreadcrumbList","@id":"https:\/\/aventuriersdelamer.fr\/index.php\/newsletter\/pechakucha\/#breadcrumb","itemListElement":[{"@type":"ListItem","position":1,"name":"Accueil","item":"https:\/\/aventuriersdelamer.fr\/"},{"@type":"ListItem","position":2,"name":"Newsletter","item":"https:\/\/aventuriersdelamer.fr\/index.php\/newsletter\/"},{"@type":"ListItem","position":3,"name":"PechaKucha &#8211; prix Fondation de la mer"}]},{"@type":"WebSite","@id":"https:\/\/aventuriersdelamer.fr\/#website","url":"https:\/\/aventuriersdelamer.fr\/","name":"Festival Les Aventuriers de la Mer","description":"Explorer, innover et enchanter le monde","publisher":{"@id":"https:\/\/aventuriersdelamer.fr\/#organization"},"potentialAction":[{"@type":"SearchAction","target":{"@type":"EntryPoint","urlTemplate":"https:\/\/aventuriersdelamer.fr\/?s={search_term_string}"},"query-input":{"@type":"PropertyValueSpecification","valueRequired":true,"valueName":"search_term_string"}}],"inLanguage":"fr-FR"},{"@type":"Organization","@id":"https:\/\/aventuriersdelamer.fr\/#organization","name":"Le Bruit du Vent","url":"https:\/\/aventuriersdelamer.fr\/","logo":{"@type":"ImageObject","inLanguage":"fr-FR","@id":"https:\/\/aventuriersdelamer.fr\/#\/schema\/logo\/image\/","url":"https:\/\/aventuriersdelamer.fr\/wp-content\/uploads\/2016\/01\/4ECA575F-1CCB-41C9-AAC8-93902736151E.jpeg","contentUrl":"https:\/\/aventuriersdelamer.fr\/wp-content\/uploads\/2016\/01\/4ECA575F-1CCB-41C9-AAC8-93902736151E.jpeg","width":222,"height":198,"caption":"Le Bruit du Vent"},"image":{"@id":"https:\/\/aventuriersdelamer.fr\/#\/schema\/logo\/image\/"},"sameAs":["https:\/\/www.facebook.com\/aventuriersdelamer\/"]}]}},"_links":{"self":[{"href":"https:\/\/aventuriersdelamer.fr\/index.php\/wp-json\/wp\/v2\/pages\/102","targetHints":{"allow":["GET"]}}],"collection":[{"href":"https:\/\/aventuriersdelamer.fr\/index.php\/wp-json\/wp\/v2\/pages"}],"about":[{"href":"https:\/\/aventuriersdelamer.fr\/index.php\/wp-json\/wp\/v2\/types\/page"}],"author":[{"embeddable":true,"href":"https:\/\/aventuriersdelamer.fr\/index.php\/wp-json\/wp\/v2\/users\/1"}],"replies":[{"embeddable":true,"href":"https:\/\/aventuriersdelamer.fr\/index.php\/wp-json\/wp\/v2\/comments?post=102"}],"version-history":[{"count":47,"href":"https:\/\/aventuriersdelamer.fr\/index.php\/wp-json\/wp\/v2\/pages\/102\/revisions"}],"predecessor-version":[{"id":1045,"href":"https:\/\/aventuriersdelamer.fr\/index.php\/wp-json\/wp\/v2\/pages\/102\/revisions\/1045"}],"up":[{"embeddable":true,"href":"https:\/\/aventuriersdelamer.fr\/index.php\/wp-json\/wp\/v2\/pages\/365"}],"wp:featuredmedia":[{"embeddable":true,"href":"https:\/\/aventuriersdelamer.fr\/index.php\/wp-json\/wp\/v2\/media\/801"}],"wp:attachment":[{"href":"https:\/\/aventuriersdelamer.fr\/index.php\/wp-json\/wp\/v2\/media?parent=102"}],"curies":[{"name":"wp","href":"https:\/\/api.w.org\/{rel}","templated":true}]}}